{"id":2764,"date":"2021-02-07T10:07:21","date_gmt":"2021-02-07T09:07:21","guid":{"rendered":"https:\/\/geschenke.blogseite.com\/?post_type=product&#038;p=2764"},"modified":"2022-04-03T16:55:23","modified_gmt":"2022-04-03T14:55:23","slug":"j-endear-unendlichkeitszeichen-mit-zirkon-fuer-damen","status":"publish","type":"product","link":"https:\/\/www.blogseite.com\/geschenke\/s\/j-endear-unendlichkeitszeichen-mit-zirkon-fuer-damen\/","title":{"rendered":"J.End\u00e9ar Unendlichkeitszeichen mit Zirkon f\u00fcr Damen"},"content":{"rendered":"<ul class=\"a-unordered-list a-vertical a-spacing-mini\">\n<li><span class=\"a-list-item\"> \u2764 Material: Die Unendlichkeit und die Perlen am Schwanz bestehen aus 925er Sterlingsilber und sind sicher f\u00fcr empfindliche Haut. Der auf dem Unendlichkeitssymbol eingelegte Zirkon leuchtet (besser in der Sonne). Das Armband ist handgewebt mit Kordeln und angenehm zu tragen. <\/span><\/li>\n<li><span class=\"a-list-item\"> \u2764 Design: Das unendliche Symbol steht f\u00fcr unendliche Liebe oder Freundschaft. Liebe ist ewig und hat kein Ende. Das Unendlichkeitssymbol ist auch ein Mobius-Ring, der unendliche M\u00f6glichkeiten symbolisiert. <\/span><\/li>\n<li><span class=\"a-list-item\"> \u2764 Personalisiertes Geschenk: Dieses unendliche Armband ist ein gro\u00dfes Geschenk f\u00fcr Ihren Geliebten, Freunde, Familie oder sich selbst. Ob im t\u00e4glichen Leben oder bei Aktivit\u00e4ten im Freien, dieses Armband passt gut zu allen Arten von Kleidung. Du bist das Besondere. <\/span><\/li>\n<li><span class=\"a-list-item\"> \u2764 Gr\u00f6\u00dfe: Umfang: mindestens ca. 16 cm, maximal ca. 24 cm. Schiebedesign k\u00f6nnen Sie nach Belieben an die Gr\u00f6\u00dfe anpassen, die zu Ihnen passt. <\/span><\/li>\n<li><span class=\"a-list-item\"> \u2764 Service: Ob vor oder nach dem Kauf, wenn Sie Fragen haben, k\u00f6nnen Sie sich gerne an uns wenden. Wenn Sie logistische Probleme haben, wenden Sie sich zur schnellen L\u00f6sung an den Amazon-Kundendienst. Sie k\u00f6nnen gerne Fragen stellen oder Bewertungen auf der Seite hinterlassen, was uns ermutigt, weiterhin bessere Produkte und Dienstleistungen anzubieten. <\/span><\/li>\n<\/ul>\n","protected":false},"excerpt":{"rendered":"<p>\u2764 Material: Die Unendlichkeit und die Perlen am Schwanz bestehen aus 925er Sterlingsilber und sind sicher f\u00fcr empfindliche Haut. Der auf dem Unendlichkeitssymbol eingelegte Zirkon leuchtet (besser in der Sonne). Das Armband ist handgewebt mit Kordeln und angenehm zu tragen. \u2764 Design: Das unendliche Symbol steht f\u00fcr unendliche Liebe oder Freundschaft. Liebe ist ewig und [&hellip;]<\/p>\n","protected":false},"featured_media":2765,"comment_status":"open","ping_status":"closed","template":"","meta":[],"product_cat":[78,103,116,63,53,45,108,73,280,55,426,430,431,301,70,295,294,296,298],"product_tag":[444,443,303,113,449,448],"class_list":{"0":"post-2764","1":"product","2":"type-product","3":"status-publish","4":"has-post-thumbnail","6":"product_cat-weihnachtsgeschenke","7":"product_cat-studenten","8":"product_cat-frauen","9":"product_cat-mutter","10":"product_cat-muttertag","11":"product_cat-freundin","12":"product_cat-maenner","13":"product_cat-beste-freundin","14":"product_cat-geburtstagsgeschenke","15":"product_cat-valentinstag","16":"product_cat-nach-preis","17":"product_cat-unter-20-euro","18":"product_cat-unter-50-euro","19":"product_cat-eltern","20":"product_cat-geschenke-fuer-jeden-anlass","21":"product_cat--tochter","22":"product_cat--schwester","23":"product_cat--schwiegermutter","24":"product_cat--ehefrau","25":"product_tag-edel","26":"product_tag-frauen-armband","27":"product_tag-geburtstagsgeschenke","28":"product_tag-geschenk-fuer-frauen","29":"product_tag-infinity","30":"product_tag-unendlichkeit","32":"first","33":"instock","34":"shipping-taxable","35":"product-type-external"},"_links":{"self":[{"href":"https:\/\/www.blogseite.com\/geschenke\/wp-json\/wp\/v2\/product\/2764"}],"collection":[{"href":"https:\/\/www.blogseite.com\/geschenke\/wp-json\/wp\/v2\/product"}],"about":[{"href":"https:\/\/www.blogseite.com\/geschenke\/wp-json\/wp\/v2\/types\/product"}],"replies":[{"embeddable":true,"href":"https:\/\/www.blogseite.com\/geschenke\/wp-json\/wp\/v2\/comments?post=2764"}],"wp:featuredmedia":[{"embeddable":true,"href":"https:\/\/www.blogseite.com\/geschenke\/wp-json\/wp\/v2\/media\/2765"}],"wp:attachment":[{"href":"https:\/\/www.blogseite.com\/geschenke\/wp-json\/wp\/v2\/media?parent=2764"}],"wp:term":[{"taxonomy":"product_cat","embeddable":true,"href":"https:\/\/www.blogseite.com\/geschenke\/wp-json\/wp\/v2\/product_cat?post=2764"},{"taxonomy":"product_tag","embeddable":true,"href":"https:\/\/www.blogseite.com\/geschenke\/wp-json\/wp\/v2\/product_tag?post=2764"}],"curies":[{"name":"wp","href":"https:\/\/api.w.org\/{rel}","templated":true}]}}