{"id":2743,"date":"2021-02-06T17:52:39","date_gmt":"2021-02-06T16:52:39","guid":{"rendered":"https:\/\/geschenke.blogseite.com\/?post_type=product&#038;p=2743"},"modified":"2022-04-03T16:55:43","modified_gmt":"2022-04-03T14:55:43","slug":"billie-bijoux-infinity-unendlichkeit-symbol-damen-armband-silber","status":"publish","type":"product","link":"https:\/\/www.blogseite.com\/geschenke\/s\/billie-bijoux-infinity-unendlichkeit-symbol-damen-armband-silber\/","title":{"rendered":"Billie Bijoux Infinity Unendlichkeit Symbol Damen Armband"},"content":{"rendered":"<ul class=\"a-unordered-list a-vertical a-spacing-mini\">\n<li><span class=\"a-list-item\"> \ud83d\udc95 DESIGN IDEA \ud83d\udc95 Silber Unendlichkeit Armband stellt die nie endende Liebe. Die Bedeutung hinter einem Unendlichkeitsarmband ist eigentlich ganz sch\u00f6n &#8211; es symbolisiert Ewigkeit, Erm\u00e4chtigung und ewige Liebe. Infinity ist f\u00fcr immer, deine Liebe wird in Unendlichkeit dauern. Nur Liebe kann endlos geteilt werden und noch nicht abnehmen. Das Unendlichkeits-Symbol &#8211; Niemals die Liebe &amp; Freundschaft, ich liebe dich, &#8220;Immer und f\u00fcr immer&#8221; Endlose Liebe! <\/span><\/li>\n<li><span class=\"a-list-item\"> \ud83d\udc95 Materialien und Spezifikation \ud83d\udc95 Mit einem 925 Sterling-Silber-Karabinerverschluss gefesselt, wird dieses verstellbare Armband von einem wundersch\u00f6nen Unendlichkeitssymbol unterbrochen, das mit glitzernden wei\u00dfen Zirkonia verziert ist, um es wirklich auff\u00e4llig zu machen. Exquisite polnische Techniken und jedes Element, das wir erstellen, ist ein einzigartiges einmaliges Design, das niemals reproduziert werden soll. Verl\u00e4ngerungs-Design, um verschiedene Handgelenkgr\u00f6\u00dfen zu passen.&#8221; <\/span><\/li>\n<li><span class=\"a-list-item\"> \ud83d\udc95 Ideales Geschenk Wahl \ud83d\udc95 Das Armband kommt in eine h\u00fcbsche wei\u00dfe Geschenkbox. Perfekt wie eine einfache romantische Geste, passt f\u00fcr alle Altersgruppen. Ein perfektes Geschenk f\u00fcr Ihren Liebhaber, Frau, Freundin, Tochter, Enkelin oder Freunde. Valentinstag, Weihnachten &#8216;Tag, Muttertag, Urlaub, Party, Jubil\u00e4um, Abschlussball, Abschluss,Geburtstag. Wenn du jemanden hast, mit dem du tief verbunden bist, kannst du ihr das Unendlichkeitsarmband geben. &#8220;Meine Liebe f\u00fcr dich hat kein Ende.&#8221; <\/span><\/li>\n<li><span class=\"a-list-item\"> \ud83d\udc95 Pflege f\u00fcr silberne Schmucksachen \ud83d\udc95 Sorgfalt sollte genommen werden, um zu vermeiden, Ihr Silber zu den Haushaltchemikalien zu vermeiden, wenn Sie mit Bleichmittel oder Ammoniak oder beim Schwimmen in chloriertem Wasser, da diese Chemikalien Silber sch\u00e4digen k\u00f6nnen. <\/span><\/li>\n<li><span class=\"a-list-item\"> \ud83d\udc95 Perfekter Kundendienst \ud83d\udc95 BILLIE BIJOUX ist verpflichtet, den besten Schmuck und den besten Service f\u00fcr unsere Kunden zur Verf\u00fcgung zu stellen. Ihr Feedback ist unsere Motivation zu verbessern. Wir freuen uns auf Ihre Bewertung. 1-Jahr-Produktgarantie, wenn aus irgendeinem Grund Sie nicht vollst\u00e4ndig in 180 Tagen zufrieden sind, lassen Sie uns wissen, k\u00f6nnen Sie eine schnelle, sofortige R\u00fcckerstattung erhalten. Wir sind nicht gl\u00fccklich, bis du gl\u00fccklich bist F\u00fcgen. <\/span><\/li>\n<\/ul>\n","protected":false},"excerpt":{"rendered":"<p>\ud83d\udc95 DESIGN IDEA \ud83d\udc95 Silber Unendlichkeit Armband stellt die nie endende Liebe. Die Bedeutung hinter einem Unendlichkeitsarmband ist eigentlich ganz sch\u00f6n &#8211; es symbolisiert Ewigkeit, Erm\u00e4chtigung und ewige Liebe. Infinity ist f\u00fcr immer, deine Liebe wird in Unendlichkeit dauern. Nur Liebe kann endlos geteilt werden und noch nicht abnehmen. Das Unendlichkeits-Symbol &#8211; Niemals die Liebe [&hellip;]<\/p>\n","protected":false},"featured_media":2744,"comment_status":"open","ping_status":"closed","template":"","meta":[],"product_cat":[78,103,116,63,53,45,108,73,280,55,426,430,431,301,70,295,294,296,298],"product_tag":[444,443,303,113,449,448],"class_list":{"0":"post-2743","1":"product","2":"type-product","3":"status-publish","4":"has-post-thumbnail","6":"product_cat-weihnachtsgeschenke","7":"product_cat-studenten","8":"product_cat-frauen","9":"product_cat-mutter","10":"product_cat-muttertag","11":"product_cat-freundin","12":"product_cat-maenner","13":"product_cat-beste-freundin","14":"product_cat-geburtstagsgeschenke","15":"product_cat-valentinstag","16":"product_cat-nach-preis","17":"product_cat-unter-20-euro","18":"product_cat-unter-50-euro","19":"product_cat-eltern","20":"product_cat-geschenke-fuer-jeden-anlass","21":"product_cat--tochter","22":"product_cat--schwester","23":"product_cat--schwiegermutter","24":"product_cat--ehefrau","25":"product_tag-edel","26":"product_tag-frauen-armband","27":"product_tag-geburtstagsgeschenke","28":"product_tag-geschenk-fuer-frauen","29":"product_tag-infinity","30":"product_tag-unendlichkeit","32":"first","33":"instock","34":"shipping-taxable","35":"product-type-external"},"_links":{"self":[{"href":"https:\/\/www.blogseite.com\/geschenke\/wp-json\/wp\/v2\/product\/2743"}],"collection":[{"href":"https:\/\/www.blogseite.com\/geschenke\/wp-json\/wp\/v2\/product"}],"about":[{"href":"https:\/\/www.blogseite.com\/geschenke\/wp-json\/wp\/v2\/types\/product"}],"replies":[{"embeddable":true,"href":"https:\/\/www.blogseite.com\/geschenke\/wp-json\/wp\/v2\/comments?post=2743"}],"wp:featuredmedia":[{"embeddable":true,"href":"https:\/\/www.blogseite.com\/geschenke\/wp-json\/wp\/v2\/media\/2744"}],"wp:attachment":[{"href":"https:\/\/www.blogseite.com\/geschenke\/wp-json\/wp\/v2\/media?parent=2743"}],"wp:term":[{"taxonomy":"product_cat","embeddable":true,"href":"https:\/\/www.blogseite.com\/geschenke\/wp-json\/wp\/v2\/product_cat?post=2743"},{"taxonomy":"product_tag","embeddable":true,"href":"https:\/\/www.blogseite.com\/geschenke\/wp-json\/wp\/v2\/product_tag?post=2743"}],"curies":[{"name":"wp","href":"https:\/\/api.w.org\/{rel}","templated":true}]}}