{"id":2679,"date":"2021-02-05T12:51:31","date_gmt":"2021-02-05T11:51:31","guid":{"rendered":"https:\/\/geschenke.blogseite.com\/?post_type=product&#038;p=2679"},"modified":"2022-04-03T17:02:10","modified_gmt":"2022-04-03T15:02:10","slug":"chic-bijoux-tropfen-ohrringe-fuer-frauen-allergiefrei","status":"publish","type":"product","link":"https:\/\/www.blogseite.com\/geschenke\/s\/chic-bijoux-tropfen-ohrringe-fuer-frauen-allergiefrei\/","title":{"rendered":"Chic Bijoux Tropfen Ohrringe f\u00fcr Frauen Allergiefrei"},"content":{"rendered":"<ul class=\"a-unordered-list a-vertical a-spacing-mini\">\n<li><span class=\"a-list-item\"> \u2714\ufe0f DESIGN: Jedes Paar Tropfen Ohrringe wird in \u2726TRANSYLVANIA liebevoll aus einer Kombination von Sterling Silber und authentischen Swarovski-Kristallen hergestellt. Die funkelnden Amethyst\/Violett Dreiecksteine symbolisieren Harmonie und schimmern mit Brillanz, egal, wie man sie betrachtet. <\/span><\/li>\n<li><span class=\"a-list-item\"> \u2714\ufe0f KRISTALLEN von SWAROVSKI: Aus funkelnden Starlight Kristallen aus \u00d6sterreich fertigen wir au\u00dfergew\u00f6hnlich sch\u00f6nen Schmuck von h\u00f6chster Qualit\u00e4t. Wir verwenden ausschlie\u00dflich die \u2726FEINSTE SWAROVSKI KRISTALLSTEINE, damit Sie ihre ber\u00fchmten vibrierenden Farben selbst erleben k\u00f6nnen. Gr\u00f6\u00dfe der Ohrringe: 26 x 12mm (1.00 x 0.47 in). <\/span><\/li>\n<li><span class=\"a-list-item\"> \u2714\ufe0f 925ER STERLING SILBER TROPFEN OHRH\u00c4NGER: Die Ohrringe sind aus Sterlingsilber gefertigt und mit dem 925 Stempel gekennzeichnet. \u2726HYPOALLERGENISCH und Nickelfrei, d.h. die Ohrringe sind \u2726GEEIGNET F\u00dcR EMPFINDLICHE OHREN. Sie sind bequem zu tragen und verursachen keine Hautirritationen. <\/span><\/li>\n<li><span class=\"a-list-item\"> \u2714\ufe0f PERFEKTES GESCHENK: Unsere umwerfenden Ohrringe werden mit einer \u2726HOCHWERTIGEN SCHMUCKSCHATULLE geliefert, was sie zu einem \u2726Fantastischen Geschenk f\u00fcr Frauen und Damen macht. G\u00f6nnen Sie jemandem etwas Besonderes zu Weihnachten, zum Valentinstag, zum Geburtstag &#8211; oder g\u00f6nnen Sie sich einfach selbst etwas. Durch die praktische Leverback Einstellung lassen sie sich auch leicht anlegen. <\/span><\/li>\n<li><span class=\"a-list-item\"> \u2714\ufe0f 100% ZUFRIEDENHEITSGARANTIE: Unsere Vitrail Light Kristall Tropfen Ohrringe werden durch eine 1-Jahres Garantie und eine 60-Tage Geld zur\u00fcck Garantie von uns, Chic Bijoux, unterst\u00fctzt. Bitte z\u00f6gern Sie nicht, uns zu kontaktieren, wenn Sie irgendwelche Bedenken bez\u00fcglich dieser Silberohrringe haben. Wir antworten Ihnen in weniger als 24 Stunden und sorgen daf\u00fcr, dass Sie jedes Mal ein angenehmes Einkaufserlebnis genie\u00dfen k\u00f6nnen. <\/span><\/li>\n<\/ul>\n","protected":false},"excerpt":{"rendered":"<p>\u2714\ufe0f DESIGN: Jedes Paar Tropfen Ohrringe wird in \u2726TRANSYLVANIA liebevoll aus einer Kombination von Sterling Silber und authentischen Swarovski-Kristallen hergestellt. Die funkelnden Amethyst\/Violett Dreiecksteine symbolisieren Harmonie und schimmern mit Brillanz, egal, wie man sie betrachtet. \u2714\ufe0f KRISTALLEN von SWAROVSKI: Aus funkelnden Starlight Kristallen aus \u00d6sterreich fertigen wir au\u00dfergew\u00f6hnlich sch\u00f6nen Schmuck von h\u00f6chster Qualit\u00e4t. Wir verwenden [&hellip;]<\/p>\n","protected":false},"featured_media":2680,"comment_status":"open","ping_status":"closed","template":"","meta":[],"product_cat":[78,116,63,53,56,45,73,52,280,55,426,431,301,70,295,294,296,298],"product_tag":[442,324,92],"class_list":{"0":"post-2679","1":"product","2":"type-product","3":"status-publish","4":"has-post-thumbnail","6":"product_cat-weihnachtsgeschenke","7":"product_cat-frauen","8":"product_cat-mutter","9":"product_cat-muttertag","10":"product_cat-hochzeit","11":"product_cat-freundin","12":"product_cat-beste-freundin","13":"product_cat-hochzeitsgeschenke","14":"product_cat-geburtstagsgeschenke","15":"product_cat-valentinstag","16":"product_cat-nach-preis","17":"product_cat-unter-50-euro","18":"product_cat-eltern","19":"product_cat-geschenke-fuer-jeden-anlass","20":"product_cat--tochter","21":"product_cat--schwester","22":"product_cat--schwiegermutter","23":"product_cat--ehefrau","24":"product_tag-frauen-ohrringe","25":"product_tag-geschenk-fuer-ehefrau","26":"product_tag-geschenk-fuer-freundin","28":"first","29":"instock","30":"shipping-taxable","31":"product-type-external"},"_links":{"self":[{"href":"https:\/\/www.blogseite.com\/geschenke\/wp-json\/wp\/v2\/product\/2679"}],"collection":[{"href":"https:\/\/www.blogseite.com\/geschenke\/wp-json\/wp\/v2\/product"}],"about":[{"href":"https:\/\/www.blogseite.com\/geschenke\/wp-json\/wp\/v2\/types\/product"}],"replies":[{"embeddable":true,"href":"https:\/\/www.blogseite.com\/geschenke\/wp-json\/wp\/v2\/comments?post=2679"}],"wp:featuredmedia":[{"embeddable":true,"href":"https:\/\/www.blogseite.com\/geschenke\/wp-json\/wp\/v2\/media\/2680"}],"wp:attachment":[{"href":"https:\/\/www.blogseite.com\/geschenke\/wp-json\/wp\/v2\/media?parent=2679"}],"wp:term":[{"taxonomy":"product_cat","embeddable":true,"href":"https:\/\/www.blogseite.com\/geschenke\/wp-json\/wp\/v2\/product_cat?post=2679"},{"taxonomy":"product_tag","embeddable":true,"href":"https:\/\/www.blogseite.com\/geschenke\/wp-json\/wp\/v2\/product_tag?post=2679"}],"curies":[{"name":"wp","href":"https:\/\/api.w.org\/{rel}","templated":true}]}}