{"id":2677,"date":"2021-02-05T12:46:25","date_gmt":"2021-02-05T11:46:25","guid":{"rendered":"https:\/\/geschenke.blogseite.com\/?post_type=product&#038;p=2677"},"modified":"2022-04-03T17:02:26","modified_gmt":"2022-04-03T15:02:26","slug":"schoener-sd-ohrringe-mit-swarovski-kristall-925-silber-%f0%9f%98%9a","status":"publish","type":"product","link":"https:\/\/www.blogseite.com\/geschenke\/s\/schoener-sd-ohrringe-mit-swarovski-kristall-925-silber-%f0%9f%98%9a\/","title":{"rendered":"Sch\u00f6ner-SD Ohrringe mit Swarovski Kristall 925 Silber \ud83d\ude1a"},"content":{"rendered":"<ul class=\"a-unordered-list a-vertical a-spacing-mini\">\n<li><span class=\"a-list-item\"> Silber Ohrringe f\u00fcr Damen mit Swarovski Kristall in Tropfenform in Crystal Aurora Boreale. In dieser Farbe funkelt der Schmuck in allen Farben des Regenbogens. Die spezielle Beschichtung auf der R\u00fcckseite der Kristallsteine sorgt f\u00fcr die wundersch\u00f6nen Farb- und Lichteffekte. <\/span><\/li>\n<li><span class=\"a-list-item\"> Klassische Ohrh\u00e4nger in sch\u00f6nen kr\u00e4ftigen Farben und funkelnden Farbeffekten. Durch die eher kleinen 16mm Tropfen Kristalle und Klapphaken ist dieser Ohrschmuck sowohl f\u00fcr Damen als auch f\u00fcr gr\u00f6\u00dfere M\u00e4dchen geeignet. (Ohrringe mit tropfenf\u00f6rmigen Kristallen 22mm gro\u00df finden Sie in unserem Amazon-Angebot.) <\/span><\/li>\n<li><span class=\"a-list-item\"> Hochwertige Materialien wie nickelfreies 925 Silber und die Kristalle von Swarovski sorgen f\u00fcr gute Vertr\u00e4glichkeit und angenehmen Tragekomfort. <\/span><\/li>\n<li><span class=\"a-list-item\"> H\u00e4ngeohrringe mit stabilen echt Silber B\u00fcgelbrisuren (Klapphaken) aus deutscher Herstellung. Die Klappb\u00fcgel verhindern das versehentliche Herausrutschen der H\u00e4nger. Alle silbernen Elemente sind rhodiniert. Die Beschichtung mit dem Edelmetall Rhodium verhindert das Anlaufen des Silbers. So beh\u00e4lt es lange seinen sch\u00f6nen Glanz. <\/span><\/li>\n<li><span class=\"a-list-item\"> Die Silberohrh\u00e4nger werden in Deutschland gefertigt und versendet. Lieferumfang: 1 Paar Ohrringe in Crystal AB, wahlweise mit Schmucketui oder ohne. <\/span><\/li>\n<\/ul>\n","protected":false},"excerpt":{"rendered":"<p>Silber Ohrringe f\u00fcr Damen mit Swarovski Kristall in Tropfenform in Crystal Aurora Boreale. In dieser Farbe funkelt der Schmuck in allen Farben des Regenbogens. Die spezielle Beschichtung auf der R\u00fcckseite der Kristallsteine sorgt f\u00fcr die wundersch\u00f6nen Farb- und Lichteffekte. Klassische Ohrh\u00e4nger in sch\u00f6nen kr\u00e4ftigen Farben und funkelnden Farbeffekten. Durch die eher kleinen 16mm Tropfen Kristalle [&hellip;]<\/p>\n","protected":false},"featured_media":2678,"comment_status":"open","ping_status":"closed","template":"","meta":[],"product_cat":[78,116,63,53,56,45,73,52,280,55,426,431,301,70,295,294,296,298],"product_tag":[442,324,92],"class_list":{"0":"post-2677","1":"product","2":"type-product","3":"status-publish","4":"has-post-thumbnail","6":"product_cat-weihnachtsgeschenke","7":"product_cat-frauen","8":"product_cat-mutter","9":"product_cat-muttertag","10":"product_cat-hochzeit","11":"product_cat-freundin","12":"product_cat-beste-freundin","13":"product_cat-hochzeitsgeschenke","14":"product_cat-geburtstagsgeschenke","15":"product_cat-valentinstag","16":"product_cat-nach-preis","17":"product_cat-unter-50-euro","18":"product_cat-eltern","19":"product_cat-geschenke-fuer-jeden-anlass","20":"product_cat--tochter","21":"product_cat--schwester","22":"product_cat--schwiegermutter","23":"product_cat--ehefrau","24":"product_tag-frauen-ohrringe","25":"product_tag-geschenk-fuer-ehefrau","26":"product_tag-geschenk-fuer-freundin","28":"first","29":"instock","30":"shipping-taxable","31":"product-type-external"},"_links":{"self":[{"href":"https:\/\/www.blogseite.com\/geschenke\/wp-json\/wp\/v2\/product\/2677"}],"collection":[{"href":"https:\/\/www.blogseite.com\/geschenke\/wp-json\/wp\/v2\/product"}],"about":[{"href":"https:\/\/www.blogseite.com\/geschenke\/wp-json\/wp\/v2\/types\/product"}],"replies":[{"embeddable":true,"href":"https:\/\/www.blogseite.com\/geschenke\/wp-json\/wp\/v2\/comments?post=2677"}],"wp:featuredmedia":[{"embeddable":true,"href":"https:\/\/www.blogseite.com\/geschenke\/wp-json\/wp\/v2\/media\/2678"}],"wp:attachment":[{"href":"https:\/\/www.blogseite.com\/geschenke\/wp-json\/wp\/v2\/media?parent=2677"}],"wp:term":[{"taxonomy":"product_cat","embeddable":true,"href":"https:\/\/www.blogseite.com\/geschenke\/wp-json\/wp\/v2\/product_cat?post=2677"},{"taxonomy":"product_tag","embeddable":true,"href":"https:\/\/www.blogseite.com\/geschenke\/wp-json\/wp\/v2\/product_tag?post=2677"}],"curies":[{"name":"wp","href":"https:\/\/api.w.org\/{rel}","templated":true}]}}