{"id":2644,"date":"2021-01-28T17:47:52","date_gmt":"2021-01-28T16:47:52","guid":{"rendered":"https:\/\/geschenke.blogseite.com\/?post_type=product&#038;p=2644"},"modified":"2022-04-03T17:06:53","modified_gmt":"2022-04-03T15:06:53","slug":"flaschenoeffner-pistole-original-maenner-bieroeffner","status":"publish","type":"product","link":"https:\/\/www.blogseite.com\/geschenke\/s\/flaschenoeffner-pistole-original-maenner-bieroeffner\/","title":{"rendered":"Flaschen\u00f6ffner Pistole Original M\u00e4nner Bier\u00f6ffner"},"content":{"rendered":"<ul class=\"a-unordered-list a-vertical a-spacing-mini\">\n<li><span class=\"a-list-item\"> \ud83d\udc96[Bierflaschen\u00f6ffner] Pistole-f\u00f6rmiger Flaschen\u00f6ffner, sch\u00f6nes Aussehen, langlebiges Gut, beeindruckt Ihre Freunde und Zuschauer; Sie k\u00f6nnen die Flasche mit minimaler Kraft \u00f6ffnen, sehr bequem <\/span><\/li>\n<li><span class=\"a-list-item\"> \ud83d\udc96[Cap Gun Launcher] Sie k\u00f6nnen es als einen Cap Launcher betrachten, ein einzigartiges Design, das die Kappe festh\u00e4lt und dann sicher aufspringt und die Kappe mehr als 2 Meter abschie\u00dfen kann <\/span><\/li>\n<li><span class=\"a-list-item\"> \ud83d\udc96[Gutes Party-Accessoire] Der Bier\u00f6ffner kann als neues Trinkspiel angesehen werden, das eine Atmosph\u00e4re schafft, die Ihre G\u00e4ste beeindruckt. \u00d6ffnen Sie die Kappe, zielen Sie dann auf das Ziel, schie\u00dfen Sie die Kappe genau ab, setzen Sie sich und genie\u00dfen Sie Ihre Delikatesse. Wenn Sie diesen Flaschen\u00f6ffner verwenden, werden Ihre H\u00e4nde nicht befleckt und der Wein l\u00e4uft nicht \u00fcber <\/span><\/li>\n<li><span class=\"a-list-item\"> \ud83d\udc96[Geeigneter Anlass] Diese Flaschen\u00f6ffner eignen sich f\u00fcr Bar, K\u00fcche, Terrasse, H\u00fctte, Zuhause, Party und ein tolles Geschenk f\u00fcr Ihren Vater und Freund <\/span><\/li>\n<li><span class=\"a-list-item\"> \ud83d\udc96[Packungsinhalt] Sie erhalten 3 St\u00fcck Flaschen\u00f6ffner in 3 verschiedenen Farben (rot, grau und schwarz), genug f\u00fcr den Gebrauch <\/span><\/li>\n<\/ul>\n","protected":false},"excerpt":{"rendered":"<p>\ud83d\udc96[Bierflaschen\u00f6ffner] Pistole-f\u00f6rmiger Flaschen\u00f6ffner, sch\u00f6nes Aussehen, langlebiges Gut, beeindruckt Ihre Freunde und Zuschauer; Sie k\u00f6nnen die Flasche mit minimaler Kraft \u00f6ffnen, sehr bequem \ud83d\udc96[Cap Gun Launcher] Sie k\u00f6nnen es als einen Cap Launcher betrachten, ein einzigartiges Design, das die Kappe festh\u00e4lt und dann sicher aufspringt und die Kappe mehr als 2 Meter abschie\u00dfen kann \ud83d\udc96[Gutes Party-Accessoire] [&hellip;]<\/p>\n","protected":false},"featured_media":2645,"comment_status":"open","ping_status":"closed","template":"","meta":[],"product_cat":[78,103,74,110,58,54,108,280,426,430,293,301,300,70,299,124,64],"product_tag":[454,109],"class_list":{"0":"post-2644","1":"product","2":"type-product","3":"status-publish","4":"has-post-thumbnail","6":"product_cat-weihnachtsgeschenke","7":"product_cat-studenten","8":"product_cat-bester-freund","9":"product_cat-freund","10":"product_cat-opa","11":"product_cat-vatertag","12":"product_cat-maenner","13":"product_cat-geburtstagsgeschenke","14":"product_cat-nach-preis","15":"product_cat-unter-20-euro","16":"product_cat-geschenk-fuer-bruder","17":"product_cat-eltern","18":"product_cat--kollege","19":"product_cat-geschenke-fuer-jeden-anlass","20":"product_cat--chef","21":"product_cat-jungesellenabschied","22":"product_cat-vater","23":"product_tag-gadget","24":"product_tag-geschenk-fuer-maenner","26":"first","27":"instock","28":"shipping-taxable","29":"product-type-external"},"_links":{"self":[{"href":"https:\/\/www.blogseite.com\/geschenke\/wp-json\/wp\/v2\/product\/2644"}],"collection":[{"href":"https:\/\/www.blogseite.com\/geschenke\/wp-json\/wp\/v2\/product"}],"about":[{"href":"https:\/\/www.blogseite.com\/geschenke\/wp-json\/wp\/v2\/types\/product"}],"replies":[{"embeddable":true,"href":"https:\/\/www.blogseite.com\/geschenke\/wp-json\/wp\/v2\/comments?post=2644"}],"wp:featuredmedia":[{"embeddable":true,"href":"https:\/\/www.blogseite.com\/geschenke\/wp-json\/wp\/v2\/media\/2645"}],"wp:attachment":[{"href":"https:\/\/www.blogseite.com\/geschenke\/wp-json\/wp\/v2\/media?parent=2644"}],"wp:term":[{"taxonomy":"product_cat","embeddable":true,"href":"https:\/\/www.blogseite.com\/geschenke\/wp-json\/wp\/v2\/product_cat?post=2644"},{"taxonomy":"product_tag","embeddable":true,"href":"https:\/\/www.blogseite.com\/geschenke\/wp-json\/wp\/v2\/product_tag?post=2644"}],"curies":[{"name":"wp","href":"https:\/\/api.w.org\/{rel}","templated":true}]}}