{"id":254,"date":"2020-11-16T18:29:52","date_gmt":"2020-11-16T17:29:52","guid":{"rendered":"https:\/\/geschenke.blogseite.com\/?post_type=product&#038;p=254"},"modified":"2022-04-06T12:24:43","modified_gmt":"2022-04-06T10:24:43","slug":"lotuscrafts-yogablock-kork-supra-grip-oekologisch-hergestellt","status":"publish","type":"product","link":"https:\/\/www.blogseite.com\/geschenke\/s\/lotuscrafts-yogablock-kork-supra-grip-oekologisch-hergestellt\/","title":{"rendered":"Lotuscrafts Yogablock Kork Supra Grip &#8211; \u00f6kologisch hergestellt"},"content":{"rendered":"<ul class=\"a-unordered-list a-vertical a-spacing-mini\">\n<li><span class=\"a-list-item\"><strong>NATURKORK AUS PORTUGAL<\/strong> &#8211; Unser Yoga-Block wird Kork in Portugal gefertigt. Die Herstellung ist damit im Gegensatz zu Yoga Bl\u00f6cken aus Schaumstoff sehr nachhaltig und umweltschonend.<\/span><\/li>\n<li><span class=\"a-list-item\"><strong>RUTSCHFEST &amp; GRIFFIGE OBERFL\u00c4CHE<\/strong> &#8211; Die angenehm weiche Oberfl\u00e4che des Blocks ist sehr griffig und bleibt auch bei schwei\u00dftreibenden Yoga-\u00dcbungen rutschfest. Somit beh\u00e4ltst du mit unserem Yogaklotz immer vollste Kontrolle.<\/span><\/li>\n<li><span class=\"a-list-item\"><strong>UNTERST\u00dcTZT DEINE YOGAPRAXIS<\/strong> &#8211; Unser Yogablock aus Kork ist ein praktisches Yoga-Hilfsmittel und unterst\u00fctzt dich vorallem beim Erlernen von neuen Asanas und wenn du noch etwas verk\u00fcrzt bist. Somit kannst du trotz Verk\u00fcrzungen die Yoga-\u00dcbungen richtig ausf\u00fchren und lernst von Beginn an die richtige Technik.<\/span><\/li>\n<li><span class=\"a-list-item\"><strong>IN 2 GR\u00d6SSEN ERH\u00c4LTLICH<\/strong> &#8211; Der Korkblock ist in 23 x 14 x 9 cm oder 22 x 12 x 7,5 cm erh\u00e4ltlich. Somit ist f\u00fcr jeden die richtige Gr\u00f6\u00dfe dabei. Der Yogaklotz ist breit genug um dich bei Arm-Balance \u00dcbungen zu unterst\u00fctzen und bietet auch gen\u00fcgend Auflagefl\u00e4che, um bei \u00dcbungen im Liegen als Unterlage f\u00fcr das R\u00fcckenkreuz zu dienen.<\/span><\/li>\n<li><span class=\"a-list-item\"><strong>BEW\u00c4HRTE MARKENQUALIT\u00c4T<\/strong> &#8211; Lotuscrafts steht f\u00fcr innovative und durchdachte Yoga- und Meditationsprodukte. Unser Anspruch ist es, dich mit unseren Produkten optimal bei deiner Yogapraxis zu unterst\u00fctzen und mit hoher Qualit\u00e4t unsere Kunden langfristig gl\u00fccklich zu machen.<\/span><\/li>\n<\/ul>\n","protected":false},"excerpt":{"rendered":"<p>NATURKORK AUS PORTUGAL &#8211; Unser Yoga-Block wird Kork in Portugal gefertigt. Die Herstellung ist damit im Gegensatz zu Yoga Bl\u00f6cken aus Schaumstoff sehr nachhaltig und umweltschonend. RUTSCHFEST &amp; GRIFFIGE OBERFL\u00c4CHE &#8211; Die angenehm weiche Oberfl\u00e4che des Blocks ist sehr griffig und bleibt auch bei schwei\u00dftreibenden Yoga-\u00dcbungen rutschfest. Somit beh\u00e4ltst du mit unserem Yogaklotz immer vollste [&hellip;]<\/p>\n","protected":false},"featured_media":255,"comment_status":"open","ping_status":"closed","template":"","meta":[],"product_cat":[78,116,73,426,430,431],"product_tag":[113,92,100,131,487],"class_list":{"0":"post-254","1":"product","2":"type-product","3":"status-publish","4":"has-post-thumbnail","6":"product_cat-weihnachtsgeschenke","7":"product_cat-frauen","8":"product_cat-beste-freundin","9":"product_cat-nach-preis","10":"product_cat-unter-20-euro","11":"product_cat-unter-50-euro","12":"product_tag-geschenk-fuer-frauen","13":"product_tag-geschenk-fuer-freundin","14":"product_tag-geschenk-fuer-mutter","15":"product_tag-weihnachsgeschenke","16":"product_tag-yoga-block","18":"first","19":"instock","20":"shipping-taxable","21":"product-type-external"},"_links":{"self":[{"href":"https:\/\/www.blogseite.com\/geschenke\/wp-json\/wp\/v2\/product\/254"}],"collection":[{"href":"https:\/\/www.blogseite.com\/geschenke\/wp-json\/wp\/v2\/product"}],"about":[{"href":"https:\/\/www.blogseite.com\/geschenke\/wp-json\/wp\/v2\/types\/product"}],"replies":[{"embeddable":true,"href":"https:\/\/www.blogseite.com\/geschenke\/wp-json\/wp\/v2\/comments?post=254"}],"wp:featuredmedia":[{"embeddable":true,"href":"https:\/\/www.blogseite.com\/geschenke\/wp-json\/wp\/v2\/media\/255"}],"wp:attachment":[{"href":"https:\/\/www.blogseite.com\/geschenke\/wp-json\/wp\/v2\/media?parent=254"}],"wp:term":[{"taxonomy":"product_cat","embeddable":true,"href":"https:\/\/www.blogseite.com\/geschenke\/wp-json\/wp\/v2\/product_cat?post=254"},{"taxonomy":"product_tag","embeddable":true,"href":"https:\/\/www.blogseite.com\/geschenke\/wp-json\/wp\/v2\/product_tag?post=254"}],"curies":[{"name":"wp","href":"https:\/\/api.w.org\/{rel}","templated":true}]}}