{"id":252,"date":"2020-11-16T18:21:56","date_gmt":"2020-11-16T17:21:56","guid":{"rendered":"https:\/\/geschenke.blogseite.com\/?post_type=product&#038;p=252"},"modified":"2022-04-06T12:25:06","modified_gmt":"2022-04-06T10:25:06","slug":"dansi-led-fahrrad-batterieleuchtenset-stvzo-schwarz-44001","status":"publish","type":"product","link":"https:\/\/www.blogseite.com\/geschenke\/s\/dansi-led-fahrrad-batterieleuchtenset-stvzo-schwarz-44001\/","title":{"rendered":"DANSI LED Fahrrad-Batterieleuchtenset, StVZO, schwarz, 44001"},"content":{"rendered":"<div id=\"featurebullets_feature_div\" class=\"celwidget\" data-feature-name=\"featurebullets\" data-csa-c-id=\"ti2izl-ysb4rq-22tmn5-sjt29y\" data-cel-widget=\"featurebullets_feature_div\">\n<div id=\"feature-bullets\" class=\"a-section a-spacing-medium a-spacing-top-small\">\n<ul class=\"a-unordered-list a-vertical a-spacing-mini\">\n<li><span class=\"a-list-item\">Dansi LED Batterie-Lampen-Set 30\/15 Lux mit LED R\u00fccklicht<\/span><\/li>\n<li><span class=\"a-list-item\">LED-Frontleuchte zugelassen nach g\u00fcltiger StVZO, mit umschaltbarer Leuchtst\u00e4rke von 30\/15 Lux<\/span><\/li>\n<li><span class=\"a-list-item\">Leuchtdauer der Frontleuchte bis zu 360 Minuten, spritzwassergesch\u00fctzter Schalter<\/span><\/li>\n<li><span class=\"a-list-item\">LED-R\u00fccklicht zugelassen nach g\u00fcltiger StVZO, Leuchtdauer bis zu 15 Stunden<\/span><\/li>\n<li><span class=\"a-list-item\">Batteriewechselanzeige, werkzeugfreier Batteriewechsel<\/span><\/li>\n<li><span class=\"a-list-item\">Lieferumfang: Front- und R\u00fcckleuchte, Halterungen (Batterien sind nicht enthalten)<\/span><\/li>\n<\/ul>\n<\/div>\n<\/div>\n<div id=\"legalEUAtf_feature_div\" class=\"celwidget\" data-feature-name=\"legalEUAtf\" data-csa-c-id=\"xj7w4c-jdi223-i2naix-rxjm0w\" data-cel-widget=\"legalEUAtf_feature_div\"><\/div>\n<div id=\"globalStoreInfoBullets_feature_div\" class=\"celwidget\" data-feature-name=\"globalStoreInfoBullets\" data-csa-c-id=\"14pijy-frspku-87oy4f-f9otsr\" data-cel-widget=\"globalStoreInfoBullets_feature_div\"><\/div>\n<div id=\"addOnItem_feature_div\" class=\"celwidget\" data-feature-name=\"addOnItem\" data-csa-c-id=\"pwf1h1-4zggdn-uncdhh-yjcgl3\" data-cel-widget=\"addOnItem_feature_div\"><\/div>\n<div id=\"recommendations_feature_div\" class=\"celwidget\" data-feature-name=\"recommendations\" data-csa-c-id=\"nfm7cy-xi6c3b-yl5va9-jyil4o\" data-cel-widget=\"recommendations_feature_div\"><\/div>\n<div id=\"HLCXComparisonJumplink_feature_div\"><\/div>\n<div id=\"edpIngress_feature_div\" class=\"celwidget\" data-feature-name=\"edpIngress\" data-csa-c-id=\"yciadh-l3btiz-7lzfx5-idfget\" data-cel-widget=\"edpIngress_feature_div\"><\/div>\n","protected":false},"excerpt":{"rendered":"<p>Dansi LED Batterie-Lampen-Set 30\/15 Lux mit LED R\u00fccklicht LED-Frontleuchte zugelassen nach g\u00fcltiger StVZO, mit umschaltbarer Leuchtst\u00e4rke von 30\/15 Lux Leuchtdauer der Frontleuchte bis zu 360 Minuten, spritzwassergesch\u00fctzter Schalter LED-R\u00fccklicht zugelassen nach g\u00fcltiger StVZO, Leuchtdauer bis zu 15 Stunden Batteriewechselanzeige, werkzeugfreier Batteriewechsel Lieferumfang: Front- und R\u00fcckleuchte, Halterungen (Batterien sind nicht enthalten)<\/p>\n","protected":false},"featured_media":253,"comment_status":"open","ping_status":"closed","template":"","meta":[],"product_cat":[78,103,74,110,108,73,426,428,429,430,431,64],"product_tag":[488,130,79,92,100,106,83],"class_list":{"0":"post-252","1":"product","2":"type-product","3":"status-publish","4":"has-post-thumbnail","6":"product_cat-weihnachtsgeschenke","7":"product_cat-studenten","8":"product_cat-bester-freund","9":"product_cat-freund","10":"product_cat-maenner","11":"product_cat-beste-freundin","12":"product_cat-nach-preis","13":"product_cat-unter-10-euro","14":"product_cat-unter-15-euro","15":"product_cat-unter-20-euro","16":"product_cat-unter-50-euro","17":"product_cat-vater","18":"product_tag-fahrrad-licht","19":"product_tag-geschenk-fuer-fahrradfahrer","20":"product_tag-geschenk-fuer-freund","21":"product_tag-geschenk-fuer-freundin","22":"product_tag-geschenk-fuer-mutter","23":"product_tag-geschenk-fuer-studenten","24":"product_tag-geschenk-fuer-vater","26":"first","27":"instock","28":"shipping-taxable","29":"product-type-external"},"_links":{"self":[{"href":"https:\/\/www.blogseite.com\/geschenke\/wp-json\/wp\/v2\/product\/252"}],"collection":[{"href":"https:\/\/www.blogseite.com\/geschenke\/wp-json\/wp\/v2\/product"}],"about":[{"href":"https:\/\/www.blogseite.com\/geschenke\/wp-json\/wp\/v2\/types\/product"}],"replies":[{"embeddable":true,"href":"https:\/\/www.blogseite.com\/geschenke\/wp-json\/wp\/v2\/comments?post=252"}],"wp:featuredmedia":[{"embeddable":true,"href":"https:\/\/www.blogseite.com\/geschenke\/wp-json\/wp\/v2\/media\/253"}],"wp:attachment":[{"href":"https:\/\/www.blogseite.com\/geschenke\/wp-json\/wp\/v2\/media?parent=252"}],"wp:term":[{"taxonomy":"product_cat","embeddable":true,"href":"https:\/\/www.blogseite.com\/geschenke\/wp-json\/wp\/v2\/product_cat?post=252"},{"taxonomy":"product_tag","embeddable":true,"href":"https:\/\/www.blogseite.com\/geschenke\/wp-json\/wp\/v2\/product_tag?post=252"}],"curies":[{"name":"wp","href":"https:\/\/api.w.org\/{rel}","templated":true}]}}