{"id":234,"date":"2020-11-15T19:01:20","date_gmt":"2020-11-15T18:01:20","guid":{"rendered":"https:\/\/geschenke.blogseite.com\/?post_type=product&#038;p=234"},"modified":"2022-04-06T12:27:29","modified_gmt":"2022-04-06T10:27:29","slug":"shirtracer-doener-kebab-herren-t-shirt-und-maenner-tshirt","status":"publish","type":"product","link":"https:\/\/www.blogseite.com\/geschenke\/s\/shirtracer-doener-kebab-herren-t-shirt-und-maenner-tshirt\/","title":{"rendered":"Shirtracer D\u00f6ner Kebab Herren T-Shirt und M\u00e4nner Tshirt"},"content":{"rendered":"<ul class=\"a-unordered-list a-vertical a-spacing-mini\">\n<li><span class=\"a-list-item\">D\u00f6ner macht sch\u00f6ner: Mit dem Kebab Logo haben Fast-Food-Fans ein tolles Kost\u00fcm an Fasching und ein cooles Geschenk zum klassischen D\u00f6nerstag<\/span><\/li>\n<li><span class=\"a-list-item\">Das lustige M\u00e4nner Tshirt mit D\u00f6nermann, D\u00f6nerspie\u00df und D\u00f6nerkebab als Print kann als Geschenk f\u00fcr Erwachsene auf ganzer Linie \u00fcberzeugen<\/span><\/li>\n<li><span class=\"a-list-item\">Kragenform: Rundkragen<\/span><\/li>\n<li><span class=\"a-list-item\">Kurzarm<\/span><\/li>\n<li><span class=\"a-list-item\">100% Baumwolle<\/span><\/li>\n<li><span class=\"a-list-item\">Pflegehinweis: Maschinenw\u00e4sche<\/span><\/li>\n<li><span class=\"a-list-item\">Modellnummer: L190<\/span><\/li>\n<\/ul>\n","protected":false},"excerpt":{"rendered":"<p>D\u00f6ner macht sch\u00f6ner: Mit dem Kebab Logo haben Fast-Food-Fans ein tolles Kost\u00fcm an Fasching und ein cooles Geschenk zum klassischen D\u00f6nerstag Das lustige M\u00e4nner Tshirt mit D\u00f6nermann, D\u00f6nerspie\u00df und D\u00f6nerkebab als Print kann als Geschenk f\u00fcr Erwachsene auf ganzer Linie \u00fcberzeugen Kragenform: Rundkragen Kurzarm 100% Baumwolle Pflegehinweis: Maschinenw\u00e4sche Modellnummer: L190<\/p>\n","protected":false},"featured_media":235,"comment_status":"open","ping_status":"closed","template":"","meta":[],"product_cat":[103,426,429,430,431,124],"product_tag":[106,121,125,495,494],"class_list":{"0":"post-234","1":"product","2":"type-product","3":"status-publish","4":"has-post-thumbnail","6":"product_cat-studenten","7":"product_cat-nach-preis","8":"product_cat-unter-15-euro","9":"product_cat-unter-20-euro","10":"product_cat-unter-50-euro","11":"product_cat-jungesellenabschied","12":"product_tag-geschenk-fuer-studenten","13":"product_tag-geschenk-jungesellenabschied","14":"product_tag-geschenk-studenten","15":"product_tag-lustiges-t-shirt","16":"product_tag-maenner-t-shirt","18":"first","19":"instock","20":"shipping-taxable","21":"product-type-external"},"_links":{"self":[{"href":"https:\/\/www.blogseite.com\/geschenke\/wp-json\/wp\/v2\/product\/234"}],"collection":[{"href":"https:\/\/www.blogseite.com\/geschenke\/wp-json\/wp\/v2\/product"}],"about":[{"href":"https:\/\/www.blogseite.com\/geschenke\/wp-json\/wp\/v2\/types\/product"}],"replies":[{"embeddable":true,"href":"https:\/\/www.blogseite.com\/geschenke\/wp-json\/wp\/v2\/comments?post=234"}],"wp:featuredmedia":[{"embeddable":true,"href":"https:\/\/www.blogseite.com\/geschenke\/wp-json\/wp\/v2\/media\/235"}],"wp:attachment":[{"href":"https:\/\/www.blogseite.com\/geschenke\/wp-json\/wp\/v2\/media?parent=234"}],"wp:term":[{"taxonomy":"product_cat","embeddable":true,"href":"https:\/\/www.blogseite.com\/geschenke\/wp-json\/wp\/v2\/product_cat?post=234"},{"taxonomy":"product_tag","embeddable":true,"href":"https:\/\/www.blogseite.com\/geschenke\/wp-json\/wp\/v2\/product_tag?post=234"}],"curies":[{"name":"wp","href":"https:\/\/api.w.org\/{rel}","templated":true}]}}