{"id":229,"date":"2020-11-15T12:33:47","date_gmt":"2020-11-15T11:33:47","guid":{"rendered":"https:\/\/geschenke.blogseite.com\/?post_type=product&#038;p=229"},"modified":"2022-04-06T12:28:03","modified_gmt":"2022-04-06T10:28:03","slug":"ring-video-doorbell-3","status":"publish","type":"product","link":"https:\/\/www.blogseite.com\/geschenke\/s\/ring-video-doorbell-3\/","title":{"rendered":"Ring Video Doorbell 3"},"content":{"rendered":"<ul class=\"a-unordered-list a-vertical a-spacing-mini\">\n<li><span class=\"a-list-item\">\u00dcber die HD-Aufnahmen (1080p) der Video Doorbell k\u00f6nnen Sie Personen sehen, h\u00f6ren und mit ihnen sprechen, von Ihrem Mobiltelefon, Tablet oder PC aus.<\/span><\/li>\n<li><span class=\"a-list-item\">Eine verbesserte Version der Ring Video Doorbell 2, mit verfeinerter Bewegungserfassung und Dualband-WLAN-Verbindung (2,4 und 5 GHz).<\/span><\/li>\n<li><span class=\"a-list-item\">Erhalten Sie eine Benachrichtigung, sobald jemand bei Ihnen klingelt oder der in Ring integrierte Bewegungssensor ausgel\u00f6st wird.<\/span><\/li>\n<li><span class=\"a-list-item\">Einfache Installation: Verbinden Sie Video Doorbell 3 in der Ring App mit dem WLAN und bringen Sie das Ger\u00e4t mit dem im Lieferumfang enthaltenen Material an der Wand an.<\/span><\/li>\n<li><span class=\"a-list-item\">Aktivieren Sie unsere neue fortschrittliche Bewegungserfassung und die Nah-Bewegungszone, um individuelle Bereiche f\u00fcr die Bewegungserfassung festzulegen. So erhalten Sie nur dann Benachrichtigungen, wenn Sie es w\u00fcnschen, und schonen den Ger\u00e4te-Akku.<\/span><\/li>\n<li><span class=\"a-list-item\">Verbinden Sie Ring Video Doorbell 3 mit ausgew\u00e4hlten Echo-Ger\u00e4ten und aktivieren Sie Ank\u00fcndigungen, um eine Benachrichtigung zu erhalten, sobald jemand an Ihrer T\u00fcr klingelt oder eine Bewegung erfasst wird.<\/span><\/li>\n<li><span class=\"a-list-item\">Standardfunktionen wie Sofortbenachrichtigungen, Live-Video und Gegensprechfunktion sind sofort und kostenfrei auf allen Ring-Ger\u00e4ten verf\u00fcgbar. Mit einem Ring Protect-Abonnement (separat erh\u00e4ltlich) k\u00f6nnen Sie verpasste Momente au\u00dferdem aufzeichnen, \u00fcberpr\u00fcfen und teilen (30-t\u00e4giger Testzeitraum im Kauf enthalten).<\/span><\/li>\n<li><span class=\"a-list-item\">Haben Sie Fragen oder ben\u00f6tigen Sie Hilfe? Kontaktieren Sie den Kundenservice von Ring: 00 800 87 00 97 81 oder per E-Mail \u00fcber hilfe@ring.com.<\/span><\/li>\n<\/ul>\n","protected":false},"excerpt":{"rendered":"<p>\u00dcber die HD-Aufnahmen (1080p) der Video Doorbell k\u00f6nnen Sie Personen sehen, h\u00f6ren und mit ihnen sprechen, von Ihrem Mobiltelefon, Tablet oder PC aus. Eine verbesserte Version der Ring Video Doorbell 2, mit verfeinerter Bewegungserfassung und Dualband-WLAN-Verbindung (2,4 und 5 GHz). Erhalten Sie eine Benachrichtigung, sobald jemand bei Ihnen klingelt oder der in Ring integrierte Bewegungssensor [&hellip;]<\/p>\n","protected":false},"featured_media":231,"comment_status":"open","ping_status":"closed","template":"","meta":[],"product_cat":[78,74,110,58,108,73,426,434,432,433,64],"product_tag":[92,109,99,97,712,120],"class_list":{"0":"post-229","1":"product","2":"type-product","3":"status-publish","4":"has-post-thumbnail","6":"product_cat-weihnachtsgeschenke","7":"product_cat-bester-freund","8":"product_cat-freund","9":"product_cat-opa","10":"product_cat-maenner","11":"product_cat-beste-freundin","12":"product_cat-nach-preis","13":"product_cat-ueber-100-euro","14":"product_cat-ueber-35-euro","15":"product_cat-ueber-40-euro","16":"product_cat-vater","17":"product_tag-geschenk-fuer-freundin","18":"product_tag-geschenk-fuer-maenner","19":"product_tag-geschenk-fuer-oma","20":"product_tag-geschenk-fuer-opa","21":"product_tag-ring","22":"product_tag-weihnachtsgeschenke","24":"first","25":"instock","26":"sale","27":"shipping-taxable","28":"product-type-external"},"_links":{"self":[{"href":"https:\/\/www.blogseite.com\/geschenke\/wp-json\/wp\/v2\/product\/229"}],"collection":[{"href":"https:\/\/www.blogseite.com\/geschenke\/wp-json\/wp\/v2\/product"}],"about":[{"href":"https:\/\/www.blogseite.com\/geschenke\/wp-json\/wp\/v2\/types\/product"}],"replies":[{"embeddable":true,"href":"https:\/\/www.blogseite.com\/geschenke\/wp-json\/wp\/v2\/comments?post=229"}],"wp:featuredmedia":[{"embeddable":true,"href":"https:\/\/www.blogseite.com\/geschenke\/wp-json\/wp\/v2\/media\/231"}],"wp:attachment":[{"href":"https:\/\/www.blogseite.com\/geschenke\/wp-json\/wp\/v2\/media?parent=229"}],"wp:term":[{"taxonomy":"product_cat","embeddable":true,"href":"https:\/\/www.blogseite.com\/geschenke\/wp-json\/wp\/v2\/product_cat?post=229"},{"taxonomy":"product_tag","embeddable":true,"href":"https:\/\/www.blogseite.com\/geschenke\/wp-json\/wp\/v2\/product_tag?post=229"}],"curies":[{"name":"wp","href":"https:\/\/api.w.org\/{rel}","templated":true}]}}