{"id":225,"date":"2020-11-15T12:02:04","date_gmt":"2020-11-15T11:02:04","guid":{"rendered":"https:\/\/geschenke.blogseite.com\/?post_type=product&#038;p=225"},"modified":"2022-04-06T12:28:24","modified_gmt":"2022-04-06T10:28:24","slug":"esn-designer-whey-protein-1000g","status":"publish","type":"product","link":"https:\/\/www.blogseite.com\/geschenke\/s\/esn-designer-whey-protein-1000g\/","title":{"rendered":"ESN Designer Whey Protein \u2013 1000g"},"content":{"rendered":"<p><span class=\"a-list-item\"><strong>Schnell resorbierbar:<\/strong> Das ESN Designer Whey Protein z\u00e4hlt zu den besten Molkenproteinmischungen weltweit. Es ist sehr leicht verdaulich \u2013 auch ideal als Post-Workout-Shake!<\/span><\/p>\n<p><span class=\"a-list-item\"><strong>Vielseitig verwendbar:<\/strong> Proteinreicher Shake f\u00fcr fitness- und ern\u00e4hrungsbewu\u00dfte Menschen. Wegen seines niedrigen Fett- und Kohlenhydratgehalts (jeweils um 5 %) zum erfolgreichen Gewichtsmanagement geeignet.<\/span><\/p>\n<p><span class=\"a-list-item\"><strong>Effektive Kombination:<\/strong> Whey-Konzentrat und Whey-Isolat wurden optimal aufeinander abgestimmt (Isolat-Anteil: bis zu 30 %). Reich an EAAs: Der Anteil an EAAs betr\u00e4gt enorme 48%, der an BCAAs stabile 23%.<\/span><\/p>\n<p><span class=\"a-list-item\"><strong>Hohe Bioverf\u00fcgbarkeit:<\/strong> Die High End Produktionstechniken der Mikro- und Ultrafiltration garantieren, dass alle Proteinfraktionen und Peptidketten intakt bleiben.<\/span><\/p>\n<p><span class=\"a-list-item\"><strong>Made in Germany:<\/strong> ESN Designer Whey Protein wird in Deutschland unter strengsten Qualit\u00e4tsvorgaben hergestellt. Es schmeckt hervorragend, ist frei von Aspartam, laktosearm und lacto-vegetarisch. Instant in Wasser und Milch.<\/span><\/p>\n","protected":false},"excerpt":{"rendered":"<p>Schnell resorbierbar: Das ESN Designer Whey Protein z\u00e4hlt zu den besten Molkenproteinmischungen weltweit. Es ist sehr leicht verdaulich \u2013 auch ideal als Post-Workout-Shake! Vielseitig verwendbar: Proteinreicher Shake f\u00fcr fitness- und ern\u00e4hrungsbewu\u00dfte Menschen. Wegen seines niedrigen Fett- und Kohlenhydratgehalts (jeweils um 5 %) zum erfolgreichen Gewichtsmanagement geeignet. Effektive Kombination: Whey-Konzentrat und Whey-Isolat wurden optimal aufeinander abgestimmt [&hellip;]<\/p>\n","protected":false},"featured_media":226,"comment_status":"open","ping_status":"closed","template":"","meta":[],"product_cat":[74,110,108,426,431],"product_tag":[496,93,119,109],"class_list":{"0":"post-225","1":"product","2":"type-product","3":"status-publish","4":"has-post-thumbnail","6":"product_cat-bester-freund","7":"product_cat-freund","8":"product_cat-maenner","9":"product_cat-nach-preis","10":"product_cat-unter-50-euro","11":"product_tag-fitness-drink","12":"product_tag-geschenk-fuer-besten-freund","13":"product_tag-geschenk-fuer-bratan","14":"product_tag-geschenk-fuer-maenner","16":"first","17":"instock","18":"shipping-taxable","19":"product-type-external"},"_links":{"self":[{"href":"https:\/\/www.blogseite.com\/geschenke\/wp-json\/wp\/v2\/product\/225"}],"collection":[{"href":"https:\/\/www.blogseite.com\/geschenke\/wp-json\/wp\/v2\/product"}],"about":[{"href":"https:\/\/www.blogseite.com\/geschenke\/wp-json\/wp\/v2\/types\/product"}],"replies":[{"embeddable":true,"href":"https:\/\/www.blogseite.com\/geschenke\/wp-json\/wp\/v2\/comments?post=225"}],"wp:featuredmedia":[{"embeddable":true,"href":"https:\/\/www.blogseite.com\/geschenke\/wp-json\/wp\/v2\/media\/226"}],"wp:attachment":[{"href":"https:\/\/www.blogseite.com\/geschenke\/wp-json\/wp\/v2\/media?parent=225"}],"wp:term":[{"taxonomy":"product_cat","embeddable":true,"href":"https:\/\/www.blogseite.com\/geschenke\/wp-json\/wp\/v2\/product_cat?post=225"},{"taxonomy":"product_tag","embeddable":true,"href":"https:\/\/www.blogseite.com\/geschenke\/wp-json\/wp\/v2\/product_tag?post=225"}],"curies":[{"name":"wp","href":"https:\/\/api.w.org\/{rel}","templated":true}]}}