{"id":2211,"date":"2021-01-24T19:22:42","date_gmt":"2021-01-24T18:22:42","guid":{"rendered":"https:\/\/geschenke.blogseite.com\/?post_type=product&#038;p=2211"},"modified":"2022-04-03T17:09:03","modified_gmt":"2022-04-03T15:09:03","slug":"buluri-37-stueck-acrylfarben-set-mit-10-pinsel","status":"publish","type":"product","link":"https:\/\/www.blogseite.com\/geschenke\/s\/buluri-37-stueck-acrylfarben-set-mit-10-pinsel\/","title":{"rendered":"Buluri 37 St\u00fcck Acrylfarben Set mit 10 Pinsel"},"content":{"rendered":"<ul class=\"a-unordered-list a-vertical a-spacing-mini\">\n<li><span class=\"a-list-item\"> \u2705 EXZELLENTE AUSWAHL: Ein komplettes Acrylfarben Set aus insgesamt 24 Tuben. 10PCS Pinsel Set Malen+1pcs Mischpalette+1pcs Leinwand.Perfekt geeignet f\u00fcr K\u00fcnstler, Studenten, Jugendliche, Erwachsene und Anf\u00e4nger die sich mit Acrylmalerei besch\u00e4ftigen m\u00f6chten. <\/span><\/li>\n<li><span class=\"a-list-item\"> \u2705 HERVORRAGENDE EIGENSCHAFTEN: Gute acrylfarbe erleichtert Ihnen das k\u00fcnstlerische Schaffen. Unsere acrylfarben wurde speziell entwickelt, um eine dicke, butterartige Konsistenz hervorzuheben, die das Mischen und Mischen von Farben erleichtert, Lassen Sie Ihrer Fantasie freien Lauf. <\/span><\/li>\n<li><span class=\"a-list-item\"> \u2705 ENDLOSES BASTELVERGN\u00dcGEN: Diese acrylfarben set 24 farben kann auf vielen verschiedenen medien verwendet werden: leinwand, stoff, acrylpapier, stein, glas, keramik etc. Kreieren sie ganz nach belieben tiere, landschaften, strukturen, Objekte und vieles mehr in au\u00dfergew\u00f6hnlicher optik. Werden sie mit acrylfarben kreativ! <\/span><\/li>\n<li><span class=\"a-list-item\"> \u2705 BESTES GESCHENK F\u00dcR ANF\u00c4NGER: Acryl farben set ist eine gro\u00dfartige Einf\u00fchrung in Pro.K\u00fcnstlerbedarf. K\u00fcnstlerisches Malen mit Acrylfarben macht mit diesem Set besonders viel Freude, ganz gleich ob sie noch Anf\u00e4nger oder bereits ein erfahrener profi sind. Perfektes Geschenk f\u00fcr Ihre Freunde sein. <\/span><\/li>\n<li><span class=\"a-list-item\"> \u2705 EXZELLENTER SERVICE: Sehr geehrter Kunde, unser Buluri-Verk\u00e4ufer ist ein kleines Familienunternehmen. Unser Ziel ist es, die besten Acrylfarbenprodukte f\u00fcr Sie zu entwickeln, damit Sie Ihren inneren K\u00fcnstler entdecken und ausdr\u00fccken k\u00f6nnen. Wenn Sie mit unseren Produkten nicht vollst\u00e4ndig zufrieden sind, kontaktieren Sie uns bitte. Wir werden Ihnen innerhalb von 24 Stunden die zufriedenstellendste L\u00f6sung anbieten. <\/span><\/li>\n<\/ul>\n","protected":false},"excerpt":{"rendered":"<p>\u2705 EXZELLENTE AUSWAHL: Ein komplettes Acrylfarben Set aus insgesamt 24 Tuben. 10PCS Pinsel Set Malen+1pcs Mischpalette+1pcs Leinwand.Perfekt geeignet f\u00fcr K\u00fcnstler, Studenten, Jugendliche, Erwachsene und Anf\u00e4nger die sich mit Acrylmalerei besch\u00e4ftigen m\u00f6chten. \u2705 HERVORRAGENDE EIGENSCHAFTEN: Gute acrylfarbe erleichtert Ihnen das k\u00fcnstlerische Schaffen. Unsere acrylfarben wurde speziell entwickelt, um eine dicke, butterartige Konsistenz hervorzuheben, die das Mischen [&hellip;]<\/p>\n","protected":false},"featured_media":2212,"comment_status":"open","ping_status":"closed","template":"","meta":[],"product_cat":[78,103,74,110,116,63,53,45,108,73,280,431,293,301,292,300,70,297,299,295,294,291,296,298,64],"product_tag":[425,458,82],"class_list":{"0":"post-2211","1":"product","2":"type-product","3":"status-publish","4":"has-post-thumbnail","6":"product_cat-weihnachtsgeschenke","7":"product_cat-studenten","8":"product_cat-bester-freund","9":"product_cat-freund","10":"product_cat-frauen","11":"product_cat-mutter","12":"product_cat-muttertag","13":"product_cat-freundin","14":"product_cat-maenner","15":"product_cat-beste-freundin","16":"product_cat-geburtstagsgeschenke","17":"product_cat-unter-50-euro","18":"product_cat-geschenk-fuer-bruder","19":"product_cat-eltern","20":"product_cat-sohn","21":"product_cat--kollege","22":"product_cat-geschenke-fuer-jeden-anlass","23":"product_cat--maedchen","24":"product_cat--chef","25":"product_cat--tochter","26":"product_cat--schwester","27":"product_cat-nerds","28":"product_cat--schwiegermutter","29":"product_cat--ehefrau","30":"product_cat-vater","31":"product_tag-acrylfarben","32":"product_tag-farben","33":"product_tag-geburtstagsgeschenk","35":"first","36":"instock","37":"shipping-taxable","38":"product-type-external"},"_links":{"self":[{"href":"https:\/\/www.blogseite.com\/geschenke\/wp-json\/wp\/v2\/product\/2211"}],"collection":[{"href":"https:\/\/www.blogseite.com\/geschenke\/wp-json\/wp\/v2\/product"}],"about":[{"href":"https:\/\/www.blogseite.com\/geschenke\/wp-json\/wp\/v2\/types\/product"}],"replies":[{"embeddable":true,"href":"https:\/\/www.blogseite.com\/geschenke\/wp-json\/wp\/v2\/comments?post=2211"}],"wp:featuredmedia":[{"embeddable":true,"href":"https:\/\/www.blogseite.com\/geschenke\/wp-json\/wp\/v2\/media\/2212"}],"wp:attachment":[{"href":"https:\/\/www.blogseite.com\/geschenke\/wp-json\/wp\/v2\/media?parent=2211"}],"wp:term":[{"taxonomy":"product_cat","embeddable":true,"href":"https:\/\/www.blogseite.com\/geschenke\/wp-json\/wp\/v2\/product_cat?post=2211"},{"taxonomy":"product_tag","embeddable":true,"href":"https:\/\/www.blogseite.com\/geschenke\/wp-json\/wp\/v2\/product_tag?post=2211"}],"curies":[{"name":"wp","href":"https:\/\/api.w.org\/{rel}","templated":true}]}}