{"id":2185,"date":"2021-01-24T18:33:12","date_gmt":"2021-01-24T17:33:12","guid":{"rendered":"https:\/\/geschenke.blogseite.com\/?post_type=product&#038;p=2185"},"modified":"2022-04-03T17:11:57","modified_gmt":"2022-04-03T15:11:57","slug":"mozart-supplies-oelfarben-set-24-lackfarben","status":"publish","type":"product","link":"https:\/\/www.blogseite.com\/geschenke\/s\/mozart-supplies-oelfarben-set-24-lackfarben\/","title":{"rendered":"MozArt Supplies: \u00d6lfarben Set 24 Lackfarben"},"content":{"rendered":"<ul class=\"a-unordered-list a-vertical a-spacing-mini\">\n<li><span class=\"a-list-item\"> WAS IM SET ENTHALTEN IST \u2013 Dieses professionelle Qualit\u00e4tsfarben-Set f\u00fcr K\u00fcnstler enth\u00e4lt 24 reich pigmentierte \u00d6lfarben: Titanweiss, Zitronengelb, Mittelgelb, Dunkelgelb, Gelbocker, Fleischfarben, Orange, Brillantrot, Rosenrot, Lila Rot, Purpurrot, Gebrannte Sienaerde, Himmelblau, Phthaloblau, Kobaltblau, Violett, Ultramarinblau, Hellgrun Permanent, Chromoxydgrum Feurig Farbton, Saftgrun, Umbra Gebrannt, Original Umbra, Paynes-Grau, Elfenbeinschwarz. <\/span><\/li>\n<li><span class=\"a-list-item\"> PREMIUMQUALIT\u00c4T \u2013 Unsere \u00d6lfarben bieten Leuchtkraft und Geschmeidigkeit f\u00fcr einfaches Vermischen und sanfte Farb\u00fcberg\u00e4nge. Sie sind lichtbest\u00e4ndig und schnelltrocknend, behalten aber auch im trockenen Zustand ihre lebhafte Farbe. Die Farben sind hochpigmentiert und bieten gro\u00dffl\u00e4chige Abdeckung und au\u00dfergew\u00f6hnliche Farbkraft. <\/span><\/li>\n<li><span class=\"a-list-item\"> VIELFALT AN TECHNIKEN \u2013 Unser hochwertiges Qualit\u00e4tsfarben-Set ist ideal f\u00fcr Wandmalerei, Wandkunstwerke, Fensterdesigns, Tonarbeiten, Portraitgem\u00e4lde und abstrakte \u00d6lgem\u00e4lde. Die satte Pigmentation erlaubt es Ihnen, mehrere Schichten und tolle Texturen und Dimensionen in Ihren Kunstwerken zu kreieren. Das verspricht Ihnen jede Menge Spa\u00df und wortw\u00f6rtlich sichtbare Zufriedenheit beim Ausprobieren verschiedener Techniken, wie Transparenz, Farbs\u00e4ttigung und Color Blocking. <\/span><\/li>\n<li><span class=\"a-list-item\"> ASTM-ZERTIFIZIERT \u2013 Unsere Qualit\u00e4tsfarben f\u00fcr K\u00fcnstler sind 100% ungiftig und frei von Schwermetallen und anderen Schadstoffen. Sie sind daher f\u00fcr Kinder und Erwachsene in der Anwendung sicher. Die Farben sind ASTM-DT4236-konform. <\/span><\/li>\n<li><span class=\"a-list-item\"> 100% ZUFRIEDENHEITSGARANTIE &#8211; MozArt Supplies ist stolz auf die hohe Qualit\u00e4t seiner Produkte. Kundenzufriedenheit ist uns sehr wichtig. Kontaktieren Sie uns bitte, wenn Sie Fragen oder Sorgen haben. Wir helfen Ihnen gern und finden garantiert immer eine L\u00f6sung. <\/span><\/li>\n<\/ul>\n","protected":false},"excerpt":{"rendered":"<p>WAS IM SET ENTHALTEN IST \u2013 Dieses professionelle Qualit\u00e4tsfarben-Set f\u00fcr K\u00fcnstler enth\u00e4lt 24 reich pigmentierte \u00d6lfarben: Titanweiss, Zitronengelb, Mittelgelb, Dunkelgelb, Gelbocker, Fleischfarben, Orange, Brillantrot, Rosenrot, Lila Rot, Purpurrot, Gebrannte Sienaerde, Himmelblau, Phthaloblau, Kobaltblau, Violett, Ultramarinblau, Hellgrun Permanent, Chromoxydgrum Feurig Farbton, Saftgrun, Umbra Gebrannt, Original Umbra, Paynes-Grau, Elfenbeinschwarz. PREMIUMQUALIT\u00c4T \u2013 Unsere \u00d6lfarben bieten Leuchtkraft und Geschmeidigkeit [&hellip;]<\/p>\n","protected":false},"featured_media":2186,"comment_status":"open","ping_status":"closed","template":"","meta":[],"product_cat":[78,103,74,110,116,63,53,45,108,73,280,426,429,430,293,301,292,300,70,297,299,295,294,291,296,298,64],"product_tag":[82,422],"class_list":{"0":"post-2185","1":"product","2":"type-product","3":"status-publish","4":"has-post-thumbnail","6":"product_cat-weihnachtsgeschenke","7":"product_cat-studenten","8":"product_cat-bester-freund","9":"product_cat-freund","10":"product_cat-frauen","11":"product_cat-mutter","12":"product_cat-muttertag","13":"product_cat-freundin","14":"product_cat-maenner","15":"product_cat-beste-freundin","16":"product_cat-geburtstagsgeschenke","17":"product_cat-nach-preis","18":"product_cat-unter-15-euro","19":"product_cat-unter-20-euro","20":"product_cat-geschenk-fuer-bruder","21":"product_cat-eltern","22":"product_cat-sohn","23":"product_cat--kollege","24":"product_cat-geschenke-fuer-jeden-anlass","25":"product_cat--maedchen","26":"product_cat--chef","27":"product_cat--tochter","28":"product_cat--schwester","29":"product_cat-nerds","30":"product_cat--schwiegermutter","31":"product_cat--ehefrau","32":"product_cat-vater","33":"product_tag-geburtstagsgeschenk","34":"product_tag-oelfarben","36":"first","37":"instock","38":"shipping-taxable","39":"product-type-external"},"_links":{"self":[{"href":"https:\/\/www.blogseite.com\/geschenke\/wp-json\/wp\/v2\/product\/2185"}],"collection":[{"href":"https:\/\/www.blogseite.com\/geschenke\/wp-json\/wp\/v2\/product"}],"about":[{"href":"https:\/\/www.blogseite.com\/geschenke\/wp-json\/wp\/v2\/types\/product"}],"replies":[{"embeddable":true,"href":"https:\/\/www.blogseite.com\/geschenke\/wp-json\/wp\/v2\/comments?post=2185"}],"wp:featuredmedia":[{"embeddable":true,"href":"https:\/\/www.blogseite.com\/geschenke\/wp-json\/wp\/v2\/media\/2186"}],"wp:attachment":[{"href":"https:\/\/www.blogseite.com\/geschenke\/wp-json\/wp\/v2\/media?parent=2185"}],"wp:term":[{"taxonomy":"product_cat","embeddable":true,"href":"https:\/\/www.blogseite.com\/geschenke\/wp-json\/wp\/v2\/product_cat?post=2185"},{"taxonomy":"product_tag","embeddable":true,"href":"https:\/\/www.blogseite.com\/geschenke\/wp-json\/wp\/v2\/product_tag?post=2185"}],"curies":[{"name":"wp","href":"https:\/\/api.w.org\/{rel}","templated":true}]}}