{"id":2174,"date":"2021-01-24T18:11:11","date_gmt":"2021-01-24T17:11:11","guid":{"rendered":"https:\/\/geschenke.blogseite.com\/?post_type=product&#038;p=2174"},"modified":"2022-04-03T17:14:33","modified_gmt":"2022-04-03T15:14:33","slug":"xp-pen-deco-01-v2-grafiktablett-zeichenpad","status":"publish","type":"product","link":"https:\/\/www.blogseite.com\/geschenke\/s\/xp-pen-deco-01-v2-grafiktablett-zeichenpad\/","title":{"rendered":"XP-PEN Deco 01 V2 Grafiktablett  Zeichenpad"},"content":{"rendered":"<ul>\n<li><span class=\"a-list-item\">Im Vergleich zum Deco 01 unterst\u00fctzt das Deco 01 V2 Tablet 60\u00b0Neigungswinkel. Der P05 Pen l\u00e4sst sich so flexibel wie ein echter Stift zeichnen und erstellt dank der Neigungserkennung perfekten Schatten-Effekt. Es verf\u00fcgt \u00fcber 8192 Druckempfindlichkeitsstufen, bringt egal was Sie zeichnen oder schreiben zum Ausdruck. <\/span><\/li>\n<li><span class=\"a-list-item\"> Auf dem Tablett gibt es 8 frei belegbare Tasten, die mit toller Haptik zur Benutzung sind. Mit seinem Design zur Reduktion blinder Punkte k\u00f6nnen Sie Ihre Expresstasten effizient finden und Ihre Schnellzugriffstasten f\u00fcr verschiedene Programme belegen. <\/span><\/li>\n<li><span class=\"a-list-item\"> Das Deco 01 V2 Zeichentablett unterst\u00fctzt Android Ger\u00e4te ab Version 6.0. Es ist auch kompatibel mit der XP-Pen Deco Draw Drawing App und arbeitet mit den meisten g\u00e4ngigen Programmen wie: ibis Paint X, FlipaClip, Medibang, Autodesk Sketchbook, Zenbrush, Artrage, und mehr. Das XP-Pen Deco Pro Small ist kompatibel mit Windows 7\/8\/10, Mac OS X 10.10 oder h\u00f6here Verion und funktioniert mit den meisten g\u00e4ngigen Kreativprogrammen wie Photoshop, SAI, Painter, Illustrator, Clip Studio und <\/span><\/li>\n<li><span class=\"a-list-item\"> Das XP-Pen Deco 01 V2 Zeichenpad unterst\u00fctzt eine Rotation von 0, 90, 180 und 270 Grad. Nun k\u00f6nnen Sie es nach Ihren individuellen Bed\u00fcrnissen einstellen. <\/span><\/li>\n<li><span class=\"a-list-item\"> Gleichzeitiges digitales Einf\u00e4rben mit einem XP-PEN Grafiktablett: Es ist kompatibel mit Microsoft Office Softwares wie Word, PowerPoint, OneNote u.a.,pr\u00e4sentiert pr\u00e4zise Ihre handschriftlichen Notizen und Signaturen, deswegen ideal f\u00fcr die Online-Kurse, Online-Meetings oder Home-Office. <\/span><\/li>\n<\/ul>\n","protected":false},"excerpt":{"rendered":"<p>Im Vergleich zum Deco 01 unterst\u00fctzt das Deco 01 V2 Tablet 60\u00b0Neigungswinkel. Der P05 Pen l\u00e4sst sich so flexibel wie ein echter Stift zeichnen und erstellt dank der Neigungserkennung perfekten Schatten-Effekt. Es verf\u00fcgt \u00fcber 8192 Druckempfindlichkeitsstufen, bringt egal was Sie zeichnen oder schreiben zum Ausdruck. Auf dem Tablett gibt es 8 frei belegbare Tasten, die [&hellip;]<\/p>\n","protected":false},"featured_media":2175,"comment_status":"open","ping_status":"closed","template":"","meta":[],"product_cat":[78,103,74,110,116,63,53,45,108,73,280,426,432,433,293,301,292,300,70,297,299,295,294,291,296,298,64],"product_tag":[82,421],"class_list":{"0":"post-2174","1":"product","2":"type-product","3":"status-publish","4":"has-post-thumbnail","6":"product_cat-weihnachtsgeschenke","7":"product_cat-studenten","8":"product_cat-bester-freund","9":"product_cat-freund","10":"product_cat-frauen","11":"product_cat-mutter","12":"product_cat-muttertag","13":"product_cat-freundin","14":"product_cat-maenner","15":"product_cat-beste-freundin","16":"product_cat-geburtstagsgeschenke","17":"product_cat-nach-preis","18":"product_cat-ueber-35-euro","19":"product_cat-ueber-40-euro","20":"product_cat-geschenk-fuer-bruder","21":"product_cat-eltern","22":"product_cat-sohn","23":"product_cat--kollege","24":"product_cat-geschenke-fuer-jeden-anlass","25":"product_cat--maedchen","26":"product_cat--chef","27":"product_cat--tochter","28":"product_cat--schwester","29":"product_cat-nerds","30":"product_cat--schwiegermutter","31":"product_cat--ehefrau","32":"product_cat-vater","33":"product_tag-geburtstagsgeschenk","34":"product_tag-grafiktablett","36":"first","37":"instock","38":"shipping-taxable","39":"product-type-external"},"_links":{"self":[{"href":"https:\/\/www.blogseite.com\/geschenke\/wp-json\/wp\/v2\/product\/2174"}],"collection":[{"href":"https:\/\/www.blogseite.com\/geschenke\/wp-json\/wp\/v2\/product"}],"about":[{"href":"https:\/\/www.blogseite.com\/geschenke\/wp-json\/wp\/v2\/types\/product"}],"replies":[{"embeddable":true,"href":"https:\/\/www.blogseite.com\/geschenke\/wp-json\/wp\/v2\/comments?post=2174"}],"wp:featuredmedia":[{"embeddable":true,"href":"https:\/\/www.blogseite.com\/geschenke\/wp-json\/wp\/v2\/media\/2175"}],"wp:attachment":[{"href":"https:\/\/www.blogseite.com\/geschenke\/wp-json\/wp\/v2\/media?parent=2174"}],"wp:term":[{"taxonomy":"product_cat","embeddable":true,"href":"https:\/\/www.blogseite.com\/geschenke\/wp-json\/wp\/v2\/product_cat?post=2174"},{"taxonomy":"product_tag","embeddable":true,"href":"https:\/\/www.blogseite.com\/geschenke\/wp-json\/wp\/v2\/product_tag?post=2174"}],"curies":[{"name":"wp","href":"https:\/\/api.w.org\/{rel}","templated":true}]}}