{"id":216,"date":"2020-11-15T11:25:51","date_gmt":"2020-11-15T10:25:51","guid":{"rendered":"https:\/\/geschenke.blogseite.com\/?post_type=product&#038;p=216"},"modified":"2022-04-06T12:29:34","modified_gmt":"2022-04-06T10:29:34","slug":"bartglaetter-kamm-fuer-maenner-lidasen-elektrischer-haarglaetter-bart-buerste","status":"publish","type":"product","link":"https:\/\/www.blogseite.com\/geschenke\/s\/bartglaetter-kamm-fuer-maenner-lidasen-elektrischer-haarglaetter-bart-buerste\/","title":{"rendered":"Bartgl\u00e4tter Kamm f\u00fcr M\u00e4nner, Lidasen Elektrischer Haargl\u00e4tter Bart B\u00fcrste"},"content":{"rendered":"<p><span class=\"a-list-item\"><strong>\u3010Glatter und Gl\u00e4nzender Bart\u3011<\/strong>Die Bart Gl\u00e4ttb\u00fcrste ist mit einem fortschrittlichen PTC-Heizelement ausgestattet, erzeugt innerhalb von 30 Sekunden schnell und stabil W\u00e4rme, gl\u00e4ttet Bart und Haare und sorgt f\u00fcr ein nat\u00fcrliches, elegantes und gl\u00e4nzendes Erscheinungsbild. Befreien Sie sich von unordentlichem Bart, steigern Sie Ihre Sch\u00f6nheit und Ihr Selbstvertrauen.<\/span><\/p>\n<p><span class=\"a-list-item\"><strong>\u3010Einzigartige Ionische Bartpflege\u3011<\/strong>Wendet die einzigartige Ionentechnologie an, stylt den Bart schnell in der t\u00e4glichen Pflege und f\u00f6rdert die Gesundheit Ihres Bartes und Ihrer Haare, perfekt f\u00fcr alle Arten von B\u00e4rten und Haaren, kurz oder lang. Pr\u00e4mie 2 in 1 Ionen Haargl\u00e4tter Bartgl\u00e4tter sorgt f\u00fcr einen besseren Styling-Effekt und ein komfortableres Erlebnis.<\/span><\/p>\n<p><span class=\"a-list-item\"><strong>\u3010Hautfreundliche Sichere B\u00fcrste\u3011<\/strong>Feste Borsten in der Gl\u00e4tteisen sind mit einer Keramikbeschichtung versehen und mit dem hautfreundlichen Silikonb\u00fcrstenkopf ausgestattet, der eine gleichm\u00e4\u00dfige W\u00e4rmeverteilung und eine schnelle Temperaturwiederherstellungszeit bietet. Verhindern Sie Haut- und Haarverletzungen, sorgen Sie f\u00fcr maximalen Komfort.<\/span><\/p>\n<p><span class=\"a-list-item\"><strong>\u3010Ergonomisches Design f\u00fcr Gesicht\u3011<\/strong>Die ergonomische Kr\u00fcmmung unseres Bartgl\u00e4tter B\u00fcrste basiert auf den Konturen der menschlichen Wangen und K\u00f6pfe, die genau auf Ihr Gesicht passen. Einstellbare 3 Temperaturmuster verk\u00fcrzen die Zeit f\u00fcr das Styling erheblich. Die LED-Taste kann das aktuelle Temperaturniveau deutlich anzeigen und ist recht einfach zu bedienen.<\/span><\/p>\n<p><span class=\"a-list-item\"><strong>\u3010Nachdenkliches Geschenk f\u00fcr M\u00e4nner\u3011<\/strong>Kompakt und tragbar, ideal f\u00fcr zu Hause und auf Reisen. Speziell f\u00fcr Bart und Haare im Gesicht entwickelt, Halten Sie immer einen erfrischenden Blick. Der 2 in 1 Bart- und Haar Gl\u00e4tteisen wurde mit h\u00f6chster Qualit\u00e4t gebaut und ist eine gro\u00dfartige Geschenkwahl f\u00fcr M\u00e4nner, Freunde, Ehem\u00e4nner und V\u00e4ter.<\/span><\/p>\n","protected":false},"excerpt":{"rendered":"<p>\u3010Glatter und Gl\u00e4nzender Bart\u3011Die Bart Gl\u00e4ttb\u00fcrste ist mit einem fortschrittlichen PTC-Heizelement ausgestattet, erzeugt innerhalb von 30 Sekunden schnell und stabil W\u00e4rme, gl\u00e4ttet Bart und Haare und sorgt f\u00fcr ein nat\u00fcrliches, elegantes und gl\u00e4nzendes Erscheinungsbild. Befreien Sie sich von unordentlichem Bart, steigern Sie Ihre Sch\u00f6nheit und Ihr Selbstvertrauen. \u3010Einzigartige Ionische Bartpflege\u3011Wendet die einzigartige Ionentechnologie an, stylt [&hellip;]<\/p>\n","protected":false},"featured_media":217,"comment_status":"open","ping_status":"closed","template":"","meta":[],"product_cat":[78,74,110,58,54,108,426,431,64],"product_tag":[714,86,79,109,97,83,95],"class_list":{"0":"post-216","1":"product","2":"type-product","3":"status-publish","4":"has-post-thumbnail","6":"product_cat-weihnachtsgeschenke","7":"product_cat-bester-freund","8":"product_cat-freund","9":"product_cat-opa","10":"product_cat-vatertag","11":"product_cat-maenner","12":"product_cat-nach-preis","13":"product_cat-unter-50-euro","14":"product_cat-vater","15":"product_tag-bartgltter","16":"product_tag-geschenk-fuer-ehemann","17":"product_tag-geschenk-fuer-freund","18":"product_tag-geschenk-fuer-maenner","19":"product_tag-geschenk-fuer-opa","20":"product_tag-geschenk-fuer-vater","21":"product_tag-weihnachtsgeschenk","23":"first","24":"instock","25":"shipping-taxable","26":"product-type-external"},"_links":{"self":[{"href":"https:\/\/www.blogseite.com\/geschenke\/wp-json\/wp\/v2\/product\/216"}],"collection":[{"href":"https:\/\/www.blogseite.com\/geschenke\/wp-json\/wp\/v2\/product"}],"about":[{"href":"https:\/\/www.blogseite.com\/geschenke\/wp-json\/wp\/v2\/types\/product"}],"replies":[{"embeddable":true,"href":"https:\/\/www.blogseite.com\/geschenke\/wp-json\/wp\/v2\/comments?post=216"}],"wp:featuredmedia":[{"embeddable":true,"href":"https:\/\/www.blogseite.com\/geschenke\/wp-json\/wp\/v2\/media\/217"}],"wp:attachment":[{"href":"https:\/\/www.blogseite.com\/geschenke\/wp-json\/wp\/v2\/media?parent=216"}],"wp:term":[{"taxonomy":"product_cat","embeddable":true,"href":"https:\/\/www.blogseite.com\/geschenke\/wp-json\/wp\/v2\/product_cat?post=216"},{"taxonomy":"product_tag","embeddable":true,"href":"https:\/\/www.blogseite.com\/geschenke\/wp-json\/wp\/v2\/product_tag?post=216"}],"curies":[{"name":"wp","href":"https:\/\/api.w.org\/{rel}","templated":true}]}}