{"id":2127,"date":"2021-01-23T16:02:32","date_gmt":"2021-01-23T15:02:32","guid":{"rendered":"https:\/\/geschenke.blogseite.com\/?post_type=product&#038;p=2127"},"modified":"2022-04-03T18:48:11","modified_gmt":"2022-04-03T16:48:11","slug":"set-100-farben-pinselstifte-bullet-journal-%f0%9f%a4%a9","status":"publish","type":"product","link":"https:\/\/www.blogseite.com\/geschenke\/s\/set-100-farben-pinselstifte-bullet-journal-%f0%9f%a4%a9\/","title":{"rendered":"Set 100 Farben Pinselstifte Bullet Journal \ud83e\udd29"},"content":{"rendered":"<ul class=\"a-unordered-list a-vertical a-spacing-mini\">\n<li><span class=\"a-list-item\"> \ud83c\udfa8 100 Einzigartige Farben &#8211; Dieser Satz farbiger Markierungen ist in verschiedenen lebendigen, hochpigmentierten Farben ohne Duplikate erh\u00e4ltlich. Jedes Set enth\u00e4lt Prim\u00e4rfarben und Komplement\u00e4rfarben und l\u00e4sst sich wunderbar mischen, um Ihre k\u00fcnstlerische Kreativit\u00e4t zu wecken. <\/span><\/li>\n<li><span class=\"a-list-item\"> \ud83c\udfa8 Doppelspitzen Pinselstifte &#8211; 0,4 mm Fineliner f\u00fcr genaue Linienkontrolle beim Zeichnen, Beschriften und Skizzieren, 1-2 mm Nylonfaser-Pinselspitze zum breiten Schreiben, F\u00e4rben, Ausf\u00fcllen und Mischen. K\u00fcnstler lieben es, unsere Pinselspitzenmarkierungen zu verwenden, da saubere dicke oder d\u00fcnne Linien problemlos erzielt werden k\u00f6nnen. <\/span><\/li>\n<li><span class=\"a-list-item\"> \ud83c\udfa8 Sichere Ungiftige Tinte &#8211; Die Doppelb\u00fcrstenmarkierungen halten lange, da sie im Gegensatz zu anderen Stiften mit nur 1,2 g Tinte 1,5 g Tinte mit gro\u00dfer Kapazit\u00e4t enthalten. Die Tinte ist geruchlos, s\u00e4urefrei, ungiftig und entspricht ASTM D-4236. <\/span><\/li>\n<li><span class=\"a-list-item\"> \ud83c\udfa8 Eine Bandbreite an M\u00f6glichkeiten &#8211; Diese Pinselspitzenmarkierungen eignen sich perfekt f\u00fcr Malb\u00fccher f\u00fcr Erwachsene, Skizzen, Schriftz\u00fcge, Calligraphie, Mangas, Kunst, Basteln, Kritzeln, Tageb\u00fccher und Kunstprojekte. Weltweit geliebt von Amateuren, Kunstliebhabern und Fans von Malb\u00fcchern f\u00fcr Erwachsene. <\/span><\/li>\n<li><span class=\"a-list-item\"> \ud83c\udfa8 Risikofreier Kauf &#8211; Kundenzufriedenheit hat f\u00fcr uns oberste Priorit\u00e4t. Wenn es eine Situation gibt, in der es nicht funktioniert, besch\u00e4digt oder durchgesickert ist, kontaktieren Sie uns bitte, wir bieten kostenlosen Ersatz an oder volle Kostenr\u00fcckerstattung. <\/span><\/li>\n<\/ul>\n","protected":false},"excerpt":{"rendered":"<p>\ud83c\udfa8 100 Einzigartige Farben &#8211; Dieser Satz farbiger Markierungen ist in verschiedenen lebendigen, hochpigmentierten Farben ohne Duplikate erh\u00e4ltlich. Jedes Set enth\u00e4lt Prim\u00e4rfarben und Komplement\u00e4rfarben und l\u00e4sst sich wunderbar mischen, um Ihre k\u00fcnstlerische Kreativit\u00e4t zu wecken. \ud83c\udfa8 Doppelspitzen Pinselstifte &#8211; 0,4 mm Fineliner f\u00fcr genaue Linienkontrolle beim Zeichnen, Beschriften und Skizzieren, 1-2 mm Nylonfaser-Pinselspitze zum breiten [&hellip;]<\/p>\n","protected":false},"featured_media":2128,"comment_status":"open","ping_status":"closed","template":"","meta":[],"product_cat":[78,103,74,110,116,63,53,45,108,73,280,426,432,431,293,301,292,300,70,297,299,295,294,291,296,298,64],"product_tag":[415,82],"class_list":{"0":"post-2127","1":"product","2":"type-product","3":"status-publish","4":"has-post-thumbnail","6":"product_cat-weihnachtsgeschenke","7":"product_cat-studenten","8":"product_cat-bester-freund","9":"product_cat-freund","10":"product_cat-frauen","11":"product_cat-mutter","12":"product_cat-muttertag","13":"product_cat-freundin","14":"product_cat-maenner","15":"product_cat-beste-freundin","16":"product_cat-geburtstagsgeschenke","17":"product_cat-nach-preis","18":"product_cat-ueber-35-euro","19":"product_cat-unter-50-euro","20":"product_cat-geschenk-fuer-bruder","21":"product_cat-eltern","22":"product_cat-sohn","23":"product_cat--kollege","24":"product_cat-geschenke-fuer-jeden-anlass","25":"product_cat--maedchen","26":"product_cat--chef","27":"product_cat--tochter","28":"product_cat--schwester","29":"product_cat-nerds","30":"product_cat--schwiegermutter","31":"product_cat--ehefrau","32":"product_cat-vater","33":"product_tag-filzstifte","34":"product_tag-geburtstagsgeschenk","36":"first","37":"instock","38":"shipping-taxable","39":"product-type-external"},"_links":{"self":[{"href":"https:\/\/www.blogseite.com\/geschenke\/wp-json\/wp\/v2\/product\/2127"}],"collection":[{"href":"https:\/\/www.blogseite.com\/geschenke\/wp-json\/wp\/v2\/product"}],"about":[{"href":"https:\/\/www.blogseite.com\/geschenke\/wp-json\/wp\/v2\/types\/product"}],"replies":[{"embeddable":true,"href":"https:\/\/www.blogseite.com\/geschenke\/wp-json\/wp\/v2\/comments?post=2127"}],"wp:featuredmedia":[{"embeddable":true,"href":"https:\/\/www.blogseite.com\/geschenke\/wp-json\/wp\/v2\/media\/2128"}],"wp:attachment":[{"href":"https:\/\/www.blogseite.com\/geschenke\/wp-json\/wp\/v2\/media?parent=2127"}],"wp:term":[{"taxonomy":"product_cat","embeddable":true,"href":"https:\/\/www.blogseite.com\/geschenke\/wp-json\/wp\/v2\/product_cat?post=2127"},{"taxonomy":"product_tag","embeddable":true,"href":"https:\/\/www.blogseite.com\/geschenke\/wp-json\/wp\/v2\/product_tag?post=2127"}],"curies":[{"name":"wp","href":"https:\/\/api.w.org\/{rel}","templated":true}]}}