{"id":2123,"date":"2021-01-23T15:54:46","date_gmt":"2021-01-23T14:54:46","guid":{"rendered":"https:\/\/geschenke.blogseite.com\/?post_type=product&#038;p=2123"},"modified":"2022-04-03T18:49:07","modified_gmt":"2022-04-03T16:49:07","slug":"castle-art-72-teiliges-buntstifte-set-im-etui-%f0%9f%a5%b0-%f0%9f%8e%a8","status":"publish","type":"product","link":"https:\/\/www.blogseite.com\/geschenke\/s\/castle-art-72-teiliges-buntstifte-set-im-etui-%f0%9f%a5%b0-%f0%9f%8e%a8\/","title":{"rendered":"Castle Art \u2013 72-teiliges Buntstifte-Set im Etui \ud83e\udd70 \ud83c\udfa8"},"content":{"rendered":"<ul>\n<li><span class=\"a-list-item\"> EINE GROSSE FREUDE \u2013 Das Set mit 72 hochwertigen Buntstiften, die perfekt in der Hand liegen, ist die erste Wahl von Tausenden K\u00fcnstlern, die wundersch\u00f6ne Kunstwerke schaffen m\u00f6chten. Die leicht zu verwendenden Buntstifte sind reichhaltig pigmentiert, damit Sie m\u00f6glichst viel Farbe ohne gro\u00dfe M\u00fche auftragen k\u00f6nnen \u2013 einfach ein Muss! <\/span><\/li>\n<li><span class=\"a-list-item\"> IDEAL ZUM VERMISCHEN UND KREIEREN VON SCHICHTEN \u2013 auf diese Qualit\u00e4t k\u00f6nnen sich K\u00fcnstler verlassen. Wir wissen, dass Sie Buntstifte brauchen, mit denen Sie Ihrem Kunstwerk Tiefe und Dimensionen oder zauberhafte Mischeffekte verleihen k\u00f6nnen. Dank der einheitlich gef\u00e4rbten Minen unserer Stifte gelingt Ihnen all das im Handumdrehen, damit Sie viel Freude beim Malen und Zeichnen haben und Kunstwerke erschaffen, auf die Sie stolz sein k\u00f6nnen. <\/span><\/li>\n<li><span class=\"a-list-item\"> DIE STIFTE IN EINEM PRAKTISCHEN REISSVERSCHLUSS-ETUI SIND BESCHRIFTET, NUMMERIERT UND FARBLICH GEKENNZEICHNET \u2013 damit Sie immer genau die gew\u00fcnschte Farbe finden und Ihre Stifte organisieren k\u00f6nnen. Sie k\u00f6nnen problemlos zwischen den F\u00e4chern wechseln, damit Sie stets die gew\u00fcnschte Farbe finden und Ihre Stifte geordnet und sicher aufbewahren k\u00f6nnen. Der ideale Begleiter auf Reisen \u2013 \u00fcberall und jederzeit. <\/span><\/li>\n<li><span class=\"a-list-item\"> KEINE FRUSTRIERENDEN BR\u00dcCHE \u2013 die bruchsicheren Mienen mit robuster und zuverl\u00e4ssiger Ummantelung aus hochwertigem Lindenholz machen das Malen sicherlich zum Vergn\u00fcgen. Dank der samtig-weichen Beschichtung k\u00f6nnen Sie die Stifte stundenlang in der Hand halten. <\/span><\/li>\n<li><span class=\"a-list-item\"> JETZT M\u00dcHELOS UND STRESSFREI BESTELLEN! Das Erstellen wundersch\u00f6ner Kunstwerke sollte Spa\u00df machen und stressfrei sein. Mit der Schritt-f\u00fcr-Schritt-Anleitung (im Lieferumfang enthalten) k\u00f6nnen Sie den magischen Greif auf der Vorderseite des Sets nachmalen. Wir bieten Ihnen eine Geld-zur\u00fcck-Garantie, damit Sie bedenkenlos bestellen k\u00f6nnen. Wenn Sie mit dem Produkt nicht zufrieden sind, erhalten Sie Ihr Geld zur\u00fcck und k\u00f6nnen das Stifteset behalten. <\/span><\/li>\n<\/ul>\n","protected":false},"excerpt":{"rendered":"<p>EINE GROSSE FREUDE \u2013 Das Set mit 72 hochwertigen Buntstiften, die perfekt in der Hand liegen, ist die erste Wahl von Tausenden K\u00fcnstlern, die wundersch\u00f6ne Kunstwerke schaffen m\u00f6chten. Die leicht zu verwendenden Buntstifte sind reichhaltig pigmentiert, damit Sie m\u00f6glichst viel Farbe ohne gro\u00dfe M\u00fche auftragen k\u00f6nnen \u2013 einfach ein Muss! IDEAL ZUM VERMISCHEN UND KREIEREN [&hellip;]<\/p>\n","protected":false},"featured_media":2124,"comment_status":"open","ping_status":"closed","template":"","meta":[],"product_cat":[78,103,74,110,116,63,53,45,108,73,280,426,432,431,293,301,292,300,70,297,299,295,294,291,296,298,64],"product_tag":[412,82],"class_list":{"0":"post-2123","1":"product","2":"type-product","3":"status-publish","4":"has-post-thumbnail","6":"product_cat-weihnachtsgeschenke","7":"product_cat-studenten","8":"product_cat-bester-freund","9":"product_cat-freund","10":"product_cat-frauen","11":"product_cat-mutter","12":"product_cat-muttertag","13":"product_cat-freundin","14":"product_cat-maenner","15":"product_cat-beste-freundin","16":"product_cat-geburtstagsgeschenke","17":"product_cat-nach-preis","18":"product_cat-ueber-35-euro","19":"product_cat-unter-50-euro","20":"product_cat-geschenk-fuer-bruder","21":"product_cat-eltern","22":"product_cat-sohn","23":"product_cat--kollege","24":"product_cat-geschenke-fuer-jeden-anlass","25":"product_cat--maedchen","26":"product_cat--chef","27":"product_cat--tochter","28":"product_cat--schwester","29":"product_cat-nerds","30":"product_cat--schwiegermutter","31":"product_cat--ehefrau","32":"product_cat-vater","33":"product_tag-buntstifte","34":"product_tag-geburtstagsgeschenk","36":"first","37":"instock","38":"shipping-taxable","39":"product-type-external"},"_links":{"self":[{"href":"https:\/\/www.blogseite.com\/geschenke\/wp-json\/wp\/v2\/product\/2123"}],"collection":[{"href":"https:\/\/www.blogseite.com\/geschenke\/wp-json\/wp\/v2\/product"}],"about":[{"href":"https:\/\/www.blogseite.com\/geschenke\/wp-json\/wp\/v2\/types\/product"}],"replies":[{"embeddable":true,"href":"https:\/\/www.blogseite.com\/geschenke\/wp-json\/wp\/v2\/comments?post=2123"}],"wp:featuredmedia":[{"embeddable":true,"href":"https:\/\/www.blogseite.com\/geschenke\/wp-json\/wp\/v2\/media\/2124"}],"wp:attachment":[{"href":"https:\/\/www.blogseite.com\/geschenke\/wp-json\/wp\/v2\/media?parent=2123"}],"wp:term":[{"taxonomy":"product_cat","embeddable":true,"href":"https:\/\/www.blogseite.com\/geschenke\/wp-json\/wp\/v2\/product_cat?post=2123"},{"taxonomy":"product_tag","embeddable":true,"href":"https:\/\/www.blogseite.com\/geschenke\/wp-json\/wp\/v2\/product_tag?post=2123"}],"curies":[{"name":"wp","href":"https:\/\/api.w.org\/{rel}","templated":true}]}}