{"id":2054,"date":"2021-01-23T09:19:12","date_gmt":"2021-01-23T08:19:12","guid":{"rendered":"https:\/\/geschenke.blogseite.com\/?post_type=product&#038;p=2054"},"modified":"2022-04-03T18:52:28","modified_gmt":"2022-04-03T16:52:28","slug":"sushi-einsteiger-zum-selber-machen-komplett-set","status":"publish","type":"product","link":"https:\/\/www.blogseite.com\/geschenke\/s\/sushi-einsteiger-zum-selber-machen-komplett-set\/","title":{"rendered":"Sushi Einsteiger zum selber machen &#8211; Komplett-Set"},"content":{"rendered":"<ul class=\"a-unordered-list a-vertical a-spacing-mini\">\n<li><span class=\"a-list-item\"> \ud83d\ude0b SUSHI ZUHAUSE SELBER MACHEN \u00ac\u2013 Ideal f\u00fcr einen Sushi Abend zu Hause mit Freunden, Familie &amp; Bekannten <\/span><\/li>\n<li><span class=\"a-list-item\"> \ud83c\udf5a ORIGINAL JAPANISCHE GRUNDZUTATEN \u2013 8-teiliges Komplett-Set mit allen ben\u00f6tigten Grundzutaten f\u00fcr einen leckeren Sushi Abend f\u00fcr bis zu 4 Personen, inklusive einer schrittweisen Rezeptanleitung <\/span><\/li>\n<li><span class=\"a-list-item\"> \ud83d\udcaf ALLES IN EINER BOX \u2013 Reishunger Sushi Reis (600g), Nori-Algenbl\u00e4tter (10st), Ingwer (4x5g), Sojasauce (4x7ml), Wasabi (4&#215;2,5g), Reisessig (2x10ml), St\u00e4bchen (4st) und Rollmatte mit L\u00f6ffel (1st) <\/span><\/li>\n<li><span class=\"a-list-item\"> \ud83c\udf81 ALS GESCHENK F\u00dcR ANF\u00c4NGER &amp; PROFIS \u2013 \u00dcber die schicke Reishunger Sushi Box freuen sich nicht nur Sushi-Fans, auch Sushi-Neulinge werden von Zutaten und Verpackung begeistert sein <\/span><\/li>\n<li><span class=\"a-list-item\"> \ud83d\udc96 PERFEKT ERWEITERBAR \u2013 F\u00fcr den idealen Sushi Abend empfehlen wir zus\u00e4tzlich die Reishunger Sushi Equipment Box sowie das Reishunger Sushi Servier Set <\/span><\/li>\n<\/ul>\n","protected":false},"excerpt":{"rendered":"<p>\ud83d\ude0b SUSHI ZUHAUSE SELBER MACHEN \u00ac\u2013 Ideal f\u00fcr einen Sushi Abend zu Hause mit Freunden, Familie &amp; Bekannten \ud83c\udf5a ORIGINAL JAPANISCHE GRUNDZUTATEN \u2013 8-teiliges Komplett-Set mit allen ben\u00f6tigten Grundzutaten f\u00fcr einen leckeren Sushi Abend f\u00fcr bis zu 4 Personen, inklusive einer schrittweisen Rezeptanleitung \ud83d\udcaf ALLES IN EINER BOX \u2013 Reishunger Sushi Reis (600g), Nori-Algenbl\u00e4tter (10st), [&hellip;]<\/p>\n","protected":false},"featured_media":2055,"comment_status":"open","ping_status":"closed","template":"","meta":[],"product_cat":[78,110,58,116,63,53,45,57,73,280,426,430,431,301,70,294,296,298],"product_tag":[76,410,92,109],"class_list":{"0":"post-2054","1":"product","2":"type-product","3":"status-publish","4":"has-post-thumbnail","6":"product_cat-weihnachtsgeschenke","7":"product_cat-freund","8":"product_cat-opa","9":"product_cat-frauen","10":"product_cat-mutter","11":"product_cat-muttertag","12":"product_cat-freundin","13":"product_cat-oma","14":"product_cat-beste-freundin","15":"product_cat-geburtstagsgeschenke","16":"product_cat-nach-preis","17":"product_cat-unter-20-euro","18":"product_cat-unter-50-euro","19":"product_cat-eltern","20":"product_cat-geschenke-fuer-jeden-anlass","21":"product_cat--schwester","22":"product_cat--schwiegermutter","23":"product_cat--ehefrau","24":"product_tag-geschenk-beste-freundin","25":"product_tag-geschenk-fuer-eltern","26":"product_tag-geschenk-fuer-freundin","27":"product_tag-geschenk-fuer-maenner","29":"first","30":"instock","31":"shipping-taxable","32":"product-type-external"},"_links":{"self":[{"href":"https:\/\/www.blogseite.com\/geschenke\/wp-json\/wp\/v2\/product\/2054"}],"collection":[{"href":"https:\/\/www.blogseite.com\/geschenke\/wp-json\/wp\/v2\/product"}],"about":[{"href":"https:\/\/www.blogseite.com\/geschenke\/wp-json\/wp\/v2\/types\/product"}],"replies":[{"embeddable":true,"href":"https:\/\/www.blogseite.com\/geschenke\/wp-json\/wp\/v2\/comments?post=2054"}],"wp:featuredmedia":[{"embeddable":true,"href":"https:\/\/www.blogseite.com\/geschenke\/wp-json\/wp\/v2\/media\/2055"}],"wp:attachment":[{"href":"https:\/\/www.blogseite.com\/geschenke\/wp-json\/wp\/v2\/media?parent=2054"}],"wp:term":[{"taxonomy":"product_cat","embeddable":true,"href":"https:\/\/www.blogseite.com\/geschenke\/wp-json\/wp\/v2\/product_cat?post=2054"},{"taxonomy":"product_tag","embeddable":true,"href":"https:\/\/www.blogseite.com\/geschenke\/wp-json\/wp\/v2\/product_tag?post=2054"}],"curies":[{"name":"wp","href":"https:\/\/api.w.org\/{rel}","templated":true}]}}