{"id":2046,"date":"2021-01-22T19:37:31","date_gmt":"2021-01-22T18:37:31","guid":{"rendered":"https:\/\/geschenke.blogseite.com\/?post_type=product&#038;p=2046"},"modified":"2022-04-03T18:54:54","modified_gmt":"2022-04-03T16:54:54","slug":"mathematik-spielzeug-lernspielzeug-kinder-%f0%9f%a4%93","status":"publish","type":"product","link":"https:\/\/www.blogseite.com\/geschenke\/s\/mathematik-spielzeug-lernspielzeug-kinder-%f0%9f%a4%93\/","title":{"rendered":"Mathematik Spielzeug : Lernspielzeug Kinder \ud83e\udd13"},"content":{"rendered":"<ul class=\"a-unordered-list a-vertical a-spacing-mini\">\n<li><span class=\"a-list-item\"> \u261b \u3010Bildung\u3011Bessere Noten in der Schule durch Fr\u00fchf\u00f6rderung Ihres Kindes. Hilft zur Vorbereitung auf die Schule \/ Vorschule \/ Kindergarten. Regt beide Gehirnh\u00e4lften an und hilft die Kreativit\u00e4t und Motorik des Kindes zu entwickeln und zu f\u00f6rdern. <\/span><\/li>\n<li><span class=\"a-list-item\"> \u261b \u3010Buntes Design\u3011Helle farbige Rechenst\u00e4bchen und Zahlen sind sehr gut f\u00fcr Sehsch\u00e4rfe des Babys. Sie werden sich sehr leicht dadurch angezogen. Das Spielzeug enth\u00e4lt 11 Nummer Fliesen, 5 mathematische Symbol Fliesen und 43 Rechenst\u00e4bchen in 4 Farben. <\/span><\/li>\n<li><span class=\"a-list-item\"> \u261b \u3010Mit Spa\u00df\u3011Spielerisches Lernen mit Farben, Zahlen, mathematischen Zeichen, Alphabet, Buchstaben und W\u00f6rtern. Das f\u00f6rdert die Intelligenz Ihres Kindes und macht jedem Kind spa\u00df! P\u00e4dagogisches Spiel von Lehrern und Experten empfohlen. <\/span><\/li>\n<li><span class=\"a-list-item\"> \u261b \u3010Perfektes Geschenk\u3011Reastar Spielzeug ist das beste Geschenk f\u00fcr Babys, Kinder, M\u00e4dchen und Junge zur Geburtstag, Taufe, Weihnachten und alltagsleben. <\/span><\/li>\n<\/ul>\n","protected":false},"excerpt":{"rendered":"<p>\u261b \u3010Bildung\u3011Bessere Noten in der Schule durch Fr\u00fchf\u00f6rderung Ihres Kindes. Hilft zur Vorbereitung auf die Schule \/ Vorschule \/ Kindergarten. Regt beide Gehirnh\u00e4lften an und hilft die Kreativit\u00e4t und Motorik des Kindes zu entwickeln und zu f\u00f6rdern. \u261b \u3010Buntes Design\u3011Helle farbige Rechenst\u00e4bchen und Zahlen sind sehr gut f\u00fcr Sehsch\u00e4rfe des Babys. Sie werden sich sehr [&hellip;]<\/p>\n","protected":false},"featured_media":2047,"comment_status":"open","ping_status":"closed","template":"","meta":[],"product_cat":[78,87,280,426,428,430,431,292,302,70,297],"product_tag":[386,134,452],"class_list":{"0":"post-2046","1":"product","2":"type-product","3":"status-publish","4":"has-post-thumbnail","6":"product_cat-weihnachtsgeschenke","7":"product_cat-kinder","8":"product_cat-geburtstagsgeschenke","9":"product_cat-nach-preis","10":"product_cat-unter-10-euro","11":"product_cat-unter-20-euro","12":"product_cat-unter-50-euro","13":"product_cat-sohn","14":"product_cat--jungen","15":"product_cat-geschenke-fuer-jeden-anlass","16":"product_cat--maedchen","17":"product_tag-geschenk-fuer-jungen","18":"product_tag-geschenk-fuer-maedchen","19":"product_tag-spielzeug","21":"first","22":"instock","23":"shipping-taxable","24":"product-type-external"},"_links":{"self":[{"href":"https:\/\/www.blogseite.com\/geschenke\/wp-json\/wp\/v2\/product\/2046"}],"collection":[{"href":"https:\/\/www.blogseite.com\/geschenke\/wp-json\/wp\/v2\/product"}],"about":[{"href":"https:\/\/www.blogseite.com\/geschenke\/wp-json\/wp\/v2\/types\/product"}],"replies":[{"embeddable":true,"href":"https:\/\/www.blogseite.com\/geschenke\/wp-json\/wp\/v2\/comments?post=2046"}],"wp:featuredmedia":[{"embeddable":true,"href":"https:\/\/www.blogseite.com\/geschenke\/wp-json\/wp\/v2\/media\/2047"}],"wp:attachment":[{"href":"https:\/\/www.blogseite.com\/geschenke\/wp-json\/wp\/v2\/media?parent=2046"}],"wp:term":[{"taxonomy":"product_cat","embeddable":true,"href":"https:\/\/www.blogseite.com\/geschenke\/wp-json\/wp\/v2\/product_cat?post=2046"},{"taxonomy":"product_tag","embeddable":true,"href":"https:\/\/www.blogseite.com\/geschenke\/wp-json\/wp\/v2\/product_tag?post=2046"}],"curies":[{"name":"wp","href":"https:\/\/api.w.org\/{rel}","templated":true}]}}