{"id":2020,"date":"2021-01-22T15:16:57","date_gmt":"2021-01-22T14:16:57","guid":{"rendered":"https:\/\/geschenke.blogseite.com\/?post_type=product&#038;p=2020"},"modified":"2022-04-03T19:03:18","modified_gmt":"2022-04-03T17:03:18","slug":"mini-hot-tabasco-geschenkset-%f0%9f%a5%b3","status":"publish","type":"product","link":"https:\/\/www.blogseite.com\/geschenke\/s\/mini-hot-tabasco-geschenkset-%f0%9f%a5%b3\/","title":{"rendered":"Mini Hot Tabasco Geschenkset \ud83e\udd73"},"content":{"rendered":"<ul class=\"a-unordered-list a-vertical a-spacing-mini\">\n<li><span class=\"a-list-item\"> PROBIERSET: Das Set besteht aus vier verschiedenen, besonders feurigen scharfen Tabasco-Saucen &#8211; Verpackt in kleinen Flaschen <\/span><\/li>\n<li><span class=\"a-list-item\"> VIELSEITIG: Das Saucen-Set bringt die n\u00f6tige Sch\u00e4rfe in jede K\u00fcchenkreation. Die Sch\u00e4rfe variiert von mild bis brennend scharf &#8211; so ist f\u00fcr jeden das richtige dabei <\/span><\/li>\n<li><span class=\"a-list-item\"> INHALT: Das Probierpaket beinhaltet vier kleine Fl\u00e4schchen, jedes gef\u00fcllt mit einer anderen Tabasco Hot Sauce. Enthalten sind 2x Tabasco Original, 1x Tabasco Green Jalapeno und 1x Tabasco Chipotle <\/span><\/li>\n<li><span class=\"a-list-item\"> VERWENDUNG: Die Saucen eignen sich ideal zum Kochen, als Saucenbasis oder einfach als Beilage oder Dip zu Chicken Wings, Pizza, Nachos und vielem mehr <\/span><\/li>\n<li><span class=\"a-list-item\"> GESCHENKIDEE: Das Saucen-Set ist das perfekte Geschenk f\u00fcr alle Fans von scharfem Essen. Ob zum Geburtstag, Vatertag, Muttertag, Weihnachten oder einfach zwischendurch, die Saucen-Auswahl wird f\u00fcr gelungene Abwechslung sorgen <\/span><\/li>\n<\/ul>\n","protected":false},"excerpt":{"rendered":"<p>PROBIERSET: Das Set besteht aus vier verschiedenen, besonders feurigen scharfen Tabasco-Saucen &#8211; Verpackt in kleinen Flaschen VIELSEITIG: Das Saucen-Set bringt die n\u00f6tige Sch\u00e4rfe in jede K\u00fcchenkreation. Die Sch\u00e4rfe variiert von mild bis brennend scharf &#8211; so ist f\u00fcr jeden das richtige dabei INHALT: Das Probierpaket beinhaltet vier kleine Fl\u00e4schchen, jedes gef\u00fcllt mit einer anderen Tabasco [&hellip;]<\/p>\n","protected":false},"featured_media":2021,"comment_status":"open","ping_status":"closed","template":"","meta":[],"product_cat":[78,110,58,116,63,53,45,57,73,280,426,429,430,431,301,70,294,296,298],"product_tag":[76,410,92,109,508],"class_list":{"0":"post-2020","1":"product","2":"type-product","3":"status-publish","4":"has-post-thumbnail","6":"product_cat-weihnachtsgeschenke","7":"product_cat-freund","8":"product_cat-opa","9":"product_cat-frauen","10":"product_cat-mutter","11":"product_cat-muttertag","12":"product_cat-freundin","13":"product_cat-oma","14":"product_cat-beste-freundin","15":"product_cat-geburtstagsgeschenke","16":"product_cat-nach-preis","17":"product_cat-unter-15-euro","18":"product_cat-unter-20-euro","19":"product_cat-unter-50-euro","20":"product_cat-eltern","21":"product_cat-geschenke-fuer-jeden-anlass","22":"product_cat--schwester","23":"product_cat--schwiegermutter","24":"product_cat--ehefrau","25":"product_tag-geschenk-beste-freundin","26":"product_tag-geschenk-fuer-eltern","27":"product_tag-geschenk-fuer-freundin","28":"product_tag-geschenk-fuer-maenner","29":"product_tag-scharfe-sauce","31":"first","32":"instock","33":"shipping-taxable","34":"product-type-external"},"_links":{"self":[{"href":"https:\/\/www.blogseite.com\/geschenke\/wp-json\/wp\/v2\/product\/2020"}],"collection":[{"href":"https:\/\/www.blogseite.com\/geschenke\/wp-json\/wp\/v2\/product"}],"about":[{"href":"https:\/\/www.blogseite.com\/geschenke\/wp-json\/wp\/v2\/types\/product"}],"replies":[{"embeddable":true,"href":"https:\/\/www.blogseite.com\/geschenke\/wp-json\/wp\/v2\/comments?post=2020"}],"wp:featuredmedia":[{"embeddable":true,"href":"https:\/\/www.blogseite.com\/geschenke\/wp-json\/wp\/v2\/media\/2021"}],"wp:attachment":[{"href":"https:\/\/www.blogseite.com\/geschenke\/wp-json\/wp\/v2\/media?parent=2020"}],"wp:term":[{"taxonomy":"product_cat","embeddable":true,"href":"https:\/\/www.blogseite.com\/geschenke\/wp-json\/wp\/v2\/product_cat?post=2020"},{"taxonomy":"product_tag","embeddable":true,"href":"https:\/\/www.blogseite.com\/geschenke\/wp-json\/wp\/v2\/product_tag?post=2020"}],"curies":[{"name":"wp","href":"https:\/\/api.w.org\/{rel}","templated":true}]}}