{"id":2011,"date":"2021-01-22T14:16:28","date_gmt":"2021-01-22T13:16:28","guid":{"rendered":"https:\/\/geschenke.blogseite.com\/?post_type=product&#038;p=2011"},"modified":"2022-04-03T19:07:39","modified_gmt":"2022-04-03T17:07:39","slug":"geile-weine-wein-mini-tasting-set-12-x-01","status":"publish","type":"product","link":"https:\/\/www.blogseite.com\/geschenke\/s\/geile-weine-wein-mini-tasting-set-12-x-01\/","title":{"rendered":"GEILE WEINE Wein Mini Tasting Set (12 x 0,1)"},"content":{"rendered":"<ul class=\"a-unordered-list a-vertical a-spacing-mini\">\n<li><span class=\"a-list-item\"> \ud83c\udf77Wir pr\u00e4sentieren: das GEILE WEINE Wein Mini Tasting Set! In diesem Paket findest Du alles, was man f\u00fcr eine spitzenm\u00e4\u00dfige Weinprobe braucht! <\/span><\/li>\n<li><span class=\"a-list-item\"> \ud83c\udf7e12 kleine Flaschen (0,1 Liter) mit bestem Wei\u00dfwein, Rotwein und Ros\u00e9 aus verschiedensten Rebsorten und bekannten Winzern aus Deutschland <\/span><\/li>\n<li><span class=\"a-list-item\"> \ud83e\udd42Dazu gibt es zwei wundersch\u00f6ne Weingl\u00e4ser, sodass es mit dem Probieren gleich los gehen kann <\/span><\/li>\n<li><span class=\"a-list-item\"> \ud83c\udf81Das perfekte Geschenk f\u00fcr Weinliebhaber oder als Mitbringsel f\u00fcr einen geselligen Abend mit Freunden! <\/span><\/li>\n<\/ul>\n","protected":false},"excerpt":{"rendered":"<p>\ud83c\udf77Wir pr\u00e4sentieren: das GEILE WEINE Wein Mini Tasting Set! In diesem Paket findest Du alles, was man f\u00fcr eine spitzenm\u00e4\u00dfige Weinprobe braucht! \ud83c\udf7e12 kleine Flaschen (0,1 Liter) mit bestem Wei\u00dfwein, Rotwein und Ros\u00e9 aus verschiedensten Rebsorten und bekannten Winzern aus Deutschland \ud83e\udd42Dazu gibt es zwei wundersch\u00f6ne Weingl\u00e4ser, sodass es mit dem Probieren gleich los gehen [&hellip;]<\/p>\n","protected":false},"featured_media":2012,"comment_status":"open","ping_status":"closed","template":"","meta":[],"product_cat":[78,74,110,54,116,63,53,45,108,73,280,55,426,432,433,431,293,301,300,70,299,295,294,296,298,64],"product_tag":[470,76,92,109,516],"class_list":{"0":"post-2011","1":"product","2":"type-product","3":"status-publish","4":"has-post-thumbnail","6":"product_cat-weihnachtsgeschenke","7":"product_cat-bester-freund","8":"product_cat-freund","9":"product_cat-vatertag","10":"product_cat-frauen","11":"product_cat-mutter","12":"product_cat-muttertag","13":"product_cat-freundin","14":"product_cat-maenner","15":"product_cat-beste-freundin","16":"product_cat-geburtstagsgeschenke","17":"product_cat-valentinstag","18":"product_cat-nach-preis","19":"product_cat-ueber-35-euro","20":"product_cat-ueber-40-euro","21":"product_cat-unter-50-euro","22":"product_cat-geschenk-fuer-bruder","23":"product_cat-eltern","24":"product_cat--kollege","25":"product_cat-geschenke-fuer-jeden-anlass","26":"product_cat--chef","27":"product_cat--tochter","28":"product_cat--schwester","29":"product_cat--schwiegermutter","30":"product_cat--ehefrau","31":"product_cat-vater","32":"product_tag-alkohol","33":"product_tag-geschenk-beste-freundin","34":"product_tag-geschenk-fuer-freundin","35":"product_tag-geschenk-fuer-maenner","36":"product_tag-win","38":"first","39":"instock","40":"shipping-taxable","41":"product-type-external"},"_links":{"self":[{"href":"https:\/\/www.blogseite.com\/geschenke\/wp-json\/wp\/v2\/product\/2011"}],"collection":[{"href":"https:\/\/www.blogseite.com\/geschenke\/wp-json\/wp\/v2\/product"}],"about":[{"href":"https:\/\/www.blogseite.com\/geschenke\/wp-json\/wp\/v2\/types\/product"}],"replies":[{"embeddable":true,"href":"https:\/\/www.blogseite.com\/geschenke\/wp-json\/wp\/v2\/comments?post=2011"}],"wp:featuredmedia":[{"embeddable":true,"href":"https:\/\/www.blogseite.com\/geschenke\/wp-json\/wp\/v2\/media\/2012"}],"wp:attachment":[{"href":"https:\/\/www.blogseite.com\/geschenke\/wp-json\/wp\/v2\/media?parent=2011"}],"wp:term":[{"taxonomy":"product_cat","embeddable":true,"href":"https:\/\/www.blogseite.com\/geschenke\/wp-json\/wp\/v2\/product_cat?post=2011"},{"taxonomy":"product_tag","embeddable":true,"href":"https:\/\/www.blogseite.com\/geschenke\/wp-json\/wp\/v2\/product_tag?post=2011"}],"curies":[{"name":"wp","href":"https:\/\/api.w.org\/{rel}","templated":true}]}}