{"id":198,"date":"2020-11-14T19:18:11","date_gmt":"2020-11-14T18:18:11","guid":{"rendered":"https:\/\/geschenke.blogseite.com\/?post_type=product&#038;p=198"},"modified":"2022-04-06T12:31:54","modified_gmt":"2022-04-06T10:31:54","slug":"kuscheldecke-verschiedene-groessen","status":"publish","type":"product","link":"https:\/\/www.blogseite.com\/geschenke\/s\/kuscheldecke-verschiedene-groessen\/","title":{"rendered":"Kuscheldecke &#8211; verschiedene Gr\u00f6\u00dfen"},"content":{"rendered":"<h1 class=\"a-size-base-plus a-text-bold\">Info zu diesem Artikel<\/h1>\n<ul class=\"a-unordered-list a-vertical a-spacing-mini\">\n<li><span class=\"a-list-item\">Die Gr\u00e4fenstayn Kuscheldecke besteht aus hochwertigem kuschelweichem Mikrofaserflausch und tr\u00e4gt das \u00d6KO-TEX Siegel Standard 100: \u201eGepr\u00fcftes Vertrauen\u201c (Zertifikat-Nr.: 06.RA.44916 Hohenstein HTTI)<\/span><\/li>\n<li><span class=\"a-list-item\">Mit ihrer sehr angenehm weichen und anschmiegsamen Oberfl\u00e4che liegt die Kuscheldecke wundervoll leicht auf der Haut und h\u00e4lt sch\u00f6n warm<\/span><\/li>\n<li><span class=\"a-list-item\">Die pflegeleichte und strapazierf\u00e4hige Qualit\u00e4t aus 100% Polyester erm\u00f6glicht eine Maschinenw\u00e4sche bis 40\u00b0<\/span><\/li>\n<li><span class=\"a-list-item\">Sie eignet sich hervorragend als Tagesdecke, Sofa\u00fcberwurf, TV-Decke, Campingdecke, Picknickdecke oder auch als Reisedecke<\/span><\/li>\n<li><span class=\"a-list-item\">Die flauschige hautsympathische Gr\u00e4fenstayn Kuscheldecke ist Ihr perfekter Begleiter f\u00fcr gem\u00fctliche Abende auf dem Sofa oder auf der Terrasse<\/span><\/li>\n<\/ul>\n","protected":false},"excerpt":{"rendered":"<p>Info zu diesem Artikel Die Gr\u00e4fenstayn Kuscheldecke besteht aus hochwertigem kuschelweichem Mikrofaserflausch und tr\u00e4gt das \u00d6KO-TEX Siegel Standard 100: \u201eGepr\u00fcftes Vertrauen\u201c (Zertifikat-Nr.: 06.RA.44916 Hohenstein HTTI) Mit ihrer sehr angenehm weichen und anschmiegsamen Oberfl\u00e4che liegt die Kuscheldecke wundervoll leicht auf der Haut und h\u00e4lt sch\u00f6n warm Die pflegeleichte und strapazierf\u00e4hige Qualit\u00e4t aus 100% Polyester erm\u00f6glicht eine [&hellip;]<\/p>\n","protected":false},"featured_media":199,"comment_status":"open","ping_status":"closed","template":"","meta":[],"product_cat":[78,63,45,57,73,426,431],"product_tag":[471,101,100,99,97,98,102],"class_list":{"0":"post-198","1":"product","2":"type-product","3":"status-publish","4":"has-post-thumbnail","6":"product_cat-weihnachtsgeschenke","7":"product_cat-mutter","8":"product_cat-freundin","9":"product_cat-oma","10":"product_cat-beste-freundin","11":"product_cat-nach-preis","12":"product_cat-unter-50-euro","13":"product_tag-decke","14":"product_tag-geschenk-fuer-familie","15":"product_tag-geschenk-fuer-mutter","16":"product_tag-geschenk-fuer-oma","17":"product_tag-geschenk-fuer-opa","18":"product_tag-kuscheldecke","19":"product_tag-winter-geschenk","21":"first","22":"instock","23":"shipping-taxable","24":"product-type-external"},"_links":{"self":[{"href":"https:\/\/www.blogseite.com\/geschenke\/wp-json\/wp\/v2\/product\/198"}],"collection":[{"href":"https:\/\/www.blogseite.com\/geschenke\/wp-json\/wp\/v2\/product"}],"about":[{"href":"https:\/\/www.blogseite.com\/geschenke\/wp-json\/wp\/v2\/types\/product"}],"replies":[{"embeddable":true,"href":"https:\/\/www.blogseite.com\/geschenke\/wp-json\/wp\/v2\/comments?post=198"}],"wp:featuredmedia":[{"embeddable":true,"href":"https:\/\/www.blogseite.com\/geschenke\/wp-json\/wp\/v2\/media\/199"}],"wp:attachment":[{"href":"https:\/\/www.blogseite.com\/geschenke\/wp-json\/wp\/v2\/media?parent=198"}],"wp:term":[{"taxonomy":"product_cat","embeddable":true,"href":"https:\/\/www.blogseite.com\/geschenke\/wp-json\/wp\/v2\/product_cat?post=198"},{"taxonomy":"product_tag","embeddable":true,"href":"https:\/\/www.blogseite.com\/geschenke\/wp-json\/wp\/v2\/product_tag?post=198"}],"curies":[{"name":"wp","href":"https:\/\/api.w.org\/{rel}","templated":true}]}}