{"id":191,"date":"2020-11-14T18:33:51","date_gmt":"2020-11-14T17:33:51","guid":{"rendered":"https:\/\/geschenke.blogseite.com\/?post_type=product&#038;p=191"},"modified":"2022-04-06T12:33:29","modified_gmt":"2022-04-06T10:33:29","slug":"leuchtpunkte-fuer-sternenhimmel-extra-starke-leuchtkraft-wandsticker-leuchtaufkleber","status":"publish","type":"product","link":"https:\/\/www.blogseite.com\/geschenke\/s\/leuchtpunkte-fuer-sternenhimmel-extra-starke-leuchtkraft-wandsticker-leuchtaufkleber\/","title":{"rendered":"Leuchtpunkte f\u00fcr Sternenhimmel, extra Starke Leuchtkraft, Wandsticker Leuchtaufkleber"},"content":{"rendered":"<ul class=\"a-unordered-list a-vertical a-spacing-mini\">\n<li><span class=\"a-list-item\">261 St\u00fcck fluoreszierende Leuchtpunkte. Leuchten im Dunkeln!<\/span><\/li>\n<li><span class=\"a-list-item\">Einfaches und schnelles Anbringen. Aktivieren, abziehen, aufkleben, Fertig!<\/span><\/li>\n<li><span class=\"a-list-item\">100% Raufasergeeignet und bester Halt auf glatten Fl\u00e4chen. Ausgenommen Latex, Silikon.<\/span><\/li>\n<li><span class=\"a-list-item\">Made in Germany! Beste Qualit\u00e4t. Hergestellt aus selbstklebender Vinylfolie.<\/span><\/li>\n<li><span class=\"a-list-item\">Gr\u00f6\u00dfen\/Ma\u00dfe: 15 St\u00fcck \u00e0 21 x 21 mm, 126 St\u00fcck \u00e0 15 x 15 mm, 120 St\u00fcck \u00e0 10 x 10 mm<\/span><\/li>\n<\/ul>\n","protected":false},"excerpt":{"rendered":"<p>261 St\u00fcck fluoreszierende Leuchtpunkte. Leuchten im Dunkeln! Einfaches und schnelles Anbringen. Aktivieren, abziehen, aufkleben, Fertig! 100% Raufasergeeignet und bester Halt auf glatten Fl\u00e4chen. Ausgenommen Latex, Silikon. Made in Germany! Beste Qualit\u00e4t. Hergestellt aus selbstklebender Vinylfolie. Gr\u00f6\u00dfen\/Ma\u00dfe: 15 St\u00fcck \u00e0 21 x 21 mm, 126 St\u00fcck \u00e0 15 x 15 mm, 120 St\u00fcck \u00e0 10 x [&hellip;]<\/p>\n","protected":false},"featured_media":192,"comment_status":"open","ping_status":"closed","template":"","meta":[],"product_cat":[87,426,428,429,430,431],"product_tag":[473,94,95],"class_list":{"0":"post-191","1":"product","2":"type-product","3":"status-publish","4":"has-post-thumbnail","6":"product_cat-kinder","7":"product_cat-nach-preis","8":"product_cat-unter-10-euro","9":"product_cat-unter-15-euro","10":"product_cat-unter-20-euro","11":"product_cat-unter-50-euro","12":"product_tag-aufkleber","13":"product_tag-geschenk-fuer-kinder","14":"product_tag-weihnachtsgeschenk","16":"first","17":"instock","18":"shipping-taxable","19":"product-type-external"},"_links":{"self":[{"href":"https:\/\/www.blogseite.com\/geschenke\/wp-json\/wp\/v2\/product\/191"}],"collection":[{"href":"https:\/\/www.blogseite.com\/geschenke\/wp-json\/wp\/v2\/product"}],"about":[{"href":"https:\/\/www.blogseite.com\/geschenke\/wp-json\/wp\/v2\/types\/product"}],"replies":[{"embeddable":true,"href":"https:\/\/www.blogseite.com\/geschenke\/wp-json\/wp\/v2\/comments?post=191"}],"wp:featuredmedia":[{"embeddable":true,"href":"https:\/\/www.blogseite.com\/geschenke\/wp-json\/wp\/v2\/media\/192"}],"wp:attachment":[{"href":"https:\/\/www.blogseite.com\/geschenke\/wp-json\/wp\/v2\/media?parent=191"}],"wp:term":[{"taxonomy":"product_cat","embeddable":true,"href":"https:\/\/www.blogseite.com\/geschenke\/wp-json\/wp\/v2\/product_cat?post=191"},{"taxonomy":"product_tag","embeddable":true,"href":"https:\/\/www.blogseite.com\/geschenke\/wp-json\/wp\/v2\/product_tag?post=191"}],"curies":[{"name":"wp","href":"https:\/\/api.w.org\/{rel}","templated":true}]}}