{"id":1905,"date":"2021-01-19T18:45:40","date_gmt":"2021-01-19T17:45:40","guid":{"rendered":"https:\/\/geschenke.blogseite.com\/?post_type=product&#038;p=1905"},"modified":"2022-04-03T19:35:11","modified_gmt":"2022-04-03T17:35:11","slug":"paladone-pac-man-und-geister-lampe-gamer-zocker","status":"publish","type":"product","link":"https:\/\/www.blogseite.com\/geschenke\/s\/paladone-pac-man-und-geister-lampe-gamer-zocker\/","title":{"rendered":"Paladone Pac Man und Geister Lampe &#8211; Gamer &#038; Zocker"},"content":{"rendered":"<ul>\n<li><span class=\"a-list-item\"> \u3010Gut Gestimmtes Audio\u3011 &#8212; Dank des 6 W DSP-gestimmten Breitbandlautsprechers und der Bluetooth 5.0 Technologie sowie des Bassanschluss-Designs liefert es eine eindrucksvolle Klangqualit\u00e4t <\/span><\/li>\n<li><span class=\"a-list-item\"> \u3010Globale Community\u3011 &#8212; Pixel-Art-Designs downloaden und mit anderen teilen; Ihre Lieblingsdesigns liken und kommentieren; anderen Nutzern folgen und mit ihnen chatten; an den monatlichen Aktivit\u00e4ten von Divoom teilnehmen <\/span><\/li>\n<li><span class=\"a-list-item\"> \u3010Smart Wecker Funktion\u3011 &#8212; Starten Sie Ihren Tag mit 14 integrierten t\u00e4glichen Alarmt\u00f6nen und individualisierbaren Optionen. Um das tats\u00e4chliche Szenario des Sonnenaufgangs nachzuahmen, wird der Ton auf Ihrem Timebox-Evo allm\u00e4hlich aufklingen und das Licht langsam aufleuchten <\/span><\/li>\n<li><span class=\"a-list-item\"> \u3010Ihr Pers\u00f6nlicher Assistent\u3011 &#8212; Sozialmedienbenachrichtigung; Wetter- und Temperaturanzeige; Terminbenachrichtigung; Sprachnotizen, Stoppuhr\u2026 Entdecken Sie sofort mehr <\/span><\/li>\n<li><span class=\"a-list-item\"> \u3010\u201cDIVOOM\u201d APP\u3011 &#8212; Diese App ist kompatibel mit IOS und Android und unterst\u00fctzt Partymusikanwendung von Drittparteien. Sie k\u00f6nnen die App zuerst downloaden und probieren, bevor Sie Timebox-Evo kaufen <\/span><\/li>\n<\/ul>\n","protected":false},"excerpt":{"rendered":"<p>\u3010Gut Gestimmtes Audio\u3011 &#8212; Dank des 6 W DSP-gestimmten Breitbandlautsprechers und der Bluetooth 5.0 Technologie sowie des Bassanschluss-Designs liefert es eine eindrucksvolle Klangqualit\u00e4t \u3010Globale Community\u3011 &#8212; Pixel-Art-Designs downloaden und mit anderen teilen; Ihre Lieblingsdesigns liken und kommentieren; anderen Nutzern folgen und mit ihnen chatten; an den monatlichen Aktivit\u00e4ten von Divoom teilnehmen \u3010Smart Wecker Funktion\u3011 &#8212; [&hellip;]<\/p>\n","protected":false},"featured_media":1906,"comment_status":"open","ping_status":"closed","template":"","meta":[],"product_cat":[78,280,426,431,70,291],"product_tag":[177,523],"class_list":{"0":"post-1905","1":"product","2":"type-product","3":"status-publish","4":"has-post-thumbnail","6":"product_cat-weihnachtsgeschenke","7":"product_cat-geburtstagsgeschenke","8":"product_cat-nach-preis","9":"product_cat-unter-50-euro","10":"product_cat-geschenke-fuer-jeden-anlass","11":"product_cat-nerds","12":"product_tag-geschenk-fuer-gamer","13":"product_tag-tischleuchte","15":"first","16":"instock","17":"shipping-taxable","18":"product-type-external"},"_links":{"self":[{"href":"https:\/\/www.blogseite.com\/geschenke\/wp-json\/wp\/v2\/product\/1905"}],"collection":[{"href":"https:\/\/www.blogseite.com\/geschenke\/wp-json\/wp\/v2\/product"}],"about":[{"href":"https:\/\/www.blogseite.com\/geschenke\/wp-json\/wp\/v2\/types\/product"}],"replies":[{"embeddable":true,"href":"https:\/\/www.blogseite.com\/geschenke\/wp-json\/wp\/v2\/comments?post=1905"}],"wp:featuredmedia":[{"embeddable":true,"href":"https:\/\/www.blogseite.com\/geschenke\/wp-json\/wp\/v2\/media\/1906"}],"wp:attachment":[{"href":"https:\/\/www.blogseite.com\/geschenke\/wp-json\/wp\/v2\/media?parent=1905"}],"wp:term":[{"taxonomy":"product_cat","embeddable":true,"href":"https:\/\/www.blogseite.com\/geschenke\/wp-json\/wp\/v2\/product_cat?post=1905"},{"taxonomy":"product_tag","embeddable":true,"href":"https:\/\/www.blogseite.com\/geschenke\/wp-json\/wp\/v2\/product_tag?post=1905"}],"curies":[{"name":"wp","href":"https:\/\/api.w.org\/{rel}","templated":true}]}}