{"id":1829,"date":"2021-01-16T17:43:29","date_gmt":"2021-01-16T16:43:29","guid":{"rendered":"https:\/\/geschenke.blogseite.com\/?post_type=product&#038;p=1829"},"modified":"2022-04-03T19:53:13","modified_gmt":"2022-04-03T17:53:13","slug":"partyspiel-fuer-erwachsene-ideal-fuer-das-vorgluehen-und-den-spieleabend","status":"publish","type":"product","link":"https:\/\/www.blogseite.com\/geschenke\/s\/partyspiel-fuer-erwachsene-ideal-fuer-das-vorgluehen-und-den-spieleabend\/","title":{"rendered":"Partyspiel f\u00fcr Erwachsene &#8211; ideal f\u00fcr das Vorgl\u00fchen und den Spieleabend"},"content":{"rendered":"<ul class=\"a-unordered-list a-vertical a-spacing-mini\">\n<li><span class=\"a-list-item\"> DIE 8 BESTEN TRINKSPIELE \u2013 enth\u00e4lt Bier Pong, Ring of Fire (auch King\u2018s Cup), Noch nie habe ich, Wer w\u00fcrde am ehesten, Flip Cup, 21, Arroganz und Screw the Dealer <\/span><\/li>\n<li><span class=\"a-list-item\"> BRINGT JEDE PARTY IN SCHWUNG \u2013 Diese verr\u00fcckten Saufspiele f\u00fcr Erwachsene sind ideal zum Vorgl\u00fchen, f\u00fcr Junggesellen- und Junggesellinenabschiede, Spieleabende, Grillpartys, WG-Partys oder Festivals <\/span><\/li>\n<li><span class=\"a-list-item\"> EINFACHE REGELN, SCHRITT F\u00dcR SCHRITT \u2013 Anstatt Zeit mit komplizierten Regeln zu vergeuden, k\u00f6nnt ihr sofort anfangen zu bechern <\/span><\/li>\n<li><span class=\"a-list-item\"> HOCHWERTIG \u2013 enth\u00e4lt 20 wiederverwendbare rote Plastikbecher, 4 Tischtennisb\u00e4lle, ein Saufkoffer-Kartenspiel und Regelheft. Ihr m\u00fcsst lediglich Freunde und Alk beschaffen <\/span><\/li>\n<li><span class=\"a-list-item\"> IDEALES GESCHENK \u2013 Party-Zubeh\u00f6r zum Verschenken, mit dem ihr sofort loslegen k\u00f6nnt. Nur den Kater danach ist es besser alleine auszukurieren! <\/span><\/li>\n<\/ul>\n","protected":false},"excerpt":{"rendered":"<p>DIE 8 BESTEN TRINKSPIELE \u2013 enth\u00e4lt Bier Pong, Ring of Fire (auch King\u2018s Cup), Noch nie habe ich, Wer w\u00fcrde am ehesten, Flip Cup, 21, Arroganz und Screw the Dealer BRINGT JEDE PARTY IN SCHWUNG \u2013 Diese verr\u00fcckten Saufspiele f\u00fcr Erwachsene sind ideal zum Vorgl\u00fchen, f\u00fcr Junggesellen- und Junggesellinenabschiede, Spieleabende, Grillpartys, WG-Partys oder Festivals EINFACHE [&hellip;]<\/p>\n","protected":false},"featured_media":1830,"comment_status":"open","ping_status":"closed","template":"","meta":[],"product_cat":[78,103,74,426,429,430,431,70,124],"product_tag":[106,404],"class_list":{"0":"post-1829","1":"product","2":"type-product","3":"status-publish","4":"has-post-thumbnail","6":"product_cat-weihnachtsgeschenke","7":"product_cat-studenten","8":"product_cat-bester-freund","9":"product_cat-nach-preis","10":"product_cat-unter-15-euro","11":"product_cat-unter-20-euro","12":"product_cat-unter-50-euro","13":"product_cat-geschenke-fuer-jeden-anlass","14":"product_cat-jungesellenabschied","15":"product_tag-geschenk-fuer-studenten","16":"product_tag-trinkspiel","18":"first","19":"instock","20":"shipping-taxable","21":"product-type-external"},"_links":{"self":[{"href":"https:\/\/www.blogseite.com\/geschenke\/wp-json\/wp\/v2\/product\/1829"}],"collection":[{"href":"https:\/\/www.blogseite.com\/geschenke\/wp-json\/wp\/v2\/product"}],"about":[{"href":"https:\/\/www.blogseite.com\/geschenke\/wp-json\/wp\/v2\/types\/product"}],"replies":[{"embeddable":true,"href":"https:\/\/www.blogseite.com\/geschenke\/wp-json\/wp\/v2\/comments?post=1829"}],"wp:featuredmedia":[{"embeddable":true,"href":"https:\/\/www.blogseite.com\/geschenke\/wp-json\/wp\/v2\/media\/1830"}],"wp:attachment":[{"href":"https:\/\/www.blogseite.com\/geschenke\/wp-json\/wp\/v2\/media?parent=1829"}],"wp:term":[{"taxonomy":"product_cat","embeddable":true,"href":"https:\/\/www.blogseite.com\/geschenke\/wp-json\/wp\/v2\/product_cat?post=1829"},{"taxonomy":"product_tag","embeddable":true,"href":"https:\/\/www.blogseite.com\/geschenke\/wp-json\/wp\/v2\/product_tag?post=1829"}],"curies":[{"name":"wp","href":"https:\/\/api.w.org\/{rel}","templated":true}]}}