{"id":1825,"date":"2021-01-16T17:33:40","date_gmt":"2021-01-16T16:33:40","guid":{"rendered":"https:\/\/geschenke.blogseite.com\/?post_type=product&#038;p=1825"},"modified":"2022-04-03T19:54:07","modified_gmt":"2022-04-03T17:54:07","slug":"lederguertel-fuer-grosse-und-grosse-maenner-gr-x-large","status":"publish","type":"product","link":"https:\/\/www.blogseite.com\/geschenke\/s\/lederguertel-fuer-grosse-und-grosse-maenner-gr-x-large\/","title":{"rendered":"Lederg\u00fcrtel f\u00fcr gro\u00dfe und gro\u00dfe M\u00e4nner Gr. X-Large"},"content":{"rendered":"<ul class=\"a-unordered-list a-vertical a-spacing-mini\">\n<li><span class=\"a-list-item\"> \u3010VERSTELLBARE GR\u00d6SSE\u3011 &#8211; Wenn der Riemen zu lang ist,bitte \u00f6ffnen Sie die Schnalle und schneiden Sie die unn\u00f6tige G\u00fcrtel. <\/span><\/li>\n<li><span class=\"a-list-item\"> \u3010MAXIMALE HALTBARKEIT\u3011- Echtes Leder Qualit\u00e4tsg\u00fcrtel, die elegant mit Klasse gestaltet ist. Kratzfeste Schnallen f\u00fcr lange Haltbarkeit. <\/span><\/li>\n<li><span class=\"a-list-item\"> Verschluss: Schnalle <\/span><\/li>\n<li><span class=\"a-list-item\"> Leder <\/span><\/li>\n<li><span class=\"a-list-item\"> \u3010VERSCHLIE\u00dfT AUTOMATISCH\u3011 &#8211; Keine L\u00f6cher Ratschenband k\u00f6nnen Sie Ihre G\u00fcrtel genau einstellen, um die perfekte Passform. <\/span><\/li>\n<li><span class=\"a-list-item\"> \u3010Stylisch &amp; Elegant\u3011 &#8211; Exquisite Design des G\u00fcrtels, einzigartiges Futter mit pr\u00e4gnanten Stil perfekt f\u00fcr die Dekoration mit allen Arten von Kleidung. <\/span><\/li>\n<li><span class=\"a-list-item\"> \u30101 JAHR-GARANTIE\u3011 &#8211; 100% Zufriedenheit garantiert, 60 Tage kostenlose R\u00fccksendung und R\u00fcckerstattung Garantie, plus 360 Tage Garantie. <\/span><\/li>\n<\/ul>\n","protected":false},"excerpt":{"rendered":"<p>\u3010VERSTELLBARE GR\u00d6SSE\u3011 &#8211; Wenn der Riemen zu lang ist,bitte \u00f6ffnen Sie die Schnalle und schneiden Sie die unn\u00f6tige G\u00fcrtel. \u3010MAXIMALE HALTBARKEIT\u3011- Echtes Leder Qualit\u00e4tsg\u00fcrtel, die elegant mit Klasse gestaltet ist. Kratzfeste Schnallen f\u00fcr lange Haltbarkeit. Verschluss: Schnalle Leder \u3010VERSCHLIE\u00dfT AUTOMATISCH\u3011 &#8211; Keine L\u00f6cher Ratschenband k\u00f6nnen Sie Ihre G\u00fcrtel genau einstellen, um die perfekte Passform. \u3010Stylisch [&hellip;]<\/p>\n","protected":false},"featured_media":1826,"comment_status":"open","ping_status":"closed","template":"","meta":[],"product_cat":[78,103,74,110,54,108,280,426,430,431,293,301,292,302,70,64],"product_tag":[79,531],"class_list":{"0":"post-1825","1":"product","2":"type-product","3":"status-publish","4":"has-post-thumbnail","6":"product_cat-weihnachtsgeschenke","7":"product_cat-studenten","8":"product_cat-bester-freund","9":"product_cat-freund","10":"product_cat-vatertag","11":"product_cat-maenner","12":"product_cat-geburtstagsgeschenke","13":"product_cat-nach-preis","14":"product_cat-unter-20-euro","15":"product_cat-unter-50-euro","16":"product_cat-geschenk-fuer-bruder","17":"product_cat-eltern","18":"product_cat-sohn","19":"product_cat--jungen","20":"product_cat-geschenke-fuer-jeden-anlass","21":"product_cat-vater","22":"product_tag-geschenk-fuer-freund","23":"product_tag-grtel","25":"first","26":"instock","27":"shipping-taxable","28":"product-type-external"},"_links":{"self":[{"href":"https:\/\/www.blogseite.com\/geschenke\/wp-json\/wp\/v2\/product\/1825"}],"collection":[{"href":"https:\/\/www.blogseite.com\/geschenke\/wp-json\/wp\/v2\/product"}],"about":[{"href":"https:\/\/www.blogseite.com\/geschenke\/wp-json\/wp\/v2\/types\/product"}],"replies":[{"embeddable":true,"href":"https:\/\/www.blogseite.com\/geschenke\/wp-json\/wp\/v2\/comments?post=1825"}],"wp:featuredmedia":[{"embeddable":true,"href":"https:\/\/www.blogseite.com\/geschenke\/wp-json\/wp\/v2\/media\/1826"}],"wp:attachment":[{"href":"https:\/\/www.blogseite.com\/geschenke\/wp-json\/wp\/v2\/media?parent=1825"}],"wp:term":[{"taxonomy":"product_cat","embeddable":true,"href":"https:\/\/www.blogseite.com\/geschenke\/wp-json\/wp\/v2\/product_cat?post=1825"},{"taxonomy":"product_tag","embeddable":true,"href":"https:\/\/www.blogseite.com\/geschenke\/wp-json\/wp\/v2\/product_tag?post=1825"}],"curies":[{"name":"wp","href":"https:\/\/api.w.org\/{rel}","templated":true}]}}