{"id":1815,"date":"2021-01-16T17:10:23","date_gmt":"2021-01-16T16:10:23","guid":{"rendered":"https:\/\/geschenke.blogseite.com\/?post_type=product&#038;p=1815"},"modified":"2022-04-03T19:56:32","modified_gmt":"2022-04-03T17:56:32","slug":"wortraetselbox-die-kreative-geschenk-verpackung-%f0%9f%a4%93","status":"publish","type":"product","link":"https:\/\/www.blogseite.com\/geschenke\/s\/wortraetselbox-die-kreative-geschenk-verpackung-%f0%9f%a4%93\/","title":{"rendered":"Wortr\u00e4tselbox \u2013 die kreative Geschenk-Verpackung \ud83e\udd13"},"content":{"rendered":"<ul class=\"a-unordered-list a-vertical a-spacing-mini\">\n<li><span class=\"a-list-item\"> EINZIGARTIGES VERSCHENKEN &#8211; SURPRISA bietet die tolle M\u00f6glichkeit ein Geldgeschenk oder einen Gutschein besonders kreativ zu verschenken und bei dem Beschenkten einzigartig in Erinnerung zu bleiben. <\/span><\/li>\n<li><span class=\"a-list-item\"> VIELSEITIG &#8211; Unsere Geschenkverpackung ist f\u00fcr alle Anl\u00e4sse geeignet &#8211; ob als Hochzeitsgeschenk, zum Valentinstag, zu Weihnachten, zur Kommunion, zum Jubil\u00e4um oder Muttertag bzw. Vatertag. <\/span><\/li>\n<li><span class=\"a-list-item\"> PERS\u00d6NLICH &#8211; Bringen Sie Ihre Wertsch\u00e4tzung gegen\u00fcber dem Beschenkten besonders zum Ausdruck &#8211; f\u00fcr den Freund, die Frau, M\u00e4nner, Erwachsene oder Kinder &#8211; unsere R\u00e4tselbox ist etwas Originelles. <\/span><\/li>\n<li><span class=\"a-list-item\"> WIEDERVERWENDBAR &#8211; Entgegen gew\u00f6hnlichem Geschenkpapier kann die sch\u00f6ne Box jederzeit zur Aufbewahrung weiter genutzt werden. Zum Geld sparen f\u00fcr die n\u00e4chste Reise oder einfach als Safe. <\/span><\/li>\n<li><span class=\"a-list-item\"> LIEBEVOLL ENTWICKELT &#8211; Die Geschenkverpackung ist \u00e4u\u00dferst hochwertig verarbeitet und mit viel Liebe zum Detail gestaltet. Mit SURPRISA wird \u201ebesonders Schenken\u201c zur absoluten Herzensangelegenheit. <\/span><\/li>\n<\/ul>\n","protected":false},"excerpt":{"rendered":"<p>EINZIGARTIGES VERSCHENKEN &#8211; SURPRISA bietet die tolle M\u00f6glichkeit ein Geldgeschenk oder einen Gutschein besonders kreativ zu verschenken und bei dem Beschenkten einzigartig in Erinnerung zu bleiben. VIELSEITIG &#8211; Unsere Geschenkverpackung ist f\u00fcr alle Anl\u00e4sse geeignet &#8211; ob als Hochzeitsgeschenk, zum Valentinstag, zu Weihnachten, zur Kommunion, zum Jubil\u00e4um oder Muttertag bzw. Vatertag. PERS\u00d6NLICH &#8211; Bringen Sie [&hellip;]<\/p>\n","protected":false},"featured_media":1816,"comment_status":"open","ping_status":"closed","template":"","meta":[],"product_cat":[78,103,74,110,116,63,45,57,87,280,426,430,431,293,301,292,300,302,70,297,299,295,294,291,298],"product_tag":[208,529],"class_list":{"0":"post-1815","1":"product","2":"type-product","3":"status-publish","4":"has-post-thumbnail","6":"product_cat-weihnachtsgeschenke","7":"product_cat-studenten","8":"product_cat-bester-freund","9":"product_cat-freund","10":"product_cat-frauen","11":"product_cat-mutter","12":"product_cat-freundin","13":"product_cat-oma","14":"product_cat-kinder","15":"product_cat-geburtstagsgeschenke","16":"product_cat-nach-preis","17":"product_cat-unter-20-euro","18":"product_cat-unter-50-euro","19":"product_cat-geschenk-fuer-bruder","20":"product_cat-eltern","21":"product_cat-sohn","22":"product_cat--kollege","23":"product_cat--jungen","24":"product_cat-geschenke-fuer-jeden-anlass","25":"product_cat--maedchen","26":"product_cat--chef","27":"product_cat--tochter","28":"product_cat--schwester","29":"product_cat-nerds","30":"product_cat--ehefrau","31":"product_tag-geschenk-fuer-jeden-anlass","32":"product_tag-geschenk-verpackung","34":"first","35":"instock","36":"shipping-taxable","37":"product-type-external"},"_links":{"self":[{"href":"https:\/\/www.blogseite.com\/geschenke\/wp-json\/wp\/v2\/product\/1815"}],"collection":[{"href":"https:\/\/www.blogseite.com\/geschenke\/wp-json\/wp\/v2\/product"}],"about":[{"href":"https:\/\/www.blogseite.com\/geschenke\/wp-json\/wp\/v2\/types\/product"}],"replies":[{"embeddable":true,"href":"https:\/\/www.blogseite.com\/geschenke\/wp-json\/wp\/v2\/comments?post=1815"}],"wp:featuredmedia":[{"embeddable":true,"href":"https:\/\/www.blogseite.com\/geschenke\/wp-json\/wp\/v2\/media\/1816"}],"wp:attachment":[{"href":"https:\/\/www.blogseite.com\/geschenke\/wp-json\/wp\/v2\/media?parent=1815"}],"wp:term":[{"taxonomy":"product_cat","embeddable":true,"href":"https:\/\/www.blogseite.com\/geschenke\/wp-json\/wp\/v2\/product_cat?post=1815"},{"taxonomy":"product_tag","embeddable":true,"href":"https:\/\/www.blogseite.com\/geschenke\/wp-json\/wp\/v2\/product_tag?post=1815"}],"curies":[{"name":"wp","href":"https:\/\/api.w.org\/{rel}","templated":true}]}}