{"id":1809,"date":"2021-01-16T14:35:29","date_gmt":"2021-01-16T13:35:29","guid":{"rendered":"https:\/\/geschenke.blogseite.com\/?post_type=product&#038;p=1809"},"modified":"2022-04-03T19:57:31","modified_gmt":"2022-04-03T17:57:31","slug":"trinkspiel-looping-louie-geschenk-jungesellenabschied","status":"publish","type":"product","link":"https:\/\/www.blogseite.com\/geschenke\/s\/trinkspiel-looping-louie-geschenk-jungesellenabschied\/","title":{"rendered":"Trinkspiel: Looping Louie : Geschenk Jungesellenabschied"},"content":{"rendered":"<ul class=\"a-unordered-list a-vertical a-spacing-mini\">\n<li><span class=\"a-list-item\"> Da lachen ja die H\u00fchner: Bruchpilot Louie und sein batteriebetriebenes Flugzeug rasen bei diesem Spiel im Sturzflug auf den H\u00fchnerstall zu \u2013 besch\u00fctze deine H\u00fchner und wehre Louie mit der Wippe ab! <\/span><\/li>\n<li><span class=\"a-list-item\"> Der beliebte Kinderspiel-Klassiker: Looping Louie garantiert Action f\u00fcr die ganze Familie und macht den Erwachsenen beim Spieleabend mindestens genauso viel Spa\u00df wie den Kleinen auf einem Kindergeburtstag. <\/span><\/li>\n<li><span class=\"a-list-item\"> Lieferumfang: 1 x Looping Louie, der Kinderspielklassiker von Hasbro. <\/span><\/li>\n<li><span class=\"a-list-item\"> Tolle Geschenkidee: Gro\u00df und Klein sch\u00e4tzen das lustige 3D Spiel, bei dem es nicht nur schnelle Reflexe, sondern auch eine Portion Geschicklichkeit braucht, um seine Spiel-Chips vor dem herabst\u00fcrzenden Louie zu sch\u00fctzen. <\/span><\/li>\n<li><span class=\"a-list-item\"> Mit 2 Geschicklichkeitsstufen: Entscheide selber, welches Tempo das batteriebetriebene Gesellschaftsspiel einschl\u00e4gt und halte mit blitzartigen Reflexen alle H\u00fchner bei der Stange. <\/span><\/li>\n<\/ul>\n","protected":false},"excerpt":{"rendered":"<p>Da lachen ja die H\u00fchner: Bruchpilot Louie und sein batteriebetriebenes Flugzeug rasen bei diesem Spiel im Sturzflug auf den H\u00fchnerstall zu \u2013 besch\u00fctze deine H\u00fchner und wehre Louie mit der Wippe ab! Der beliebte Kinderspiel-Klassiker: Looping Louie garantiert Action f\u00fcr die ganze Familie und macht den Erwachsenen beim Spieleabend mindestens genauso viel Spa\u00df wie den [&hellip;]<\/p>\n","protected":false},"featured_media":1810,"comment_status":"open","ping_status":"closed","template":"","meta":[],"product_cat":[103,280,70,124],"product_tag":[106],"class_list":{"0":"post-1809","1":"product","2":"type-product","3":"status-publish","4":"has-post-thumbnail","6":"product_cat-studenten","7":"product_cat-geburtstagsgeschenke","8":"product_cat-geschenke-fuer-jeden-anlass","9":"product_cat-jungesellenabschied","10":"product_tag-geschenk-fuer-studenten","12":"first","13":"instock","14":"shipping-taxable","15":"product-type-external"},"_links":{"self":[{"href":"https:\/\/www.blogseite.com\/geschenke\/wp-json\/wp\/v2\/product\/1809"}],"collection":[{"href":"https:\/\/www.blogseite.com\/geschenke\/wp-json\/wp\/v2\/product"}],"about":[{"href":"https:\/\/www.blogseite.com\/geschenke\/wp-json\/wp\/v2\/types\/product"}],"replies":[{"embeddable":true,"href":"https:\/\/www.blogseite.com\/geschenke\/wp-json\/wp\/v2\/comments?post=1809"}],"wp:featuredmedia":[{"embeddable":true,"href":"https:\/\/www.blogseite.com\/geschenke\/wp-json\/wp\/v2\/media\/1810"}],"wp:attachment":[{"href":"https:\/\/www.blogseite.com\/geschenke\/wp-json\/wp\/v2\/media?parent=1809"}],"wp:term":[{"taxonomy":"product_cat","embeddable":true,"href":"https:\/\/www.blogseite.com\/geschenke\/wp-json\/wp\/v2\/product_cat?post=1809"},{"taxonomy":"product_tag","embeddable":true,"href":"https:\/\/www.blogseite.com\/geschenke\/wp-json\/wp\/v2\/product_tag?post=1809"}],"curies":[{"name":"wp","href":"https:\/\/api.w.org\/{rel}","templated":true}]}}