{"id":1770,"date":"2021-01-15T15:49:23","date_gmt":"2021-01-15T14:49:23","guid":{"rendered":"https:\/\/geschenke.blogseite.com\/?post_type=product&#038;p=1770"},"modified":"2022-04-03T20:03:38","modified_gmt":"2022-04-03T18:03:38","slug":"halskette-echt-silber-mit-3-namen-gravur-fuer-frauen-silber","status":"publish","type":"product","link":"https:\/\/www.blogseite.com\/geschenke\/s\/halskette-echt-silber-mit-3-namen-gravur-fuer-frauen-silber\/","title":{"rendered":"Halskette Echt Silber mit 3 Namen Gravur f\u00fcr Frauen Silber"},"content":{"rendered":"<ul class=\"a-unordered-list a-vertical a-spacing-mini\">\n<li><span class=\"a-list-item\"> \u2740 Kostenlose Gravur: Mit der Halskette k\u00f6nnen Sie 3 Geburtssteine \u200b\u200bsimulieren und 3 spezielle Daten \/ Namen \/ S\u00e4tze auf den Anh\u00e4nger gravieren, um ihn f\u00fcr Sie besonders und aussagekr\u00e4ftig zu machen. <\/span><\/li>\n<li><span class=\"a-list-item\"> \u2740 Benutzerdefinierte Schritte: 1- Klicken Sie auf Jetzt anpassen. 2-W\u00e4hlen Sie simulierte Geburtssteine; 3-Geben Sie Texte in das Feld ein. <\/span><\/li>\n<li><span class=\"a-list-item\"> \u2740 Material &#8211; Hergestellt aus 925er Sterlingsilber und Zirkonia, anst\u00e4ndige Halskette f\u00fcr den t\u00e4glichen Gebrauch. <\/span><\/li>\n<li><span class=\"a-list-item\"> \u2740 Geschenkauswahl &#8211; Diese simulierte Birthstone Promise-Halskette wird mit einer Ringschachtel und einem Poliertuch geliefert, das zum Geben oder Empfangen bereit ist. Ein wunderbares Geschenk f\u00fcr sich selbst, Ihren Liebhaber, Ihre Freunde, Ihre Familie oder jeden anderen, der sich um Geburtstag, Weihnachten, Verlobungen, Abschlussfeier, Hochzeiten, Muttertag, Verlobungen, Valentinstagsgeschenke oder besondere Termine k\u00fcmmert. <\/span><\/li>\n<li><span class=\"a-list-item\"> \u2740 60 Tage kostenlose Ersatzgarantie gegen Anlaufen und Steinschlag. Sorglos einkaufen! Wenn Sie irgendwelche Fragen oder Probleme haben, f\u00fchlen sich pls frei, uns zu mailen. Wir werden Ihnen innerhalb von 24 Stunden antworten, um die Fragen zu beantworten und die Probleme so schnell wie m\u00f6glich zu l\u00f6sen. <\/span><\/li>\n<\/ul>\n","protected":false},"excerpt":{"rendered":"<p>\u2740 Kostenlose Gravur: Mit der Halskette k\u00f6nnen Sie 3 Geburtssteine \u200b\u200bsimulieren und 3 spezielle Daten \/ Namen \/ S\u00e4tze auf den Anh\u00e4nger gravieren, um ihn f\u00fcr Sie besonders und aussagekr\u00e4ftig zu machen. \u2740 Benutzerdefinierte Schritte: 1- Klicken Sie auf Jetzt anpassen. 2-W\u00e4hlen Sie simulierte Geburtssteine; 3-Geben Sie Texte in das Feld ein. \u2740 Material &#8211; [&hellip;]<\/p>\n","protected":false},"featured_media":1771,"comment_status":"open","ping_status":"closed","template":"","meta":[],"product_cat":[78,116,63,53,56,45,73,52,280,55,426,431,301,70,295,294,296,298],"product_tag":[442,324,92],"class_list":{"0":"post-1770","1":"product","2":"type-product","3":"status-publish","4":"has-post-thumbnail","6":"product_cat-weihnachtsgeschenke","7":"product_cat-frauen","8":"product_cat-mutter","9":"product_cat-muttertag","10":"product_cat-hochzeit","11":"product_cat-freundin","12":"product_cat-beste-freundin","13":"product_cat-hochzeitsgeschenke","14":"product_cat-geburtstagsgeschenke","15":"product_cat-valentinstag","16":"product_cat-nach-preis","17":"product_cat-unter-50-euro","18":"product_cat-eltern","19":"product_cat-geschenke-fuer-jeden-anlass","20":"product_cat--tochter","21":"product_cat--schwester","22":"product_cat--schwiegermutter","23":"product_cat--ehefrau","24":"product_tag-frauen-ohrringe","25":"product_tag-geschenk-fuer-ehefrau","26":"product_tag-geschenk-fuer-freundin","28":"first","29":"instock","30":"shipping-taxable","31":"product-type-external"},"_links":{"self":[{"href":"https:\/\/www.blogseite.com\/geschenke\/wp-json\/wp\/v2\/product\/1770"}],"collection":[{"href":"https:\/\/www.blogseite.com\/geschenke\/wp-json\/wp\/v2\/product"}],"about":[{"href":"https:\/\/www.blogseite.com\/geschenke\/wp-json\/wp\/v2\/types\/product"}],"replies":[{"embeddable":true,"href":"https:\/\/www.blogseite.com\/geschenke\/wp-json\/wp\/v2\/comments?post=1770"}],"wp:featuredmedia":[{"embeddable":true,"href":"https:\/\/www.blogseite.com\/geschenke\/wp-json\/wp\/v2\/media\/1771"}],"wp:attachment":[{"href":"https:\/\/www.blogseite.com\/geschenke\/wp-json\/wp\/v2\/media?parent=1770"}],"wp:term":[{"taxonomy":"product_cat","embeddable":true,"href":"https:\/\/www.blogseite.com\/geschenke\/wp-json\/wp\/v2\/product_cat?post=1770"},{"taxonomy":"product_tag","embeddable":true,"href":"https:\/\/www.blogseite.com\/geschenke\/wp-json\/wp\/v2\/product_tag?post=1770"}],"curies":[{"name":"wp","href":"https:\/\/api.w.org\/{rel}","templated":true}]}}