{"id":1761,"date":"2021-01-15T15:26:14","date_gmt":"2021-01-15T14:26:14","guid":{"rendered":"https:\/\/geschenke.blogseite.com\/?post_type=product&#038;p=1761"},"modified":"2022-04-03T20:04:48","modified_gmt":"2022-04-03T18:04:48","slug":"kettenanhaenger-herzanhaenger-inkl-gravur-edelstahl-%f0%9f%98%98","status":"publish","type":"product","link":"https:\/\/www.blogseite.com\/geschenke\/s\/kettenanhaenger-herzanhaenger-inkl-gravur-edelstahl-%f0%9f%98%98\/","title":{"rendered":"Kettenanh\u00e4nger Herzanh\u00e4nger &#8211; inkl. Gravur &#8211; Edelstahl \ud83d\ude18"},"content":{"rendered":"<ul class=\"a-unordered-list a-vertical a-spacing-mini\">\n<li><span class=\"a-list-item\"> \u21d2 Herzanh\u00e4nger mit Ihrem pers\u00f6nlichen Bild gravieren lassen (Kette 50 cm inklusive) \u2665 <\/span><\/li>\n<li><span class=\"a-list-item\"> \u21d2 Benutzen Sie den AMAZON KONFIGURATOR und gestalten Sie Ihre pers\u00f6nliches Schmuckst\u00fcck. Sie k\u00f6nnen Ihr Wunschbild bequem hochladen und ggf. Ihre Wunschgravur und Schriftart eingeben. Klicken Sie auf JETZT anpassen! \u2665 <\/span><\/li>\n<li><span class=\"a-list-item\"> \u21d2 Ihr Foto wird mit einer Lasergravur auf das Schmuckst\u00fcck graviert. Sie finden in der Fotogalerie Detailinformationen zum Ablauf. Bitte beachten Sie die Hinweise unten bei der Produktbeschreibung zum speziellen Ablauf, wenn Sie eine Gravur w\u00fcnschen. \u2665 <\/span><\/li>\n<li><span class=\"a-list-item\"> \u21d2 Geschenk zu unterschiedlichen Anl\u00e4ssen: Valentinstag, Geburtstag, Muttertag, Jahrestag, Verlobung, Hochzeit. Machen Sie Ihrer Freundin, Ehefrau, Mutter oder Tochter eine tolle \u00dcberraschung. \u2665 <\/span><\/li>\n<li><span class=\"a-list-item\"> \u21d2 Bitte beachten Sie, dass gravierte Produkte vom Umtausch ausgeschlossen sind! \u2665 <\/span><\/li>\n<\/ul>\n","protected":false},"excerpt":{"rendered":"<p>\u21d2 Herzanh\u00e4nger mit Ihrem pers\u00f6nlichen Bild gravieren lassen (Kette 50 cm inklusive) \u2665 \u21d2 Benutzen Sie den AMAZON KONFIGURATOR und gestalten Sie Ihre pers\u00f6nliches Schmuckst\u00fcck. Sie k\u00f6nnen Ihr Wunschbild bequem hochladen und ggf. Ihre Wunschgravur und Schriftart eingeben. Klicken Sie auf JETZT anpassen! \u2665 \u21d2 Ihr Foto wird mit einer Lasergravur auf das Schmuckst\u00fcck graviert. [&hellip;]<\/p>\n","protected":false},"featured_media":1762,"comment_status":"open","ping_status":"closed","template":"","meta":[],"product_cat":[78,116,63,53,56,45,73,52,280,55,426,431,301,70,295,294,296,298],"product_tag":[463,324,92],"class_list":{"0":"post-1761","1":"product","2":"type-product","3":"status-publish","4":"has-post-thumbnail","6":"product_cat-weihnachtsgeschenke","7":"product_cat-frauen","8":"product_cat-mutter","9":"product_cat-muttertag","10":"product_cat-hochzeit","11":"product_cat-freundin","12":"product_cat-beste-freundin","13":"product_cat-hochzeitsgeschenke","14":"product_cat-geburtstagsgeschenke","15":"product_cat-valentinstag","16":"product_cat-nach-preis","17":"product_cat-unter-50-euro","18":"product_cat-eltern","19":"product_cat-geschenke-fuer-jeden-anlass","20":"product_cat--tochter","21":"product_cat--schwester","22":"product_cat--schwiegermutter","23":"product_cat--ehefrau","24":"product_tag-anhaenger","25":"product_tag-geschenk-fuer-ehefrau","26":"product_tag-geschenk-fuer-freundin","28":"first","29":"instock","30":"shipping-taxable","31":"product-type-external"},"_links":{"self":[{"href":"https:\/\/www.blogseite.com\/geschenke\/wp-json\/wp\/v2\/product\/1761"}],"collection":[{"href":"https:\/\/www.blogseite.com\/geschenke\/wp-json\/wp\/v2\/product"}],"about":[{"href":"https:\/\/www.blogseite.com\/geschenke\/wp-json\/wp\/v2\/types\/product"}],"replies":[{"embeddable":true,"href":"https:\/\/www.blogseite.com\/geschenke\/wp-json\/wp\/v2\/comments?post=1761"}],"wp:featuredmedia":[{"embeddable":true,"href":"https:\/\/www.blogseite.com\/geschenke\/wp-json\/wp\/v2\/media\/1762"}],"wp:attachment":[{"href":"https:\/\/www.blogseite.com\/geschenke\/wp-json\/wp\/v2\/media?parent=1761"}],"wp:term":[{"taxonomy":"product_cat","embeddable":true,"href":"https:\/\/www.blogseite.com\/geschenke\/wp-json\/wp\/v2\/product_cat?post=1761"},{"taxonomy":"product_tag","embeddable":true,"href":"https:\/\/www.blogseite.com\/geschenke\/wp-json\/wp\/v2\/product_tag?post=1761"}],"curies":[{"name":"wp","href":"https:\/\/api.w.org\/{rel}","templated":true}]}}