{"id":1759,"date":"2021-01-15T15:17:12","date_gmt":"2021-01-15T14:17:12","guid":{"rendered":"https:\/\/geschenke.blogseite.com\/?post_type=product&#038;p=1759"},"modified":"2022-04-03T20:05:06","modified_gmt":"2022-04-03T18:05:06","slug":"namenskette-freundin-personalisierte-kette-18k-gold","status":"publish","type":"product","link":"https:\/\/www.blogseite.com\/geschenke\/s\/namenskette-freundin-personalisierte-kette-18k-gold\/","title":{"rendered":"Namenskette Freundin: Personalisierte Kette 18K Gold"},"content":{"rendered":"<ul class=\"a-unordered-list a-vertical a-spacing-mini\">\n<li><span class=\"a-list-item\"> \u2665Edle Namenskette: Dieses beeindruckende Schmuckst\u00fcck erm\u00f6glicht Ihnen die Anpassung mit einem Namen Ihrer Wahl, wundersch\u00f6n dargestellt in mehreren Schriften. Schick und einzigartig \u2013 unabh\u00e4ngig von Ihrem Stil! Denkbar w\u00e4re auch die Pr\u00e4sentation eines bedeutungsvollen Wortes, das Ihre Lebensweise oder Ihr wahres Ich offenbart. <\/span><\/li>\n<li><span class=\"a-list-item\"> \u2665Individuelle Personalisierung: Diese sch\u00f6ne Namenskette bietet einige klassische Schrifte, die beim Tragen f\u00fcr einen wundersch\u00f6nen, perfekt ausgewogenen Look sorgt. Geben Sie einfach ein Wort oder einen Satz bis zu 30 Zeichen auf 4 Seiten ein, unsere kompetenten Handwerker werden sich um jedes Detail k\u00fcmmern. Zeichen(@ \u2764 \u2661 \u2709\u266a \u20ac \uffe1\u00a5 $ \u2605 \u27bc \u27bd \u265b) sind auch m\u00f6glich. <\/span><\/li>\n<li><span class=\"a-list-item\"> \u2665Perfektes Geschenkidee: Wenn Sie nach einem originellen Geschenk suchen, ist diese exklusive Kette genau das Richtige. Ganz egal ob f\u00fcr deinen Partner, deine beste Freundin oder einem Familienmitglied, das besondere Geschenk zum anstehenden Geburtstag, Einschulung oder Hochzeitsfeier darf einfach nicht fehlen. <\/span><\/li>\n<li><span class=\"a-list-item\"> \u2665Zuverl\u00e4ssige Qualit\u00e4t: Aus 925 Sterling Silber, 18K Gold\/Ros\u00e9 Vergoldung und nach 15 Qualit\u00e4ttesten. Von der Auswahl feinster Materialien bis zur Qualit\u00e4tskontrolle streben wir 100-prozentige Kundenzufriedenheit an. <\/span><\/li>\n<li><span class=\"a-list-item\"> \u2665Freundliches Service: Wir versprechen Ihnen immer freundlich Lebenslange Service-Unterst\u00fctzung und bieten eine 12 Monate Garantie. Fragen oder Probleme bez\u00fcglich der Bestellung werden innerhalb von 24 Stunden beantwortet. <\/span><\/li>\n<\/ul>\n","protected":false},"excerpt":{"rendered":"<p>\u2665Edle Namenskette: Dieses beeindruckende Schmuckst\u00fcck erm\u00f6glicht Ihnen die Anpassung mit einem Namen Ihrer Wahl, wundersch\u00f6n dargestellt in mehreren Schriften. Schick und einzigartig \u2013 unabh\u00e4ngig von Ihrem Stil! Denkbar w\u00e4re auch die Pr\u00e4sentation eines bedeutungsvollen Wortes, das Ihre Lebensweise oder Ihr wahres Ich offenbart. \u2665Individuelle Personalisierung: Diese sch\u00f6ne Namenskette bietet einige klassische Schrifte, die beim Tragen [&hellip;]<\/p>\n","protected":false},"featured_media":1760,"comment_status":"open","ping_status":"closed","template":"","meta":[],"product_cat":[78,116,63,53,56,45,73,52,280,55,426,431,301,70,295,294,296,298],"product_tag":[324,92,542],"class_list":{"0":"post-1759","1":"product","2":"type-product","3":"status-publish","4":"has-post-thumbnail","6":"product_cat-weihnachtsgeschenke","7":"product_cat-frauen","8":"product_cat-mutter","9":"product_cat-muttertag","10":"product_cat-hochzeit","11":"product_cat-freundin","12":"product_cat-beste-freundin","13":"product_cat-hochzeitsgeschenke","14":"product_cat-geburtstagsgeschenke","15":"product_cat-valentinstag","16":"product_cat-nach-preis","17":"product_cat-unter-50-euro","18":"product_cat-eltern","19":"product_cat-geschenke-fuer-jeden-anlass","20":"product_cat--tochter","21":"product_cat--schwester","22":"product_cat--schwiegermutter","23":"product_cat--ehefrau","24":"product_tag-geschenk-fuer-ehefrau","25":"product_tag-geschenk-fuer-freundin","26":"product_tag-halskette","28":"first","29":"instock","30":"shipping-taxable","31":"product-type-external"},"_links":{"self":[{"href":"https:\/\/www.blogseite.com\/geschenke\/wp-json\/wp\/v2\/product\/1759"}],"collection":[{"href":"https:\/\/www.blogseite.com\/geschenke\/wp-json\/wp\/v2\/product"}],"about":[{"href":"https:\/\/www.blogseite.com\/geschenke\/wp-json\/wp\/v2\/types\/product"}],"replies":[{"embeddable":true,"href":"https:\/\/www.blogseite.com\/geschenke\/wp-json\/wp\/v2\/comments?post=1759"}],"wp:featuredmedia":[{"embeddable":true,"href":"https:\/\/www.blogseite.com\/geschenke\/wp-json\/wp\/v2\/media\/1760"}],"wp:attachment":[{"href":"https:\/\/www.blogseite.com\/geschenke\/wp-json\/wp\/v2\/media?parent=1759"}],"wp:term":[{"taxonomy":"product_cat","embeddable":true,"href":"https:\/\/www.blogseite.com\/geschenke\/wp-json\/wp\/v2\/product_cat?post=1759"},{"taxonomy":"product_tag","embeddable":true,"href":"https:\/\/www.blogseite.com\/geschenke\/wp-json\/wp\/v2\/product_tag?post=1759"}],"curies":[{"name":"wp","href":"https:\/\/api.w.org\/{rel}","templated":true}]}}