{"id":1745,"date":"2021-01-15T14:17:28","date_gmt":"2021-01-15T13:17:28","guid":{"rendered":"https:\/\/geschenke.blogseite.com\/?post_type=product&#038;p=1745"},"modified":"2022-04-03T20:09:14","modified_gmt":"2022-04-03T18:09:14","slug":"sterling-silber-halskette-personalisiert-damen-halskette","status":"publish","type":"product","link":"https:\/\/www.blogseite.com\/geschenke\/s\/sterling-silber-halskette-personalisiert-damen-halskette\/","title":{"rendered":"Sterling Silber Halskette Personalisiert Damen Halskette"},"content":{"rendered":"<ul class=\"a-unordered-list a-vertical a-spacing-mini\">\n<li><span class=\"a-list-item\"> Das Produkt besteht aus 100% 925 Sterling Silber,100% sicher f\u00fcr empfindliche Haut. flowing script font, das von Spitzenhandwerkern exquisit geschnitzt wurde. Ganz im Trend, zeig der Welt, wer du bist! Jede stilvolle Frau sollte eine benutzerdefinierte Namensschild-Halskette in ihrer Schmuckschatulle haben. <\/span><\/li>\n<li><span class=\"a-list-item\"> Wenn Sie auf der Suche nach einem nachdenklichen Geschenk f\u00fcr einen geliebten Menschen sind, ist dies ein wunderbares St\u00fcck, mit dem Sie sie pr\u00e4sentieren k\u00f6nnen. Tragen Sie Ihren, Sie und die Namen Ihrer Lebensgef\u00e4hrten oder Ihrer Kinder, um eine einzigartige Aussage zu treffen, die Sie stets im Auge behalten. Einfach und s\u00fc\u00df, diese machen ein erstaunliches Geschenk. <\/span><\/li>\n<li><span class=\"a-list-item\"> Alle JOELLE JEWELRY-Namensketten haben eine polierte Oberfl\u00e4che, sodass sie im Licht wundersch\u00f6n gl\u00e4nzen. Sie werden den phantasievollen Look dieser personalisierten Namenskette lieben. Klassisches gl\u00e4nzendes Design kommt nie aus der Mode. <\/span><\/li>\n<li><span class=\"a-list-item\"> Sobald wir Ihre Bestellung erhalten, werden wir Ihre Kette im Grundsatz innerhalb von 1 Tage machen. Die Anfertigungszeit dauert 3-5 Tage. Wenn Sie Fragen haben, melden Sie sich bitte bei uns an. Wir werden Ihre Frage innerhalb von 7 Stunden beantworten. <\/span><\/li>\n<li><span class=\"a-list-item\"> Benutzerdefinierte Schritte: 1 &#8211; W\u00e4hlen Sie Ihre Lieblings-Anh\u00e4nger-Stil. 2 &#8211; Klicken Sie auf &#8220;Jetzt anpassen&#8221; f\u00fcr die Personalisierung. 3 &#8211; Geben Sie Ihren Namen ein, um eine Vorschau zu sehen, und f\u00fcgen Sie sie den Warenkorb hinzu. (Keine Interpunktion und Emoji) <\/span><\/li>\n<\/ul>\n","protected":false},"excerpt":{"rendered":"<p>Das Produkt besteht aus 100% 925 Sterling Silber,100% sicher f\u00fcr empfindliche Haut. flowing script font, das von Spitzenhandwerkern exquisit geschnitzt wurde. Ganz im Trend, zeig der Welt, wer du bist! Jede stilvolle Frau sollte eine benutzerdefinierte Namensschild-Halskette in ihrer Schmuckschatulle haben. Wenn Sie auf der Suche nach einem nachdenklichen Geschenk f\u00fcr einen geliebten Menschen sind, [&hellip;]<\/p>\n","protected":false},"featured_media":1746,"comment_status":"open","ping_status":"closed","template":"","meta":[],"product_cat":[116,63,53,56,73,426,430,431,301,70,295,294,296,298],"product_tag":[113,92,542],"class_list":{"0":"post-1745","1":"product","2":"type-product","3":"status-publish","4":"has-post-thumbnail","6":"product_cat-frauen","7":"product_cat-mutter","8":"product_cat-muttertag","9":"product_cat-hochzeit","10":"product_cat-beste-freundin","11":"product_cat-nach-preis","12":"product_cat-unter-20-euro","13":"product_cat-unter-50-euro","14":"product_cat-eltern","15":"product_cat-geschenke-fuer-jeden-anlass","16":"product_cat--tochter","17":"product_cat--schwester","18":"product_cat--schwiegermutter","19":"product_cat--ehefrau","20":"product_tag-geschenk-fuer-frauen","21":"product_tag-geschenk-fuer-freundin","22":"product_tag-halskette","24":"first","25":"instock","26":"shipping-taxable","27":"product-type-external"},"_links":{"self":[{"href":"https:\/\/www.blogseite.com\/geschenke\/wp-json\/wp\/v2\/product\/1745"}],"collection":[{"href":"https:\/\/www.blogseite.com\/geschenke\/wp-json\/wp\/v2\/product"}],"about":[{"href":"https:\/\/www.blogseite.com\/geschenke\/wp-json\/wp\/v2\/types\/product"}],"replies":[{"embeddable":true,"href":"https:\/\/www.blogseite.com\/geschenke\/wp-json\/wp\/v2\/comments?post=1745"}],"wp:featuredmedia":[{"embeddable":true,"href":"https:\/\/www.blogseite.com\/geschenke\/wp-json\/wp\/v2\/media\/1746"}],"wp:attachment":[{"href":"https:\/\/www.blogseite.com\/geschenke\/wp-json\/wp\/v2\/media?parent=1745"}],"wp:term":[{"taxonomy":"product_cat","embeddable":true,"href":"https:\/\/www.blogseite.com\/geschenke\/wp-json\/wp\/v2\/product_cat?post=1745"},{"taxonomy":"product_tag","embeddable":true,"href":"https:\/\/www.blogseite.com\/geschenke\/wp-json\/wp\/v2\/product_tag?post=1745"}],"curies":[{"name":"wp","href":"https:\/\/api.w.org\/{rel}","templated":true}]}}