{"id":1738,"date":"2021-01-15T13:58:56","date_gmt":"2021-01-15T12:58:56","guid":{"rendered":"https:\/\/geschenke.blogseite.com\/?post_type=product&#038;p=1738"},"modified":"2022-04-03T20:10:30","modified_gmt":"2022-04-03T18:10:30","slug":"girl-disney-princess-kosmetikset-ab-3-jahre","status":"publish","type":"product","link":"https:\/\/www.blogseite.com\/geschenke\/s\/girl-disney-princess-kosmetikset-ab-3-jahre\/","title":{"rendered":"Girl Disney Princess Kosmetikset ab 3 Jahre"},"content":{"rendered":"<ul class=\"a-unordered-list a-vertical a-spacing-mini\">\n<li><span class=\"a-list-item\"> Beste Kombinationen von Aromen und lustigen Balsamen und Glanzmitteln &#8211; F\u00fcr ein feuchtigkeitsspendendes oder gl\u00e4nzendes Aussehen glatt auftragen, mit den beliebtesten Aromen: Kirsche, Kaugummi, Blaubeere, Traube und Erdbeere. <\/span><\/li>\n<li><span class=\"a-list-item\"> Sichere und ungiftige Formel auf Wasserbasis macht diese Kosmetika sicher f\u00fcr junge Menschen ab 3 Jahren, einschlie\u00dflich Tweens und Teens. <\/span><\/li>\n<li><span class=\"a-list-item\"> Rollenspiel &#8211; Gro\u00dfer Spa\u00df f\u00fcr Pyjamapartys oder jedes kosmetische Spieldatum mit Kids 3 und h\u00f6her.\u00a0Es gibt eine gro\u00dfe Auswahl an Make-up f\u00fcr alle. F\u00dcR M\u00c4DCHEN DES ALTERS Gro\u00dfer Spa\u00df f\u00fcr Pyjamapartys oder jedes vorget\u00e4uschte kosmetische Spieldatum mit Kindern ab 3 Jahren.\u00a0Mit viel Auswahl, es gibt Make-up f\u00fcr alle. <\/span><\/li>\n<li><span class=\"a-list-item\"> Pinsel auf schnell trocknen &#8211; macht diese perfekt f\u00fcr kleine Finger und Zehen.\u00a0Machen Sie sich keine Sorgen mehr um befleckte M\u00f6bel, Teppiche, W\u00e4nde, Spielzeug oder Kleidung.\u00a0Ziehen Sie einfach die getrocknete Politur ab, um sie von den N\u00e4geln zu entfernen. <\/span><\/li>\n<li><span class=\"a-list-item\"> Das fabelhafte Set enth\u00e4lt Lipgloss, Nagellack und Nagelaufkleber <\/span><\/li>\n<\/ul>\n","protected":false},"excerpt":{"rendered":"<p>Beste Kombinationen von Aromen und lustigen Balsamen und Glanzmitteln &#8211; F\u00fcr ein feuchtigkeitsspendendes oder gl\u00e4nzendes Aussehen glatt auftragen, mit den beliebtesten Aromen: Kirsche, Kaugummi, Blaubeere, Traube und Erdbeere. Sichere und ungiftige Formel auf Wasserbasis macht diese Kosmetika sicher f\u00fcr junge Menschen ab 3 Jahren, einschlie\u00dflich Tweens und Teens. Rollenspiel &#8211; Gro\u00dfer Spa\u00df f\u00fcr Pyjamapartys oder [&hellip;]<\/p>\n","protected":false},"featured_media":1739,"comment_status":"open","ping_status":"closed","template":"","meta":[],"product_cat":[426,430,431,297,295,294],"product_tag":[134,543],"class_list":{"0":"post-1738","1":"product","2":"type-product","3":"status-publish","4":"has-post-thumbnail","6":"product_cat-nach-preis","7":"product_cat-unter-20-euro","8":"product_cat-unter-50-euro","9":"product_cat--maedchen","10":"product_cat--tochter","11":"product_cat--schwester","12":"product_tag-geschenk-fuer-maedchen","13":"product_tag-kosmetikset","15":"first","16":"instock","17":"shipping-taxable","18":"product-type-external"},"_links":{"self":[{"href":"https:\/\/www.blogseite.com\/geschenke\/wp-json\/wp\/v2\/product\/1738"}],"collection":[{"href":"https:\/\/www.blogseite.com\/geschenke\/wp-json\/wp\/v2\/product"}],"about":[{"href":"https:\/\/www.blogseite.com\/geschenke\/wp-json\/wp\/v2\/types\/product"}],"replies":[{"embeddable":true,"href":"https:\/\/www.blogseite.com\/geschenke\/wp-json\/wp\/v2\/comments?post=1738"}],"wp:featuredmedia":[{"embeddable":true,"href":"https:\/\/www.blogseite.com\/geschenke\/wp-json\/wp\/v2\/media\/1739"}],"wp:attachment":[{"href":"https:\/\/www.blogseite.com\/geschenke\/wp-json\/wp\/v2\/media?parent=1738"}],"wp:term":[{"taxonomy":"product_cat","embeddable":true,"href":"https:\/\/www.blogseite.com\/geschenke\/wp-json\/wp\/v2\/product_cat?post=1738"},{"taxonomy":"product_tag","embeddable":true,"href":"https:\/\/www.blogseite.com\/geschenke\/wp-json\/wp\/v2\/product_tag?post=1738"}],"curies":[{"name":"wp","href":"https:\/\/api.w.org\/{rel}","templated":true}]}}