{"id":1736,"date":"2021-01-15T13:55:42","date_gmt":"2021-01-15T12:55:42","guid":{"rendered":"https:\/\/geschenke.blogseite.com\/?post_type=product&#038;p=1736"},"modified":"2022-04-03T20:10:48","modified_gmt":"2022-04-03T18:10:48","slug":"hair-haarstudio-geschenk-maedchen-ab-8-jahre","status":"publish","type":"product","link":"https:\/\/www.blogseite.com\/geschenke\/s\/hair-haarstudio-geschenk-maedchen-ab-8-jahre\/","title":{"rendered":"Hair Haarstudio : Geschenk M\u00e4dchen ab 8 Jahre"},"content":{"rendered":"<ul class=\"a-unordered-list a-vertical a-spacing-mini\">\n<li><span class=\"a-list-item\"> Mit dem Hollywood Hair Haarstudio ganz einfach und mit Geling-Garantie individuell gestaltete Haarextensions selber machen <\/span><\/li>\n<li><span class=\"a-list-item\"> Eines der 12 enthaltenen Stoffb\u00e4nder ausw\u00e4hlen, mit den enthaltenen Stiften bemalen und anschlie\u00dfend durch das Studio laufen lassen, damit es eine Haarstruktur bekommt <\/span><\/li>\n<li><span class=\"a-list-item\"> Die Str\u00e4hne kann glatt getragen oder mit dem enthaltenen Lockenstab und Wasser ganz ohne Hitze zu Wellen oder Locken gestylt werden <\/span><\/li>\n<li><span class=\"a-list-item\"> Zum Anbringen im Haar ganz einfach einen der enthaltenen Haarklipps durch die Schlaufe schieben und ins Haar klippen <\/span><\/li>\n<li><span class=\"a-list-item\"> Inhalt: 1 Haarstudio, 12 Schleifenb\u00e4nder, 2 Filzstifte, 1 Lockenstab, 2 Aufs\u00e4tze, 5 Haarklipps, 1 Spr\u00fchflasche, 1 Anleitung &#8211; 2 AA Batterien erforderlich, nicht enthalten <\/span><\/li>\n<li><span class=\"a-list-item\"> Das Hollywood Hair Haarstudio ist das ideale Geschenk f\u00fcr M\u00e4dchen ab 8 Jahren und eine tolle Besch\u00e4ftigung f\u00fcr Kindergeburtstag oder \u00dcbernachtungsparty <\/span><\/li>\n<\/ul>\n","protected":false},"excerpt":{"rendered":"<p>Mit dem Hollywood Hair Haarstudio ganz einfach und mit Geling-Garantie individuell gestaltete Haarextensions selber machen Eines der 12 enthaltenen Stoffb\u00e4nder ausw\u00e4hlen, mit den enthaltenen Stiften bemalen und anschlie\u00dfend durch das Studio laufen lassen, damit es eine Haarstruktur bekommt Die Str\u00e4hne kann glatt getragen oder mit dem enthaltenen Lockenstab und Wasser ganz ohne Hitze zu Wellen [&hellip;]<\/p>\n","protected":false},"featured_media":1737,"comment_status":"open","ping_status":"closed","template":"","meta":[],"product_cat":[426,430,431,297,295,294],"product_tag":[134,452],"class_list":{"0":"post-1736","1":"product","2":"type-product","3":"status-publish","4":"has-post-thumbnail","6":"product_cat-nach-preis","7":"product_cat-unter-20-euro","8":"product_cat-unter-50-euro","9":"product_cat--maedchen","10":"product_cat--tochter","11":"product_cat--schwester","12":"product_tag-geschenk-fuer-maedchen","13":"product_tag-spielzeug","15":"first","16":"instock","17":"shipping-taxable","18":"product-type-external"},"_links":{"self":[{"href":"https:\/\/www.blogseite.com\/geschenke\/wp-json\/wp\/v2\/product\/1736"}],"collection":[{"href":"https:\/\/www.blogseite.com\/geschenke\/wp-json\/wp\/v2\/product"}],"about":[{"href":"https:\/\/www.blogseite.com\/geschenke\/wp-json\/wp\/v2\/types\/product"}],"replies":[{"embeddable":true,"href":"https:\/\/www.blogseite.com\/geschenke\/wp-json\/wp\/v2\/comments?post=1736"}],"wp:featuredmedia":[{"embeddable":true,"href":"https:\/\/www.blogseite.com\/geschenke\/wp-json\/wp\/v2\/media\/1737"}],"wp:attachment":[{"href":"https:\/\/www.blogseite.com\/geschenke\/wp-json\/wp\/v2\/media?parent=1736"}],"wp:term":[{"taxonomy":"product_cat","embeddable":true,"href":"https:\/\/www.blogseite.com\/geschenke\/wp-json\/wp\/v2\/product_cat?post=1736"},{"taxonomy":"product_tag","embeddable":true,"href":"https:\/\/www.blogseite.com\/geschenke\/wp-json\/wp\/v2\/product_tag?post=1736"}],"curies":[{"name":"wp","href":"https:\/\/api.w.org\/{rel}","templated":true}]}}