{"id":1732,"date":"2021-01-15T13:45:29","date_gmt":"2021-01-15T12:45:29","guid":{"rendered":"https:\/\/geschenke.blogseite.com\/?post_type=product&#038;p=1732"},"modified":"2022-04-03T20:11:39","modified_gmt":"2022-04-03T18:11:39","slug":"haarkreide-12-farbe-haare-kreide-stifte-maedchen-%f0%9f%98%8a","status":"publish","type":"product","link":"https:\/\/www.blogseite.com\/geschenke\/s\/haarkreide-12-farbe-haare-kreide-stifte-maedchen-%f0%9f%98%8a\/","title":{"rendered":"Haarkreide 12 Farbe Haare Kreide Stifte M\u00e4dchen \ud83d\ude0a"},"content":{"rendered":"<ul class=\"a-unordered-list a-vertical a-spacing-mini\">\n<li><span class=\"a-list-item\"> \u2605\u2605\u3010Mischbare Farben\u301112 helle Farben machen dein Haar so lebendig wie Dich selbst. Alle Farben k\u00f6nnen kombiniert werden, um einen Regenbogen-Look zu erhalten. <\/span><\/li>\n<li><span class=\"a-list-item\"> \u2605\u2605\u3010Sicher zu verwenden\u3011Verwende es nicht nur auf deinem Haar, sondern auch als Gesichts- oder K\u00f6rperfarbe. Wir empfehlen es f\u00fcr Kinder ab 3 Jahren. <\/span><\/li>\n<li><span class=\"a-list-item\"> \u2605\u2605\u3010Leicht aufzutragen &amp; leicht zu entfernen\u3011Diese Farben funktionieren gut auf Haar jeder Farbe, auch auf dunklem Haar (Verwenden Sie Silber als Grundfarbe, geht es einfacher). Einfach mit normalem Wasser und Shampoo auswaschbar. <\/span><\/li>\n<li><span class=\"a-list-item\"> \u2605\u2605\u3010Vielseitig\u3011Einsetzbar f\u00fcr das t\u00e4gliche Haarstyling, Cosplay, Geburtstag Hochzeit Festival Motto Party, Halloween und B\u00fchnenauftritte. <\/span><\/li>\n<li><span class=\"a-list-item\"> \u2605\u2605\u3010Special Gift\u3011Ein ganz besonderes Geschenk \u2013 speziell bei M\u00e4dchen sehr beliebt. Sch\u00f6ne Packung mit tollen Kreiden, die perfekte Geschenkidee f\u00fcr Geburtstag, Ostern, Weihnachten. <\/span><\/li>\n<\/ul>\n","protected":false},"excerpt":{"rendered":"<p>\u2605\u2605\u3010Mischbare Farben\u301112 helle Farben machen dein Haar so lebendig wie Dich selbst. Alle Farben k\u00f6nnen kombiniert werden, um einen Regenbogen-Look zu erhalten. \u2605\u2605\u3010Sicher zu verwenden\u3011Verwende es nicht nur auf deinem Haar, sondern auch als Gesichts- oder K\u00f6rperfarbe. Wir empfehlen es f\u00fcr Kinder ab 3 Jahren. \u2605\u2605\u3010Leicht aufzutragen &amp; leicht zu entfernen\u3011Diese Farben funktionieren gut auf [&hellip;]<\/p>\n","protected":false},"featured_media":1733,"comment_status":"open","ping_status":"closed","template":"","meta":[],"product_cat":[429,430,431,297,295,294],"product_tag":[134,544],"class_list":{"0":"post-1732","1":"product","2":"type-product","3":"status-publish","4":"has-post-thumbnail","6":"product_cat-unter-15-euro","7":"product_cat-unter-20-euro","8":"product_cat-unter-50-euro","9":"product_cat--maedchen","10":"product_cat--tochter","11":"product_cat--schwester","12":"product_tag-geschenk-fuer-maedchen","13":"product_tag-haarkreide","15":"first","16":"instock","17":"shipping-taxable","18":"product-type-external"},"_links":{"self":[{"href":"https:\/\/www.blogseite.com\/geschenke\/wp-json\/wp\/v2\/product\/1732"}],"collection":[{"href":"https:\/\/www.blogseite.com\/geschenke\/wp-json\/wp\/v2\/product"}],"about":[{"href":"https:\/\/www.blogseite.com\/geschenke\/wp-json\/wp\/v2\/types\/product"}],"replies":[{"embeddable":true,"href":"https:\/\/www.blogseite.com\/geschenke\/wp-json\/wp\/v2\/comments?post=1732"}],"wp:featuredmedia":[{"embeddable":true,"href":"https:\/\/www.blogseite.com\/geschenke\/wp-json\/wp\/v2\/media\/1733"}],"wp:attachment":[{"href":"https:\/\/www.blogseite.com\/geschenke\/wp-json\/wp\/v2\/media?parent=1732"}],"wp:term":[{"taxonomy":"product_cat","embeddable":true,"href":"https:\/\/www.blogseite.com\/geschenke\/wp-json\/wp\/v2\/product_cat?post=1732"},{"taxonomy":"product_tag","embeddable":true,"href":"https:\/\/www.blogseite.com\/geschenke\/wp-json\/wp\/v2\/product_tag?post=1732"}],"curies":[{"name":"wp","href":"https:\/\/api.w.org\/{rel}","templated":true}]}}