{"id":1706,"date":"2021-01-15T08:36:33","date_gmt":"2021-01-15T07:36:33","guid":{"rendered":"https:\/\/geschenke.blogseite.com\/?post_type=product&#038;p=1706"},"modified":"2022-04-03T20:31:57","modified_gmt":"2022-04-03T18:31:57","slug":"lcd-schreibtafel-85-zoll-kinder-maedchen","status":"publish","type":"product","link":"https:\/\/www.blogseite.com\/geschenke\/s\/lcd-schreibtafel-85-zoll-kinder-maedchen\/","title":{"rendered":"LCD Schreibtafel 8,5 Zoll : Kinder M\u00e4dchen"},"content":{"rendered":"<ul class=\"a-unordered-list a-vertical a-spacing-mini\">\n<li><span class=\"a-list-item\">\ud83c\udfa8\u3010Tolles Werkzeug f\u00fcr Kinder\u3011Dieses LCD-Schreibtafel f\u00f6rdert die Kreativit\u00e4t von Kindern und l\u00e4sst sie ihre Fantasie frei zum Zeichnen und Kritzeln nutzen! Lassen Sie ihre nat\u00fcrlichen Instinkte frei, malen Sie gern, z\u00e4hlen Sie Zahlen, buchstabieren Sie W\u00f6rter zu jeder Zeit und an jedem Ort. Beste Geschenke f\u00fcr Kinder.Unsere LCD-Schreibtafel ist das perfekte Geschenk f\u00fcr fast jeden Anlass, einschlie\u00dflich Geburtstage, Weihnachten, Neujahr oder jeden anderen Anlass, den Sie sich vorstellen k\u00f6nnen!<\/span><\/li>\n<li><span class=\"a-list-item\">\ud83c\udfa8\u3010Nur mit EINER Taste l\u00f6schen\u3011 L\u00f6schen Sie Bilder oder W\u00f6rter mit einer Taste. Bei diesem LCD-Schreibtablett wird genau wie beim Schreiben mit Bleistift und Papier eine Taste zum L\u00f6schen aller Zeichen verwendet. Bequemer f\u00fcr j\u00fcngere Kinder, die nicht f\u00fcr Elektronik bereit sind!<\/span><\/li>\n<li><span class=\"a-list-item\">\ud83c\udfa8\u3010Sparen Sie Papier und Umwelt\u30111x SCRIMEMO LCD-Schreibplatte spart 3 B\u00e4ume: Das SCRIMEMO LCD-Schreibtablett kann \u00fcber eine Million Mal gel\u00f6scht und neu geschrieben werden. Jedes L\u00f6schen bedeutet, dass ein Blatt Papier gespart wird, was bedeutet, dass eine SCRIMEMO LCD-Schreibplatte 100.000 St\u00fcck Papier durch 3 B\u00e4ume einspart.<\/span><\/li>\n<li><span class=\"a-list-item\">\ud83c\udfa8\u3010Geeignet f\u00fcr jeden\u3011Es ist in der Lage, die Lern- und Innovationsf\u00e4higkeiten von Kindern zu f\u00f6rdern, er \/ sie kann es benutzen, um zu Hause Zeichnen zu lernen, au\u00dferdem h\u00e4lt dieser Schreibblock die Kinder im Auto, Flugzeug oder Restaurant besch\u00e4ftigt. Sch\u00fcler und Lehrer k\u00f6nnen damit Entw\u00fcrfe erstellen und sich Notizen machen. Au\u00dferdem ist es f\u00fcr Erwachsene geeignet, um Liste und Einkaufsliste zu machen.<\/span><\/li>\n<li><span class=\"a-list-item\">\ud83c\udfa8\u3010Verpackung und 100% Garantiert \u3011 LCD-Schreibtablett x1, Schreibstift x1, interner Batterie x1, austauschbarer Batterie x1. Das SCRIMEMO Team bietet ihnen 1-Jahr-Garantie und 24-Stunden-Kundenservice per E-Mail. Bei Fragen kontaktieren Sie uns gerne!<\/span><\/li>\n<\/ul>\n","protected":false},"excerpt":{"rendered":"<p>\ud83c\udfa8\u3010Tolles Werkzeug f\u00fcr Kinder\u3011Dieses LCD-Schreibtafel f\u00f6rdert die Kreativit\u00e4t von Kindern und l\u00e4sst sie ihre Fantasie frei zum Zeichnen und Kritzeln nutzen! Lassen Sie ihre nat\u00fcrlichen Instinkte frei, malen Sie gern, z\u00e4hlen Sie Zahlen, buchstabieren Sie W\u00f6rter zu jeder Zeit und an jedem Ort. Beste Geschenke f\u00fcr Kinder.Unsere LCD-Schreibtafel ist das perfekte Geschenk f\u00fcr fast jeden [&hellip;]<\/p>\n","protected":false},"featured_media":1707,"comment_status":"open","ping_status":"closed","template":"","meta":[],"product_cat":[426,429,430,431,297],"product_tag":[134,452],"class_list":{"0":"post-1706","1":"product","2":"type-product","3":"status-publish","4":"has-post-thumbnail","6":"product_cat-nach-preis","7":"product_cat-unter-15-euro","8":"product_cat-unter-20-euro","9":"product_cat-unter-50-euro","10":"product_cat--maedchen","11":"product_tag-geschenk-fuer-maedchen","12":"product_tag-spielzeug","14":"first","15":"instock","16":"shipping-taxable","17":"product-type-external"},"_links":{"self":[{"href":"https:\/\/www.blogseite.com\/geschenke\/wp-json\/wp\/v2\/product\/1706"}],"collection":[{"href":"https:\/\/www.blogseite.com\/geschenke\/wp-json\/wp\/v2\/product"}],"about":[{"href":"https:\/\/www.blogseite.com\/geschenke\/wp-json\/wp\/v2\/types\/product"}],"replies":[{"embeddable":true,"href":"https:\/\/www.blogseite.com\/geschenke\/wp-json\/wp\/v2\/comments?post=1706"}],"wp:featuredmedia":[{"embeddable":true,"href":"https:\/\/www.blogseite.com\/geschenke\/wp-json\/wp\/v2\/media\/1707"}],"wp:attachment":[{"href":"https:\/\/www.blogseite.com\/geschenke\/wp-json\/wp\/v2\/media?parent=1706"}],"wp:term":[{"taxonomy":"product_cat","embeddable":true,"href":"https:\/\/www.blogseite.com\/geschenke\/wp-json\/wp\/v2\/product_cat?post=1706"},{"taxonomy":"product_tag","embeddable":true,"href":"https:\/\/www.blogseite.com\/geschenke\/wp-json\/wp\/v2\/product_tag?post=1706"}],"curies":[{"name":"wp","href":"https:\/\/api.w.org\/{rel}","templated":true}]}}