{"id":1698,"date":"2021-01-14T18:40:14","date_gmt":"2021-01-14T17:40:14","guid":{"rendered":"https:\/\/geschenke.blogseite.com\/?post_type=product&#038;p=1698"},"modified":"2022-04-03T20:57:33","modified_gmt":"2022-04-03T18:57:33","slug":"nachtlicht-wecker-mit-bluetooth-lautsprecher","status":"publish","type":"product","link":"https:\/\/www.blogseite.com\/geschenke\/s\/nachtlicht-wecker-mit-bluetooth-lautsprecher\/","title":{"rendered":"Nachtlicht &#038; Wecker mit Bluetooth-Lautsprecher"},"content":{"rendered":"<ul class=\"a-unordered-list a-vertical a-spacing-mini\">\n<li><span class=\"a-list-item\">&#8220;ALL-IN-ONE GADGET: Mehrzweck-Gadget funktioniert als LED-Bluetooth-Lautsprecher, dimmbare Tischlampe, helles Camping-Licht und Wecker; Perfect Bedside Gadget f\u00fcr Ihre Bed\u00fcrfnisse. Nicht nur eine einfache Lampe, es ist Smart Touch LED Mood Lampe + Bluetooth 4.0 Lautsprecher + Wireless Music Player + Freisprecheinrichtung.<\/span><\/li>\n<li><span class=\"a-list-item\">Dimmbare Farb-LED-Tischleuchte: Im Warmlicht-Modus k\u00f6nnen Sie durch Tippen auf das Lautsprechergitter die Helligkeit \u00e4ndern oder das LED-Licht ausschalten. Ber\u00fchren Sie den Lautsprechermodus f\u00fcr 2 Sekunden, um in den Farblichtmodus zu wechseln. Tippen Sie auf das Lautsprechergitter, um die Farbe des LED-Lichts zu \u00e4ndern.<\/span><\/li>\n<li><span class=\"a-list-item\">DIE FARBMODI: Tippen Sie im Ambient-Modus auf 3 Helligkeitsstufen. Tippen Sie im Farbmodus auf 6 Farb\u00e4nderungen, einschlie\u00dflich LED-Leuchten, die langsam und schnell auf den Takt Ihrer Musik reagieren.<\/span><\/li>\n<li><span class=\"a-list-item\">Kompatibilit\u00e4t: Mit Bluetooth-Lautsprecher kompatibel f\u00fcr die meisten Smartphones, Tische und Computer. Dar\u00fcber hinaus macht die HFP-Funktion es auch ein Bluetooth-Lautsprecher-Telefon. Micro SD unterst\u00fctzt.<\/span><\/li>\n<li><span class=\"a-list-item\">Multi-Color-Modus: Die Touch-Desk-Lampe mit sechs Farbwechsel, ideal f\u00fcr Outdoor auf Camping, Liebhaber bei der Partnersuche, Partyg\u00e4nger bei Feiern, Familien bei besonderen Anl\u00e4ssen, besonders ideal als Weihnachtsgeschenk, Geburtstagsgeschenk, Housewarminggeschenk&#8221;<\/span><\/li>\n<\/ul>\n","protected":false},"excerpt":{"rendered":"<p>&#8220;ALL-IN-ONE GADGET: Mehrzweck-Gadget funktioniert als LED-Bluetooth-Lautsprecher, dimmbare Tischlampe, helles Camping-Licht und Wecker; Perfect Bedside Gadget f\u00fcr Ihre Bed\u00fcrfnisse. Nicht nur eine einfache Lampe, es ist Smart Touch LED Mood Lampe + Bluetooth 4.0 Lautsprecher + Wireless Music Player + Freisprecheinrichtung. Dimmbare Farb-LED-Tischleuchte: Im Warmlicht-Modus k\u00f6nnen Sie durch Tippen auf das Lautsprechergitter die Helligkeit \u00e4ndern oder [&hellip;]<\/p>\n","protected":false},"featured_media":1699,"comment_status":"open","ping_status":"closed","template":"","meta":[],"product_cat":[74,110,45,108,426,431,293,292,300,302,297,295,294,291],"product_tag":[386,550],"class_list":{"0":"post-1698","1":"product","2":"type-product","3":"status-publish","4":"has-post-thumbnail","6":"product_cat-bester-freund","7":"product_cat-freund","8":"product_cat-freundin","9":"product_cat-maenner","10":"product_cat-nach-preis","11":"product_cat-unter-50-euro","12":"product_cat-geschenk-fuer-bruder","13":"product_cat-sohn","14":"product_cat--kollege","15":"product_cat--jungen","16":"product_cat--maedchen","17":"product_cat--tochter","18":"product_cat--schwester","19":"product_cat-nerds","20":"product_tag-geschenk-fuer-jungen","21":"product_tag-nachtlicht","23":"first","24":"instock","25":"shipping-taxable","26":"product-type-external"},"_links":{"self":[{"href":"https:\/\/www.blogseite.com\/geschenke\/wp-json\/wp\/v2\/product\/1698"}],"collection":[{"href":"https:\/\/www.blogseite.com\/geschenke\/wp-json\/wp\/v2\/product"}],"about":[{"href":"https:\/\/www.blogseite.com\/geschenke\/wp-json\/wp\/v2\/types\/product"}],"replies":[{"embeddable":true,"href":"https:\/\/www.blogseite.com\/geschenke\/wp-json\/wp\/v2\/comments?post=1698"}],"wp:featuredmedia":[{"embeddable":true,"href":"https:\/\/www.blogseite.com\/geschenke\/wp-json\/wp\/v2\/media\/1699"}],"wp:attachment":[{"href":"https:\/\/www.blogseite.com\/geschenke\/wp-json\/wp\/v2\/media?parent=1698"}],"wp:term":[{"taxonomy":"product_cat","embeddable":true,"href":"https:\/\/www.blogseite.com\/geschenke\/wp-json\/wp\/v2\/product_cat?post=1698"},{"taxonomy":"product_tag","embeddable":true,"href":"https:\/\/www.blogseite.com\/geschenke\/wp-json\/wp\/v2\/product_tag?post=1698"}],"curies":[{"name":"wp","href":"https:\/\/api.w.org\/{rel}","templated":true}]}}