{"id":1681,"date":"2021-01-14T17:45:49","date_gmt":"2021-01-14T16:45:49","guid":{"rendered":"https:\/\/geschenke.blogseite.com\/?post_type=product&#038;p=1681"},"modified":"2022-04-05T17:55:31","modified_gmt":"2022-04-05T15:55:31","slug":"fortnite-bettbezug-geschenk-fuer-jungen","status":"publish","type":"product","link":"https:\/\/www.blogseite.com\/geschenke\/s\/fortnite-bettbezug-geschenk-fuer-jungen\/","title":{"rendered":"Fortnite Bettbezug Geschenk f\u00fcr Jungen"},"content":{"rendered":"<ul class=\"a-unordered-list a-vertical a-spacing-mini\">\n<li><span class=\"a-list-item\">Fortnite Tupfen-Design: Mit dieser offiziell lizenzierten \u201eFortnite\u201c-Einzelbettdecke steigt die Begeisterung. Diese Fortnite-Bettdecke verf\u00fcgt \u00fcber ein sich wiederholendes Muster und ist die perfekte Erg\u00e4nzung f\u00fcr jedes Schlafzimmer von Fortnite-Fans. Wendbar und somit 2 tolle Designs in einem.<\/span><\/li>\n<li><span class=\"a-list-item\">Offizielles Lizenzprodukt. Mit unseren Lizenzprodukten stellen Sie sicher, dass Sie qualitativ hochwertige Produkte erhalten. Bettdecken in UK-Gr\u00f6\u00dfen und passende Kissenbez\u00fcge.<\/span><\/li>\n<li><span class=\"a-list-item\">Pflegeleichte Bettw\u00e4sche: Unsere Bettw\u00e4sche ist aus superweichem Polyester gefertigt. (100 % Polyester). Einfach zu waschen (bei 40 \u00b0C), schnell trocknend, strapazierf\u00e4hig, kann bei niedriger Hitze im Trockner getrocknet werden und erfordert nur minimales B\u00fcgeln.<\/span><\/li>\n<li><span class=\"a-list-item\">F\u00fcr die Fans von Fortnite. Teil einer Kollektion.<\/span><\/li>\n<li><span class=\"a-list-item\">UK-Bettw\u00e4sche-Gr\u00f6\u00dfen: Einzelbett-Set beinhaltet: 1\u00a0x Bettdeckenbezug (135\u00a0cm x 200\u00a0cm) und 1\u00a0x Kopfkissenbezug (48\u00a0x 74\u00a0cm).<\/span><\/li>\n<\/ul>\n","protected":false},"excerpt":{"rendered":"<p>Fortnite Tupfen-Design: Mit dieser offiziell lizenzierten \u201eFortnite\u201c-Einzelbettdecke steigt die Begeisterung. Diese Fortnite-Bettdecke verf\u00fcgt \u00fcber ein sich wiederholendes Muster und ist die perfekte Erg\u00e4nzung f\u00fcr jedes Schlafzimmer von Fortnite-Fans. Wendbar und somit 2 tolle Designs in einem. Offizielles Lizenzprodukt. Mit unseren Lizenzprodukten stellen Sie sicher, dass Sie qualitativ hochwertige Produkte erhalten. Bettdecken in UK-Gr\u00f6\u00dfen und passende [&hellip;]<\/p>\n","protected":false},"featured_media":1682,"comment_status":"open","ping_status":"closed","template":"","meta":[],"product_cat":[302,291],"product_tag":[552,123,386],"class_list":{"0":"post-1681","1":"product","2":"type-product","3":"status-publish","4":"has-post-thumbnail","6":"product_cat--jungen","7":"product_cat-nerds","8":"product_tag-bettbezug","9":"product_tag-geschenk-fuer-freunde","10":"product_tag-geschenk-fuer-jungen","12":"first","13":"instock","14":"shipping-taxable","15":"product-type-external"},"_links":{"self":[{"href":"https:\/\/www.blogseite.com\/geschenke\/wp-json\/wp\/v2\/product\/1681"}],"collection":[{"href":"https:\/\/www.blogseite.com\/geschenke\/wp-json\/wp\/v2\/product"}],"about":[{"href":"https:\/\/www.blogseite.com\/geschenke\/wp-json\/wp\/v2\/types\/product"}],"replies":[{"embeddable":true,"href":"https:\/\/www.blogseite.com\/geschenke\/wp-json\/wp\/v2\/comments?post=1681"}],"wp:featuredmedia":[{"embeddable":true,"href":"https:\/\/www.blogseite.com\/geschenke\/wp-json\/wp\/v2\/media\/1682"}],"wp:attachment":[{"href":"https:\/\/www.blogseite.com\/geschenke\/wp-json\/wp\/v2\/media?parent=1681"}],"wp:term":[{"taxonomy":"product_cat","embeddable":true,"href":"https:\/\/www.blogseite.com\/geschenke\/wp-json\/wp\/v2\/product_cat?post=1681"},{"taxonomy":"product_tag","embeddable":true,"href":"https:\/\/www.blogseite.com\/geschenke\/wp-json\/wp\/v2\/product_tag?post=1681"}],"curies":[{"name":"wp","href":"https:\/\/api.w.org\/{rel}","templated":true}]}}