{"id":1679,"date":"2021-01-14T17:41:42","date_gmt":"2021-01-14T16:41:42","guid":{"rendered":"https:\/\/geschenke.blogseite.com\/?post_type=product&#038;p=1679"},"modified":"2022-04-05T17:55:48","modified_gmt":"2022-04-05T15:55:48","slug":"fortnite-hoodie-schwarz-hoodie-kinder-jungen-pullover","status":"publish","type":"product","link":"https:\/\/www.blogseite.com\/geschenke\/s\/fortnite-hoodie-schwarz-hoodie-kinder-jungen-pullover\/","title":{"rendered":"Fortnite Hoodie, Schwarz Hoodie Kinder, Jungen Pullover"},"content":{"rendered":"<ul class=\"a-unordered-list a-vertical a-spacing-mini\">\n<li><span class=\"a-list-item\">\u2714 FORTNITE HOODIE SWEATSHIRT SCHWARZ &#8212; Ein super klassisches Schwarz Hoodie Pullover mit Fortnite logo, ein Must Have f\u00fcr jeder Videospiele Fan. Alle Fortnite Spieler, M\u00e4dchen und Jungen werden sicher von diesem Pullover begeistert sein<\/span><\/li>\n<li><span class=\"a-list-item\">\u2714 VERF\u00dcGBARE GR\u00d6\u00dfE &#8212; Sie k\u00f6nnen unsere coole Fortnite Pulli in verschiedene Gr\u00f6sse befinden. 7-8 Jahre (122-128 cm), 9-10 Jahre (134-140 cm), 11-12 Jahre (146-152 cm) und 13-14 Jahre (158-164 cm). Geeignet f\u00fcr Kinder als auch f\u00fcr Teenagers<\/span><\/li>\n<li><span class=\"a-list-item\">Polyester<\/span><\/li>\n<li><span class=\"a-list-item\">\u2714 ORIGINAL FORTNITE MERCHANDISE &#8212; Kaufen Sie 100% offizielle Fortnite-Waren in den F &amp; F Stores Online Shop. Dieses Produkt ist ein echtes Fortnite Produkt, das nur von F &amp; F-Gesch\u00e4ften verkauft wird. Der einzigen zugelassenen Ware f\u00fcr Fortnite-Produkte!<\/span><\/li>\n<li><span class=\"a-list-item\">\u2714 GESCHENKE F\u00dcR VIDEOSPIELERS &#8212; Sind Sie auf der Suche f\u00fcr eine tolle, einzigartige Fortnite Kleidung fur Ihnen oder ein Fortnite Fan? Dann haben Sie es richtig gefunden. Eine gro\u00dfartige Geschenkidee f\u00fcr Geburtstag, Ostern, Weihnachten f\u00fcr ein Familien Member oder beste Freund.<\/span><\/li>\n<li><span class=\"a-list-item\">\u2714 PREMIUM QUALIT\u00c4TS MATERIAL &#8212; Das Wichtigste f\u00fcr uns ist die Zufriedenheit unserer Kunden, deswegen verwenden wir immer nur erstklassige Materialien f\u00fcr unsere Kleidung, damit sie langlebig dauerhaft sind. Wir bieten Ihnen diese Fortnite Pullover, das Sie gl\u00fccklich macht und Sie in den kalte Monate warm h\u00e4lt<\/span><\/li>\n<\/ul>\n","protected":false},"excerpt":{"rendered":"<p>\u2714 FORTNITE HOODIE SWEATSHIRT SCHWARZ &#8212; Ein super klassisches Schwarz Hoodie Pullover mit Fortnite logo, ein Must Have f\u00fcr jeder Videospiele Fan. Alle Fortnite Spieler, M\u00e4dchen und Jungen werden sicher von diesem Pullover begeistert sein \u2714 VERF\u00dcGBARE GR\u00d6\u00dfE &#8212; Sie k\u00f6nnen unsere coole Fortnite Pulli in verschiedene Gr\u00f6sse befinden. 7-8 Jahre (122-128 cm), 9-10 Jahre [&hellip;]<\/p>\n","protected":false},"featured_media":1680,"comment_status":"open","ping_status":"closed","template":"","meta":[],"product_cat":[426,431,302,291],"product_tag":[123,386,512],"class_list":{"0":"post-1679","1":"product","2":"type-product","3":"status-publish","4":"has-post-thumbnail","6":"product_cat-nach-preis","7":"product_cat-unter-50-euro","8":"product_cat--jungen","9":"product_cat-nerds","10":"product_tag-geschenk-fuer-freunde","11":"product_tag-geschenk-fuer-jungen","12":"product_tag-hoodie","14":"first","15":"instock","16":"shipping-taxable","17":"product-type-external"},"_links":{"self":[{"href":"https:\/\/www.blogseite.com\/geschenke\/wp-json\/wp\/v2\/product\/1679"}],"collection":[{"href":"https:\/\/www.blogseite.com\/geschenke\/wp-json\/wp\/v2\/product"}],"about":[{"href":"https:\/\/www.blogseite.com\/geschenke\/wp-json\/wp\/v2\/types\/product"}],"replies":[{"embeddable":true,"href":"https:\/\/www.blogseite.com\/geschenke\/wp-json\/wp\/v2\/comments?post=1679"}],"wp:featuredmedia":[{"embeddable":true,"href":"https:\/\/www.blogseite.com\/geschenke\/wp-json\/wp\/v2\/media\/1680"}],"wp:attachment":[{"href":"https:\/\/www.blogseite.com\/geschenke\/wp-json\/wp\/v2\/media?parent=1679"}],"wp:term":[{"taxonomy":"product_cat","embeddable":true,"href":"https:\/\/www.blogseite.com\/geschenke\/wp-json\/wp\/v2\/product_cat?post=1679"},{"taxonomy":"product_tag","embeddable":true,"href":"https:\/\/www.blogseite.com\/geschenke\/wp-json\/wp\/v2\/product_tag?post=1679"}],"curies":[{"name":"wp","href":"https:\/\/api.w.org\/{rel}","templated":true}]}}