{"id":153,"date":"2020-11-13T15:52:47","date_gmt":"2020-11-13T14:52:47","guid":{"rendered":"https:\/\/geschenke.blogseite.com\/?post_type=product&#038;p=153"},"modified":"2022-04-06T12:38:18","modified_gmt":"2022-04-06T10:38:18","slug":"prosteel-personalisiert-collier-2-3-4-5-6-stuecke-herz-puzzle-anhaenger-mit-51cm-15mm-rolokette-edelstahl-18k-vergoldet-namensketten-gravur-freundschaftsketten-geschenk-fuer-freundinnen-schwester","status":"publish","type":"product","link":"https:\/\/www.blogseite.com\/geschenke\/s\/prosteel-personalisiert-collier-2-3-4-5-6-stuecke-herz-puzzle-anhaenger-mit-51cm-15mm-rolokette-edelstahl-18k-vergoldet-namensketten-gravur-freundschaftsketten-geschenk-fuer-freundinnen-schwester\/","title":{"rendered":"PROSTEEL personalisiert Collier 2\/3\/4\/5\/6 St\u00fccke Herz Puzzle Anh\u00e4nger mit 51cm 1,5mm Rolokette Edelstahl\/18k vergoldet Namensketten Gravur Freundschaftsketten Geschenk f\u00fcr Freundinnen Schwester"},"content":{"rendered":"<ul class=\"a-unordered-list a-vertical a-spacing-mini\">\n<li><span class=\"a-list-item\">\u2726 WICHTIGE HINWEISE ZUR GRAVUR: Um uns Ihren Gravurwunsch mitteilen zu k\u00f6nnen, klicken Sie bitte auf den gelben Button &#8220;JETZT ANPASSEN&#8221;. 5 Schriftarten w\u00e4hlbar, Buchstaben, Nummer oder Zeichen(wie \u2665\/\u265b\/\u266a usw.) verf\u00fcgbar. Da jedes Produkt rein handgefertigt ist, dauert es etwa 1-2 Tage f\u00fcr die individuelle Anfertigung und wird aus China versendet(Geliefert innerhalb von 7 bis 21 Arbeitstagen).<\/span><\/li>\n<li><span class=\"a-list-item\">\u2726 Material: 18K Gold vergoldet 316L Edelstahl, 100% neu<\/span><\/li>\n<li><span class=\"a-list-item\">\u2726 Design: 3PCs Herz Puzzle Partner-Anh\u00e4nger mit Kette; Kettenl\u00e4nge: 46cm + 5cm Verl\u00e4ngerung, 1,5mm breit; einzigartige Geschenk f\u00fcr Liebepaar Familien Freundinnen<\/span><\/li>\n<li><span class=\"a-list-item\">\u2726 Verpackung: Wir verpacken jede Ware mit einem schwarzen Samtbeutel und einem Kasten, um Ihre Bestellung zu sch\u00fctzen.<\/span><\/li>\n<li><span class=\"a-list-item\">\u2726 Achtung: Ma\u00dfgefertigte Artikel ohne Qualit\u00e4tsprobleme k\u00f6nnen nicht zur\u00fcckgesendet werden. Falls Sie Probleme mit dem Artikel haben, bitte nehmen Sie uns zuerst Kontakt auf. Wir werden Ihnen neuen Artikel senden oder das Geld erstatten.<\/span><\/li>\n<\/ul>\n","protected":false},"excerpt":{"rendered":"<p>\u2726 WICHTIGE HINWEISE ZUR GRAVUR: Um uns Ihren Gravurwunsch mitteilen zu k\u00f6nnen, klicken Sie bitte auf den gelben Button &#8220;JETZT ANPASSEN&#8221;. 5 Schriftarten w\u00e4hlbar, Buchstaben, Nummer oder Zeichen(wie \u2665\/\u265b\/\u266a usw.) verf\u00fcgbar. Da jedes Produkt rein handgefertigt ist, dauert es etwa 1-2 Tage f\u00fcr die individuelle Anfertigung und wird aus China versendet(Geliefert innerhalb von 7 bis [&hellip;]<\/p>\n","protected":false},"featured_media":154,"comment_status":"open","ping_status":"closed","template":"","meta":[],"product_cat":[45,426,431],"product_tag":[463,69,67,65,68,61],"class_list":{"0":"post-153","1":"product","2":"type-product","3":"status-publish","4":"has-post-thumbnail","6":"product_cat-freundin","7":"product_cat-nach-preis","8":"product_cat-unter-50-euro","9":"product_tag-anhaenger","10":"product_tag-familien-geschenk","11":"product_tag-freundin","12":"product_tag-freundschaftsband","13":"product_tag-geschenk-familie","14":"product_tag-geschenk-freundin","16":"first","17":"instock","18":"shipping-taxable","19":"product-type-external"},"_links":{"self":[{"href":"https:\/\/www.blogseite.com\/geschenke\/wp-json\/wp\/v2\/product\/153"}],"collection":[{"href":"https:\/\/www.blogseite.com\/geschenke\/wp-json\/wp\/v2\/product"}],"about":[{"href":"https:\/\/www.blogseite.com\/geschenke\/wp-json\/wp\/v2\/types\/product"}],"replies":[{"embeddable":true,"href":"https:\/\/www.blogseite.com\/geschenke\/wp-json\/wp\/v2\/comments?post=153"}],"wp:featuredmedia":[{"embeddable":true,"href":"https:\/\/www.blogseite.com\/geschenke\/wp-json\/wp\/v2\/media\/154"}],"wp:attachment":[{"href":"https:\/\/www.blogseite.com\/geschenke\/wp-json\/wp\/v2\/media?parent=153"}],"wp:term":[{"taxonomy":"product_cat","embeddable":true,"href":"https:\/\/www.blogseite.com\/geschenke\/wp-json\/wp\/v2\/product_cat?post=153"},{"taxonomy":"product_tag","embeddable":true,"href":"https:\/\/www.blogseite.com\/geschenke\/wp-json\/wp\/v2\/product_tag?post=153"}],"curies":[{"name":"wp","href":"https:\/\/api.w.org\/{rel}","templated":true}]}}