{"id":1521,"date":"2021-01-13T08:42:00","date_gmt":"2021-01-13T07:42:00","guid":{"rendered":"https:\/\/geschenke.blogseite.com\/?post_type=product&#038;p=1521"},"modified":"2022-04-05T18:21:07","modified_gmt":"2022-04-05T16:21:07","slug":"spieluhr-schmetterling-aufzieh-spieluhr-baby-0-monate","status":"publish","type":"product","link":"https:\/\/www.blogseite.com\/geschenke\/s\/spieluhr-schmetterling-aufzieh-spieluhr-baby-0-monate\/","title":{"rendered":"Spieluhr Schmetterling \/ Aufzieh-Spieluhr &#8211; Baby: 0 Monate"},"content":{"rendered":"<ul class=\"a-unordered-list a-vertical a-spacing-mini\">\n<li><span class=\"a-list-item\"> Der niedliche Schmetterling wird so schnell nicht mehr aus Babys H\u00e4nden losgelassen: Dezente Pastellfarben, spannende Materialien und die sanfte Melodie laden zum Staunen ein <\/span><\/li>\n<li><span class=\"a-list-item\"> Das beliebte Einschlaflied erklingt nach Aufziehen des Spielwerks &#8211; die sanfte Melodie in angenehmer Lautst\u00e4rke l\u00e4sst das Baby ganz leicht ins Land der Tr\u00e4ume reisen <\/span><\/li>\n<li><span class=\"a-list-item\"> Dank der zwei B\u00e4ndchen kann das Spieluhr-Mobile ganz einfach am Babybett, am Kinderwagen oder an der Babyschale befestigt werden und ist ein niedlicher Hingucker, egal ob Zuhause oder unterwegs <\/span><\/li>\n<li><span class=\"a-list-item\"> Das Spielwerk der Kuscheltier-Spieluhr kann nach \u00d6ffnen des Sicherheitsverschlusses entnommen werden, wodurch das Obermaterial bei 30\u00b0C gewaschen werden kann <\/span><\/li>\n<li><span class=\"a-list-item\"> Lieferumfang: 1 x Spieluhr Schmetterling aus der Kollektion Garden Dreams \/ Ma\u00dfe: 23 cm \/ Obermaterial: Softvelours, Stoff, Bouclette &#8211; bei 30\u00b0C waschbar \/ Art.Nr: 068047 \/ Spieluhrmelodie variiert <\/span><\/li>\n<\/ul>\n","protected":false},"excerpt":{"rendered":"<p>Der niedliche Schmetterling wird so schnell nicht mehr aus Babys H\u00e4nden losgelassen: Dezente Pastellfarben, spannende Materialien und die sanfte Melodie laden zum Staunen ein Das beliebte Einschlaflied erklingt nach Aufziehen des Spielwerks &#8211; die sanfte Melodie in angenehmer Lautst\u00e4rke l\u00e4sst das Baby ganz leicht ins Land der Tr\u00e4ume reisen Dank der zwei B\u00e4ndchen kann das [&hellip;]<\/p>\n","protected":false},"featured_media":1522,"comment_status":"open","ping_status":"closed","template":"","meta":[],"product_cat":[366,426,429,430,431],"product_tag":[370,455],"class_list":{"0":"post-1521","1":"product","2":"type-product","3":"status-publish","4":"has-post-thumbnail","6":"product_cat-baby","7":"product_cat-nach-preis","8":"product_cat-unter-15-euro","9":"product_cat-unter-20-euro","10":"product_cat-unter-50-euro","11":"product_tag-geschenk-fuer-baby","12":"product_tag-stofftier","14":"first","15":"instock","16":"shipping-taxable","17":"product-type-external"},"_links":{"self":[{"href":"https:\/\/www.blogseite.com\/geschenke\/wp-json\/wp\/v2\/product\/1521"}],"collection":[{"href":"https:\/\/www.blogseite.com\/geschenke\/wp-json\/wp\/v2\/product"}],"about":[{"href":"https:\/\/www.blogseite.com\/geschenke\/wp-json\/wp\/v2\/types\/product"}],"replies":[{"embeddable":true,"href":"https:\/\/www.blogseite.com\/geschenke\/wp-json\/wp\/v2\/comments?post=1521"}],"wp:featuredmedia":[{"embeddable":true,"href":"https:\/\/www.blogseite.com\/geschenke\/wp-json\/wp\/v2\/media\/1522"}],"wp:attachment":[{"href":"https:\/\/www.blogseite.com\/geschenke\/wp-json\/wp\/v2\/media?parent=1521"}],"wp:term":[{"taxonomy":"product_cat","embeddable":true,"href":"https:\/\/www.blogseite.com\/geschenke\/wp-json\/wp\/v2\/product_cat?post=1521"},{"taxonomy":"product_tag","embeddable":true,"href":"https:\/\/www.blogseite.com\/geschenke\/wp-json\/wp\/v2\/product_tag?post=1521"}],"curies":[{"name":"wp","href":"https:\/\/api.w.org\/{rel}","templated":true}]}}