{"id":149,"date":"2020-11-13T15:38:43","date_gmt":"2020-11-13T14:38:43","guid":{"rendered":"https:\/\/geschenke.blogseite.com\/?post_type=product&#038;p=149"},"modified":"2022-04-06T12:39:27","modified_gmt":"2022-04-06T10:39:27","slug":"ekkong-kreative-ueberraschung-box-explosions-box-diy-faltendes-fotoalbumgeburtstag-jahrestag-valentine-hochzeit-geschenk-fuer-hochzeit-muttertag","status":"publish","type":"product","link":"https:\/\/www.blogseite.com\/geschenke\/s\/ekkong-kreative-ueberraschung-box-explosions-box-diy-faltendes-fotoalbumgeburtstag-jahrestag-valentine-hochzeit-geschenk-fuer-hochzeit-muttertag\/","title":{"rendered":"EKKONG Kreative \u00dcberraschung Box Explosions-Box DIY Faltendes Fotoalbum,Geburtstag Jahrestag Valentine Hochzeit Geschenk, f\u00fcr Hochzeit, Muttertag"},"content":{"rendered":"<ol>\n<li><span class=\"a-list-item\">Es sieht wie eine normale Blackbox aus, aber sobald Sie sie \u00f6ffnen, wird es \u00fcberraschend sein. Aber nachdem Sie sie \u00f6ffnen,Sie k\u00f6nnen das Foto auf den ausziehbaren Streifen stecken oder einfach nur an den Rahmen montieren. Wird sie mit vielen Fotoschlitzen, dann f\u00fcllen Sie sie mit Ihrer Geduld und Liebe.<\/span><\/li>\n<li><span class=\"a-list-item\">Einfach zu verwenden, nur nach Ihren eigenen Ideen zu DIY, es kann Ihnen ein zufrieden stellendes Ergebnis.Perfekt f\u00fcr Liebhaber,Familie,Freund Geburtstag, Party,\u00dcberraschungsgeschenk.<\/span><\/li>\n<li><span class=\"a-list-item\">Doppel\u00fcberraschung: Ein kleines Geschenk-Box im Inneren ist, k\u00f6nnen Sie Put A Ring, Uhr, Halskette oder andere Ware in es als eine \u00dcberraschung.<\/span><\/li>\n<li><span class=\"a-list-item\">Sie k\u00f6nnen es absolut jedermann inklusive sich selbst geben. Es hat ein sentimentalen Wert, wird festgehalten, wem auch immer sie gegeben wird. Sie haben dieses Album hergestellt und die Erinnerungen in die Box gelegt. Nun ist die Box die Errinerung.<\/span><\/li>\n<li><span class=\"a-list-item\">Paket: Fertigprodukt Explosionsbox +8 Office-Karte + Thema Aufkleber + Band + doppelseitig klebend + eingebaute mittlere Box + kleine trockene Blume + kleiner Aufkleber+ 1 x Ecke Sticker<\/span><\/li>\n<\/ol>\n","protected":false},"excerpt":{"rendered":"<p>Es sieht wie eine normale Blackbox aus, aber sobald Sie sie \u00f6ffnen, wird es \u00fcberraschend sein. Aber nachdem Sie sie \u00f6ffnen,Sie k\u00f6nnen das Foto auf den ausziehbaren Streifen stecken oder einfach nur an den Rahmen montieren. Wird sie mit vielen Fotoschlitzen, dann f\u00fcllen Sie sie mit Ihrer Geduld und Liebe. Einfach zu verwenden, nur nach [&hellip;]<\/p>\n","protected":false},"featured_media":150,"comment_status":"open","ping_status":"closed","template":"","meta":[],"product_cat":[56,45,52,55,426,429,430,431],"product_tag":[61,62,59,60,465],"class_list":{"0":"post-149","1":"product","2":"type-product","3":"status-publish","4":"has-post-thumbnail","6":"product_cat-hochzeit","7":"product_cat-freundin","8":"product_cat-hochzeitsgeschenke","9":"product_cat-valentinstag","10":"product_cat-nach-preis","11":"product_cat-unter-15-euro","12":"product_cat-unter-20-euro","13":"product_cat-unter-50-euro","14":"product_tag-geschenk-freundin","15":"product_tag-geschenk-hochzeit","16":"product_tag-geschenk-muttertag","17":"product_tag-geschenk-valentinstag","18":"product_tag-ueberraschungsbox","20":"first","21":"instock","22":"shipping-taxable","23":"product-type-external"},"_links":{"self":[{"href":"https:\/\/www.blogseite.com\/geschenke\/wp-json\/wp\/v2\/product\/149"}],"collection":[{"href":"https:\/\/www.blogseite.com\/geschenke\/wp-json\/wp\/v2\/product"}],"about":[{"href":"https:\/\/www.blogseite.com\/geschenke\/wp-json\/wp\/v2\/types\/product"}],"replies":[{"embeddable":true,"href":"https:\/\/www.blogseite.com\/geschenke\/wp-json\/wp\/v2\/comments?post=149"}],"wp:featuredmedia":[{"embeddable":true,"href":"https:\/\/www.blogseite.com\/geschenke\/wp-json\/wp\/v2\/media\/150"}],"wp:attachment":[{"href":"https:\/\/www.blogseite.com\/geschenke\/wp-json\/wp\/v2\/media?parent=149"}],"wp:term":[{"taxonomy":"product_cat","embeddable":true,"href":"https:\/\/www.blogseite.com\/geschenke\/wp-json\/wp\/v2\/product_cat?post=149"},{"taxonomy":"product_tag","embeddable":true,"href":"https:\/\/www.blogseite.com\/geschenke\/wp-json\/wp\/v2\/product_tag?post=149"}],"curies":[{"name":"wp","href":"https:\/\/api.w.org\/{rel}","templated":true}]}}