{"id":1479,"date":"2021-01-10T16:52:38","date_gmt":"2021-01-10T15:52:38","guid":{"rendered":"https:\/\/geschenke.blogseite.com\/?post_type=product&#038;p=1479"},"modified":"2022-04-05T19:17:56","modified_gmt":"2022-04-05T17:17:56","slug":"gucci-bloom-eau-de-parfum-100-ml","status":"publish","type":"product","link":"https:\/\/www.blogseite.com\/geschenke\/s\/gucci-bloom-eau-de-parfum-100-ml\/","title":{"rendered":"Gucci Bloom Eau de Parfum 100 ml"},"content":{"rendered":"<ul class=\"a-unordered-list a-vertical a-spacing-mini\">\n<li><span class=\"a-list-item\"> D\u00fcfte und D\u00fcfte f\u00fcr Damen <\/span><\/li>\n<li><span class=\"a-list-item\"> Hauptmaterial: Alkohol <\/span><\/li>\n<li><span class=\"a-list-item\"> Produktma\u00dfe: 10 x 15 x 8 cm <\/span><\/li>\n<\/ul>\n","protected":false},"excerpt":{"rendered":"<p>D\u00fcfte und D\u00fcfte f\u00fcr Damen Hauptmaterial: Alkohol Produktma\u00dfe: 10 x 15 x 8 cm<\/p>\n","protected":false},"featured_media":1481,"comment_status":"open","ping_status":"closed","template":"","meta":[],"product_cat":[78,116,63,53,45,108,73,280,426,432,433,301,70,297,299,295,294,298],"product_tag":[451,208],"class_list":{"0":"post-1479","1":"product","2":"type-product","3":"status-publish","4":"has-post-thumbnail","6":"product_cat-weihnachtsgeschenke","7":"product_cat-frauen","8":"product_cat-mutter","9":"product_cat-muttertag","10":"product_cat-freundin","11":"product_cat-maenner","12":"product_cat-beste-freundin","13":"product_cat-geburtstagsgeschenke","14":"product_cat-nach-preis","15":"product_cat-ueber-35-euro","16":"product_cat-ueber-40-euro","17":"product_cat-eltern","18":"product_cat-geschenke-fuer-jeden-anlass","19":"product_cat--maedchen","20":"product_cat--chef","21":"product_cat--tochter","22":"product_cat--schwester","23":"product_cat--ehefrau","24":"product_tag-frauen-parfum","25":"product_tag-geschenk-fuer-jeden-anlass","27":"first","28":"instock","29":"shipping-taxable","30":"product-type-external"},"_links":{"self":[{"href":"https:\/\/www.blogseite.com\/geschenke\/wp-json\/wp\/v2\/product\/1479"}],"collection":[{"href":"https:\/\/www.blogseite.com\/geschenke\/wp-json\/wp\/v2\/product"}],"about":[{"href":"https:\/\/www.blogseite.com\/geschenke\/wp-json\/wp\/v2\/types\/product"}],"replies":[{"embeddable":true,"href":"https:\/\/www.blogseite.com\/geschenke\/wp-json\/wp\/v2\/comments?post=1479"}],"wp:featuredmedia":[{"embeddable":true,"href":"https:\/\/www.blogseite.com\/geschenke\/wp-json\/wp\/v2\/media\/1481"}],"wp:attachment":[{"href":"https:\/\/www.blogseite.com\/geschenke\/wp-json\/wp\/v2\/media?parent=1479"}],"wp:term":[{"taxonomy":"product_cat","embeddable":true,"href":"https:\/\/www.blogseite.com\/geschenke\/wp-json\/wp\/v2\/product_cat?post=1479"},{"taxonomy":"product_tag","embeddable":true,"href":"https:\/\/www.blogseite.com\/geschenke\/wp-json\/wp\/v2\/product_tag?post=1479"}],"curies":[{"name":"wp","href":"https:\/\/api.w.org\/{rel}","templated":true}]}}