{"id":147,"date":"2020-11-13T15:30:14","date_gmt":"2020-11-13T14:30:14","guid":{"rendered":"https:\/\/geschenke.blogseite.com\/?post_type=product&#038;p=147"},"modified":"2022-04-06T12:39:58","modified_gmt":"2022-04-06T10:39:58","slug":"sag-mal-maedelsabend-dieses-lustige-spiel-macht-durch-die-interessanten-und-teils-brisanten-fragen","status":"publish","type":"product","link":"https:\/\/www.blogseite.com\/geschenke\/s\/sag-mal-maedelsabend-dieses-lustige-spiel-macht-durch-die-interessanten-und-teils-brisanten-fragen\/","title":{"rendered":"Sag mal.. M\u00e4delsabend &#8211; Dieses lustige Spiel Macht durch die interessanten und teils brisanten Fragen"},"content":{"rendered":"<p><span class=\"a-list-item\"><strong>WAS DU BRAUCHST<\/strong>: <\/span><\/p>\n<p><span class=\"a-list-item\">Auf der Suche nach einer lustigen und originellen M\u00f6glichkeit euren n\u00e4chsten M\u00e4delsabend aufzupeppen und deine Freundinnen besser kennen zu lernen? M\u00f6chtest du ein lustiges Weihnachtsgeschenk f\u00fcr diese eine besonderen Freundin oder Mitarbeiterin? &#8220;Sag mal&#8221; ist die perfekte L\u00f6sung!<\/span><\/p>\n<p><span class=\"a-list-item\"><strong>PERFEKT F\u00dcR ALLE ANL\u00c4SSE<\/strong>: <\/span><\/p>\n<p><span class=\"a-list-item\">Ob es sich um einen Weiberabend, einen M\u00e4delstrip, eine Party, einen JGA oder einfach nur um einen sch\u00f6nen Abend unter Freundinnen handelt, &#8220;Sag mal&#8221; ist die richtige Wahl!<\/span><\/p>\n<p><span class=\"a-list-item\"><strong>FRAGEKARTENSPIEL<\/strong>:<\/span><\/p>\n<p><span class=\"a-list-item\"> Genie\u00dft unz\u00e4hlige Stunden Spa\u00df mit diesem aufschlu\u00dfreichen und interessanten Fragespiel nur f\u00fcr Frauen, mit dem sich eure G\u00e4ste auf kreative Weise besser kennen lernen k\u00f6nnen! Die mehr als 100 Fragen werden lustige und tiefgr\u00fcndige Gespr\u00e4che anregen und allen eine sch\u00f6ne Zeit bereiten!<\/span><\/p>\n<p><span class=\"a-list-item\"><strong>F\u00dcR GRUPPEN<\/strong>: <\/span><\/p>\n<p><span class=\"a-list-item\">Bestelle dieses erstaunliche Spiel f\u00fcr dich selbst oder als Geschenk f\u00fcr eine Freundin oder Kollegin, und du kannst sicher sein, dass du ihnen eine Freude machst! Das Spiel ist extrem vielseitig und kann in einer Gruppe oder zu zweit gespielt werden!<\/span><\/p>\n<p><span class=\"a-list-item\"><strong>EINFACHE REGELN<\/strong>: <\/span><\/p>\n<p><span class=\"a-list-item\">Vergiss die komplizierten, schwer verst\u00e4ndlichen sozialen Spiele, die deine ungeteilte Aufmerksamkeit erfordern und am Ende jeden frustrieren! Dieses Spiel hat einfache, klare Regeln, die von allen Spielern leicht zu verstehen sind! Es ist wie Wahrheit oder Pflicht, nur ohne Pflicht! \ud83d\ude09 Durch das handliche Format, kann es auch als Reisespiel verwendet werden!<\/span><\/p>\n","protected":false},"excerpt":{"rendered":"<p>WAS DU BRAUCHST: Auf der Suche nach einer lustigen und originellen M\u00f6glichkeit euren n\u00e4chsten M\u00e4delsabend aufzupeppen und deine Freundinnen besser kennen zu lernen? M\u00f6chtest du ein lustiges Weihnachtsgeschenk f\u00fcr diese eine besonderen Freundin oder Mitarbeiterin? &#8220;Sag mal&#8221; ist die perfekte L\u00f6sung! PERFEKT F\u00dcR ALLE ANL\u00c4SSE: Ob es sich um einen Weiberabend, einen M\u00e4delstrip, eine Party, [&hellip;]<\/p>\n","protected":false},"featured_media":148,"comment_status":"open","ping_status":"closed","template":"","meta":[],"product_cat":[45,426,430,431],"product_tag":[466,50,49,51],"class_list":{"0":"post-147","1":"product","2":"type-product","3":"status-publish","4":"has-post-thumbnail","6":"product_cat-freundin","7":"product_cat-nach-preis","8":"product_cat-unter-20-euro","9":"product_cat-unter-50-euro","10":"product_tag-brettspiel","11":"product_tag-freund-geschenk","12":"product_tag-freundin-spiel","13":"product_tag-maedelsabend-spiel","15":"first","16":"instock","17":"shipping-taxable","18":"product-type-external"},"_links":{"self":[{"href":"https:\/\/www.blogseite.com\/geschenke\/wp-json\/wp\/v2\/product\/147"}],"collection":[{"href":"https:\/\/www.blogseite.com\/geschenke\/wp-json\/wp\/v2\/product"}],"about":[{"href":"https:\/\/www.blogseite.com\/geschenke\/wp-json\/wp\/v2\/types\/product"}],"replies":[{"embeddable":true,"href":"https:\/\/www.blogseite.com\/geschenke\/wp-json\/wp\/v2\/comments?post=147"}],"wp:featuredmedia":[{"embeddable":true,"href":"https:\/\/www.blogseite.com\/geschenke\/wp-json\/wp\/v2\/media\/148"}],"wp:attachment":[{"href":"https:\/\/www.blogseite.com\/geschenke\/wp-json\/wp\/v2\/media?parent=147"}],"wp:term":[{"taxonomy":"product_cat","embeddable":true,"href":"https:\/\/www.blogseite.com\/geschenke\/wp-json\/wp\/v2\/product_cat?post=147"},{"taxonomy":"product_tag","embeddable":true,"href":"https:\/\/www.blogseite.com\/geschenke\/wp-json\/wp\/v2\/product_tag?post=147"}],"curies":[{"name":"wp","href":"https:\/\/api.w.org\/{rel}","templated":true}]}}