{"id":1460,"date":"2021-01-10T16:09:08","date_gmt":"2021-01-10T15:09:08","guid":{"rendered":"https:\/\/geschenke.blogseite.com\/?post_type=product&#038;p=1460"},"modified":"2022-04-05T19:23:21","modified_gmt":"2022-04-05T17:23:21","slug":"buntes-besteck-24-teilig-besteck-set-%f0%9f%98%81%f0%9f%98%81%f0%9f%98%81","status":"publish","type":"product","link":"https:\/\/www.blogseite.com\/geschenke\/s\/buntes-besteck-24-teilig-besteck-set-%f0%9f%98%81%f0%9f%98%81%f0%9f%98%81\/","title":{"rendered":"Buntes Besteck 24-teilig Besteck Set \ud83d\ude01\ud83d\ude01\ud83d\ude01"},"content":{"rendered":"<ul class=\"a-unordered-list a-vertical a-spacing-mini\">\n<li><span class=\"a-list-item\"> Hergestellt aus lebensmittelechtem hochwertigem Edelstahl, langlebig und langlebig, gesund und umweltfreundlich, ein gro\u00dfartiges Herstellungsverfahren bringt Ihnen die gro\u00dfartige Benutzererfahrung, bleibt f\u00fcr eine lange Zeit leicht neu <\/span><\/li>\n<li><span class=\"a-list-item\"> Der S\u00e4gezahn am Rand ist scharf, die K\u00f6rperkurve ist ergonomisch gestaltet, um sicher zu stellen, dass Sie leicht auf jede Art von Fleisch schneiden k\u00f6nnen. Der L\u00f6ffel hat eine fein polierte Kante, damit er sich im Mund nicht scharf und rau anf\u00fchlt. Gabel ist auch sorgf\u00e4ltig an allen Kanten poliert, Design, um Lebensmittel leicht und m\u00fchelos zu durchdringen <\/span><\/li>\n<li><span class=\"a-list-item\"> Jedes einzelne Besteck wird f\u00fcr mehrere Male fein poliert, um schlie\u00dflich das perfekte Spiegelglanz-Ergebnis zu erreichen, das mit der auff\u00e4lligen regenbogenartigen Kombination aus Gold, Gelb, Rosa, Blau und Lila \u00fcberzogen ist und dieses tolle Aussehen hervorhebt <\/span><\/li>\n<li><span class=\"a-list-item\"> Das HOBO 24-teilige Besteckset ist mit einer sch\u00f6nen schwarzen Box verpackt, es verleiht Ihm ein luxuri\u00f6ses Gef\u00fchl und gew\u00e4hrt die beste Zufriedenheit bei der Selbstnutzung und ist auch eine perfekte Geschenkwahl f\u00fcr Freunde und Familie, es eignet sich auch f\u00fcr den Einsatz im Restaurant , Hotel, Alltagshaushalt oder jede andere Gelegenheit <\/span><\/li>\n<li><span class=\"a-list-item\"> Das HOBO 24-teilige Besteck-Set beinhaltet 6 Steakmesser, 6 Gabeln, 6 Essl\u00f6ffel und 6 Teel\u00f6ffel. Um das Aussehen neu und gl\u00e4nzend zu erhalten, sollen Sie das Set weder in der Sp\u00fclmaschine reintun, noch waschen Sie es einem Schleifpinsel. Sie sollen es mit der Hand waschen und es mit einem Handtuch abtrocknen <\/span><\/li>\n<\/ul>\n","protected":false},"excerpt":{"rendered":"<p>Hergestellt aus lebensmittelechtem hochwertigem Edelstahl, langlebig und langlebig, gesund und umweltfreundlich, ein gro\u00dfartiges Herstellungsverfahren bringt Ihnen die gro\u00dfartige Benutzererfahrung, bleibt f\u00fcr eine lange Zeit leicht neu Der S\u00e4gezahn am Rand ist scharf, die K\u00f6rperkurve ist ergonomisch gestaltet, um sicher zu stellen, dass Sie leicht auf jede Art von Fleisch schneiden k\u00f6nnen. Der L\u00f6ffel hat eine [&hellip;]<\/p>\n","protected":false},"featured_media":1462,"comment_status":"open","ping_status":"closed","template":"","meta":[],"product_cat":[78,103,74,110,116,45,108,73,280,426,432,433,431,301,70,299,294,296,298],"product_tag":[567,208],"class_list":{"0":"post-1460","1":"product","2":"type-product","3":"status-publish","4":"has-post-thumbnail","6":"product_cat-weihnachtsgeschenke","7":"product_cat-studenten","8":"product_cat-bester-freund","9":"product_cat-freund","10":"product_cat-frauen","11":"product_cat-freundin","12":"product_cat-maenner","13":"product_cat-beste-freundin","14":"product_cat-geburtstagsgeschenke","15":"product_cat-nach-preis","16":"product_cat-ueber-35-euro","17":"product_cat-ueber-40-euro","18":"product_cat-unter-50-euro","19":"product_cat-eltern","20":"product_cat-geschenke-fuer-jeden-anlass","21":"product_cat--chef","22":"product_cat--schwester","23":"product_cat--schwiegermutter","24":"product_cat--ehefrau","25":"product_tag-besteckset","26":"product_tag-geschenk-fuer-jeden-anlass","28":"first","29":"instock","30":"shipping-taxable","31":"product-type-external"},"_links":{"self":[{"href":"https:\/\/www.blogseite.com\/geschenke\/wp-json\/wp\/v2\/product\/1460"}],"collection":[{"href":"https:\/\/www.blogseite.com\/geschenke\/wp-json\/wp\/v2\/product"}],"about":[{"href":"https:\/\/www.blogseite.com\/geschenke\/wp-json\/wp\/v2\/types\/product"}],"replies":[{"embeddable":true,"href":"https:\/\/www.blogseite.com\/geschenke\/wp-json\/wp\/v2\/comments?post=1460"}],"wp:featuredmedia":[{"embeddable":true,"href":"https:\/\/www.blogseite.com\/geschenke\/wp-json\/wp\/v2\/media\/1462"}],"wp:attachment":[{"href":"https:\/\/www.blogseite.com\/geschenke\/wp-json\/wp\/v2\/media?parent=1460"}],"wp:term":[{"taxonomy":"product_cat","embeddable":true,"href":"https:\/\/www.blogseite.com\/geschenke\/wp-json\/wp\/v2\/product_cat?post=1460"},{"taxonomy":"product_tag","embeddable":true,"href":"https:\/\/www.blogseite.com\/geschenke\/wp-json\/wp\/v2\/product_tag?post=1460"}],"curies":[{"name":"wp","href":"https:\/\/api.w.org\/{rel}","templated":true}]}}