{"id":144,"date":"2020-11-13T15:01:13","date_gmt":"2020-11-13T14:01:13","guid":{"rendered":"https:\/\/geschenke.blogseite.com\/?post_type=product&#038;p=144"},"modified":"2022-04-06T12:40:24","modified_gmt":"2022-04-06T10:40:24","slug":"leonardo-xl-weinglas-mit-gravur","status":"publish","type":"product","link":"https:\/\/www.blogseite.com\/geschenke\/s\/leonardo-xl-weinglas-mit-gravur\/","title":{"rendered":"Leonardo XL Weinglas mit Gravur &#8211; Schlechter Tag, Guter Tag, Frag nicht!"},"content":{"rendered":"<ul class=\"a-unordered-list a-vertical a-spacing-mini\">\n<li><span class=\"a-list-item\">100% LEONARDO &#8211; Qualit\u00e4tsglas trifft hochwertige Lasergravur<\/span><\/li>\n<li><span class=\"a-list-item\">MODERNE LASERGRAVUR &#8211; Das gravierte Weinglas Schlechter Tag, Guter Tag, Frag nicht! als Geschenk<\/span><\/li>\n<li><span class=\"a-list-item\">GESCHENK WEINGLAS &#8211; Unser Weingl\u00e4ser mit Gravur sind das perfekte Geschenk<\/span><\/li>\n<li><span class=\"a-list-item\">ABMESSUNG &#8211; Die Ma\u00dfe des entsprechen mit (B) 85 x (H) 226 x (L) 85 mm dem Standard. Die F\u00fcllmenge eines Weinglases betr\u00e4gt 460 ml.<\/span><\/li>\n<li><span class=\"a-list-item\">SERVICEORIENTIERT \u2013 Wir garantieren eine saubere und professionelle Abwicklung<\/span><\/li>\n<\/ul>\n","protected":false},"excerpt":{"rendered":"<p>100% LEONARDO &#8211; Qualit\u00e4tsglas trifft hochwertige Lasergravur MODERNE LASERGRAVUR &#8211; Das gravierte Weinglas Schlechter Tag, Guter Tag, Frag nicht! als Geschenk GESCHENK WEINGLAS &#8211; Unser Weingl\u00e4ser mit Gravur sind das perfekte Geschenk ABMESSUNG &#8211; Die Ma\u00dfe des entsprechen mit (B) 85 x (H) 226 x (L) 85 mm dem Standard. Die F\u00fcllmenge eines Weinglases betr\u00e4gt [&hellip;]<\/p>\n","protected":false},"featured_media":4645,"comment_status":"open","ping_status":"closed","template":"","meta":[],"product_cat":[45,426,429,430,431],"product_tag":[48,47,467],"class_list":{"0":"post-144","1":"product","2":"type-product","3":"status-publish","4":"has-post-thumbnail","6":"product_cat-freundin","7":"product_cat-nach-preis","8":"product_cat-unter-15-euro","9":"product_cat-unter-20-euro","10":"product_cat-unter-50-euro","11":"product_tag-beste-freundin-geschenk","12":"product_tag-freundin-geschenk","13":"product_tag-weinglaeser","15":"first","16":"instock","17":"shipping-taxable","18":"product-type-external"},"_links":{"self":[{"href":"https:\/\/www.blogseite.com\/geschenke\/wp-json\/wp\/v2\/product\/144"}],"collection":[{"href":"https:\/\/www.blogseite.com\/geschenke\/wp-json\/wp\/v2\/product"}],"about":[{"href":"https:\/\/www.blogseite.com\/geschenke\/wp-json\/wp\/v2\/types\/product"}],"replies":[{"embeddable":true,"href":"https:\/\/www.blogseite.com\/geschenke\/wp-json\/wp\/v2\/comments?post=144"}],"wp:featuredmedia":[{"embeddable":true,"href":"https:\/\/www.blogseite.com\/geschenke\/wp-json\/wp\/v2\/media\/4645"}],"wp:attachment":[{"href":"https:\/\/www.blogseite.com\/geschenke\/wp-json\/wp\/v2\/media?parent=144"}],"wp:term":[{"taxonomy":"product_cat","embeddable":true,"href":"https:\/\/www.blogseite.com\/geschenke\/wp-json\/wp\/v2\/product_cat?post=144"},{"taxonomy":"product_tag","embeddable":true,"href":"https:\/\/www.blogseite.com\/geschenke\/wp-json\/wp\/v2\/product_tag?post=144"}],"curies":[{"name":"wp","href":"https:\/\/api.w.org\/{rel}","templated":true}]}}