{"id":1427,"date":"2021-01-10T12:16:48","date_gmt":"2021-01-10T11:16:48","guid":{"rendered":"https:\/\/geschenke.blogseite.com\/?post_type=product&#038;p=1427"},"modified":"2022-04-05T19:39:07","modified_gmt":"2022-04-05T17:39:07","slug":"koblauch-zerkleinerer-perfektes-geschenk","status":"publish","type":"product","link":"https:\/\/www.blogseite.com\/geschenke\/s\/koblauch-zerkleinerer-perfektes-geschenk\/","title":{"rendered":"Zahnpastaspender und Zahnb\u00fcrstenhalterung Set"},"content":{"rendered":"<ul class=\"a-unordered-list a-vertical a-spacing-mini\">\n<li><span class=\"a-list-item\"> \u3010Komplettes Design\u3011 &#8211; Unser Zahnb\u00fcrstenhalter umfasst 5 Zahnb\u00fcrstenschlitze, 4 Becher, 2 Zahnpastaspender und Schlitze zum Befestigen von K\u00e4mmen, Rasierern usw. Die Becher sind f\u00fcr die ganze Familie geeignet. <\/span><\/li>\n<li><span class=\"a-list-item\"> \u3010Hochwertige Materialien\u3011 &#8211; Unser Zahnb\u00fcrstenset besteht aus umweltfreundlichem ABS + PP + PS-Kunststoff, sicher und ungef\u00e4hrlich, f\u00fcr Kinder geeignet. <\/span><\/li>\n<li><span class=\"a-list-item\"> \u3010Anst\u00e4ndiges Design\u3011 &#8211; Unser Becherhalter auf einer Seite mit Becher zum Halten kleiner Gegenst\u00e4nde. Eine andere Seite mit hohlem Boden zum Halten des Haartrockners. Kommt mit einem Haken zum Aufh\u00e4ngen eines F\u00f6nkabels. <\/span><\/li>\n<li><span class=\"a-list-item\"> \u3010Einfach zu installieren\u3011 &#8211; Unser Becherhalter wird mit selbstklebendem Papier geliefert. Wischen Sie einfach die Wand ab und kleben Sie den Aufkleber, setzen Sie den Becherhalter hoch, leicht zu demontieren und zu reinigen. <\/span><\/li>\n<li><span class=\"a-list-item\"> \u3010HOT SUPPORT \u3011 &#8211; Volle 12 Monate Garantie ohne Vorwarnung mit 24-Stunden-Hotline-Kundendienst, kaufen und genie\u00dfen Sie dieses \u00fcberlegene Produkt mit Sicherheit und Risiko! <\/span><\/li>\n<\/ul>\n","protected":false},"excerpt":{"rendered":"<p>\u3010Komplettes Design\u3011 &#8211; Unser Zahnb\u00fcrstenhalter umfasst 5 Zahnb\u00fcrstenschlitze, 4 Becher, 2 Zahnpastaspender und Schlitze zum Befestigen von K\u00e4mmen, Rasierern usw. Die Becher sind f\u00fcr die ganze Familie geeignet. \u3010Hochwertige Materialien\u3011 &#8211; Unser Zahnb\u00fcrstenset besteht aus umweltfreundlichem ABS + PP + PS-Kunststoff, sicher und ungef\u00e4hrlich, f\u00fcr Kinder geeignet. \u3010Anst\u00e4ndiges Design\u3011 &#8211; Unser Becherhalter auf einer Seite [&hellip;]<\/p>\n","protected":false},"featured_media":1432,"comment_status":"open","ping_status":"closed","template":"","meta":[],"product_cat":[78,103,74,58,63,57,73,280,426,430,431,301,300,70,294,296,298],"product_tag":[82,575],"class_list":{"0":"post-1427","1":"product","2":"type-product","3":"status-publish","4":"has-post-thumbnail","6":"product_cat-weihnachtsgeschenke","7":"product_cat-studenten","8":"product_cat-bester-freund","9":"product_cat-opa","10":"product_cat-mutter","11":"product_cat-oma","12":"product_cat-beste-freundin","13":"product_cat-geburtstagsgeschenke","14":"product_cat-nach-preis","15":"product_cat-unter-20-euro","16":"product_cat-unter-50-euro","17":"product_cat-eltern","18":"product_cat--kollege","19":"product_cat-geschenke-fuer-jeden-anlass","20":"product_cat--schwester","21":"product_cat--schwiegermutter","22":"product_cat--ehefrau","23":"product_tag-geburtstagsgeschenk","24":"product_tag-zahnpastaspender","26":"first","27":"instock","28":"shipping-taxable","29":"product-type-external"},"_links":{"self":[{"href":"https:\/\/www.blogseite.com\/geschenke\/wp-json\/wp\/v2\/product\/1427"}],"collection":[{"href":"https:\/\/www.blogseite.com\/geschenke\/wp-json\/wp\/v2\/product"}],"about":[{"href":"https:\/\/www.blogseite.com\/geschenke\/wp-json\/wp\/v2\/types\/product"}],"replies":[{"embeddable":true,"href":"https:\/\/www.blogseite.com\/geschenke\/wp-json\/wp\/v2\/comments?post=1427"}],"wp:featuredmedia":[{"embeddable":true,"href":"https:\/\/www.blogseite.com\/geschenke\/wp-json\/wp\/v2\/media\/1432"}],"wp:attachment":[{"href":"https:\/\/www.blogseite.com\/geschenke\/wp-json\/wp\/v2\/media?parent=1427"}],"wp:term":[{"taxonomy":"product_cat","embeddable":true,"href":"https:\/\/www.blogseite.com\/geschenke\/wp-json\/wp\/v2\/product_cat?post=1427"},{"taxonomy":"product_tag","embeddable":true,"href":"https:\/\/www.blogseite.com\/geschenke\/wp-json\/wp\/v2\/product_tag?post=1427"}],"curies":[{"name":"wp","href":"https:\/\/api.w.org\/{rel}","templated":true}]}}