{"id":1423,"date":"2021-01-10T12:02:13","date_gmt":"2021-01-10T11:02:13","guid":{"rendered":"https:\/\/geschenke.blogseite.com\/?post_type=product&#038;p=1423"},"modified":"2022-04-05T19:39:59","modified_gmt":"2022-04-05T17:39:59","slug":"kuechenwaage-digitalwaage-1g-bis-10kg-touch-control","status":"publish","type":"product","link":"https:\/\/www.blogseite.com\/geschenke\/s\/kuechenwaage-digitalwaage-1g-bis-10kg-touch-control\/","title":{"rendered":"K\u00fcchenwaage Digitalwaage 1g bis 10kg Touch Control"},"content":{"rendered":"<ul class=\"a-unordered-list a-vertical a-spacing-mini\">\n<li><span class=\"a-list-item\"> \ud83c\udf53\u3010Pr\u00e4zise Messung\u3011 K\u00fcchenwaage Digital Ausgestattet mit 4 hochpr\u00e4zisen Sensoren, mit hoher Pr\u00e4zision wird diese K\u00fcchenwaage eine Genauigkeit von 1 Gramm und kann maximal 10 kg gewogen. Es ist perfekt zum Messen verschiedener Zutaten, Reis, Mehl, Fl\u00fcssigkeit, Milch, Schmuck, Briefe, Briefmarken usw. <\/span><\/li>\n<li><span class=\"a-list-item\"> \ud83c\udf53\u30107 Umrechnungseinheiten \u3011 Digitalwaage Mit einer 225mm x 165mm breiten W\u00e4gefl\u00e4che und die Messergebnisse werden jederzeit angezeigt. Die 7 wichtigsten Umrechnungseinheiten g\/oz\/lb\/tl\/kg\/Wasser ml\/Milch ml f\u00fcr die Ein-Schl\u00fcssel-Umrechnung sind vorhanden. <\/span><\/li>\n<li><span class=\"a-list-item\"> \ud83c\udf53\u3010Tara-Zuwiegefunktion\u3011 Touch Control Digitale K\u00fcchenwaage Mit der Tara-Zuwiegefunktion wird die Anzeige zur\u00fcck auf null gesetzt, sodass sich beliebig viele Zutaten dazu wiegen lassen, Erm\u00f6glicht das Wiegen von meheren Zutaten im gleichen Beh\u00e4lter, ohne diesen dazwischen leeren zu m\u00fcssen. <\/span><\/li>\n<li><span class=\"a-list-item\"> \ud83c\udf53\u3010LCD-Anzeige &amp; Touch-Design \u3011 Die K\u00fcchenwaage Digital ist digital und sorgt dank beleuchteter LCD-Anzeige f\u00fcr eine sehr gute Lesbarkeit der Ziffern. Durch das neueste Touch-Design werden alle Bedienvorg\u00e4nge mit einem Klick ausgef\u00fchrt. <\/span><\/li>\n<li><span class=\"a-list-item\"> \ud83c\udf53\u3010Energieeinsparung\u3011 2 * AAA Batteries verl\u00e4ngert Standby-Zeit. 180 s automatische abschaltfunktion helfen energie zu sparen, Oder dr\u00fccken und halten Sie f\u00fcr 5 Sekunden um herunterzufahren. <\/span><\/li>\n<\/ul>\n","protected":false},"excerpt":{"rendered":"<p>\ud83c\udf53\u3010Pr\u00e4zise Messung\u3011 K\u00fcchenwaage Digital Ausgestattet mit 4 hochpr\u00e4zisen Sensoren, mit hoher Pr\u00e4zision wird diese K\u00fcchenwaage eine Genauigkeit von 1 Gramm und kann maximal 10 kg gewogen. Es ist perfekt zum Messen verschiedener Zutaten, Reis, Mehl, Fl\u00fcssigkeit, Milch, Schmuck, Briefe, Briefmarken usw. \ud83c\udf53\u30107 Umrechnungseinheiten \u3011 Digitalwaage Mit einer 225mm x 165mm breiten W\u00e4gefl\u00e4che und die Messergebnisse [&hellip;]<\/p>\n","protected":false},"featured_media":1424,"comment_status":"open","ping_status":"closed","template":"","meta":[],"product_cat":[116,63,53,45,73,280,426,428,429,430,431,301,70,294,296,298],"product_tag":[82,577],"class_list":{"0":"post-1423","1":"product","2":"type-product","3":"status-publish","4":"has-post-thumbnail","6":"product_cat-frauen","7":"product_cat-mutter","8":"product_cat-muttertag","9":"product_cat-freundin","10":"product_cat-beste-freundin","11":"product_cat-geburtstagsgeschenke","12":"product_cat-nach-preis","13":"product_cat-unter-10-euro","14":"product_cat-unter-15-euro","15":"product_cat-unter-20-euro","16":"product_cat-unter-50-euro","17":"product_cat-eltern","18":"product_cat-geschenke-fuer-jeden-anlass","19":"product_cat--schwester","20":"product_cat--schwiegermutter","21":"product_cat--ehefrau","22":"product_tag-geburtstagsgeschenk","23":"product_tag-kchenwaage","25":"first","26":"instock","27":"shipping-taxable","28":"product-type-external"},"_links":{"self":[{"href":"https:\/\/www.blogseite.com\/geschenke\/wp-json\/wp\/v2\/product\/1423"}],"collection":[{"href":"https:\/\/www.blogseite.com\/geschenke\/wp-json\/wp\/v2\/product"}],"about":[{"href":"https:\/\/www.blogseite.com\/geschenke\/wp-json\/wp\/v2\/types\/product"}],"replies":[{"embeddable":true,"href":"https:\/\/www.blogseite.com\/geschenke\/wp-json\/wp\/v2\/comments?post=1423"}],"wp:featuredmedia":[{"embeddable":true,"href":"https:\/\/www.blogseite.com\/geschenke\/wp-json\/wp\/v2\/media\/1424"}],"wp:attachment":[{"href":"https:\/\/www.blogseite.com\/geschenke\/wp-json\/wp\/v2\/media?parent=1423"}],"wp:term":[{"taxonomy":"product_cat","embeddable":true,"href":"https:\/\/www.blogseite.com\/geschenke\/wp-json\/wp\/v2\/product_cat?post=1423"},{"taxonomy":"product_tag","embeddable":true,"href":"https:\/\/www.blogseite.com\/geschenke\/wp-json\/wp\/v2\/product_tag?post=1423"}],"curies":[{"name":"wp","href":"https:\/\/api.w.org\/{rel}","templated":true}]}}