{"id":1414,"date":"2021-01-09T09:03:24","date_gmt":"2021-01-09T08:03:24","guid":{"rendered":"https:\/\/geschenke.blogseite.com\/?post_type=product&#038;p=1414"},"modified":"2022-04-05T19:42:04","modified_gmt":"2022-04-05T17:42:04","slug":"elektrische-auto-luftpumpe-geschenk-freund%f0%9f%98%84","status":"publish","type":"product","link":"https:\/\/www.blogseite.com\/geschenke\/s\/elektrische-auto-luftpumpe-geschenk-freund%f0%9f%98%84\/","title":{"rendered":"Elektrische Auto Luftpumpe: Geschenk Freund!\ud83d\ude04"},"content":{"rendered":"<ul class=\"a-unordered-list a-vertical a-spacing-mini\">\n<li><span class=\"a-list-item\"> \u3010Zwei Verwendungsmodi\u3011drahtlose Verwendung mit eingebautem Akku oder Verwendung mit einem Zigarettenanz\u00fcnder im Auto Dank des eingebauten 2000-mAh-Hochleistungsakkus k\u00f6nnen Sie mit der Luftpumpe die Luftpumpe zum Aufpumpen von Reifen und B\u00e4llen verwenden, die tragbar und drahtlos sind. Sie k\u00f6nnen auch den 12-V-Zigarettenanz\u00fcnder des Fahrzeugs verwenden, um eine Verbindung zur Luftpumpe f\u00fcr die kabelgebundene Verwendung herzustellen <\/span><\/li>\n<li><span class=\"a-list-item\"> \u3010Leistungsstarke Leistung und schnelle Aufblasgeschwindigkeit\u3011 Der Autokompressor ist mit einer wiederaufladbaren 2000-mAh-Batterie ausgestattet, der maximale Druck betr\u00e4gt 120 PSI und die Aufblasgeschwindigkeit betr\u00e4gt 25-30 l \/ min, wodurch 195 \/ 65R15-R\u00e4der in 3 Minuten schnell aufgepumpt werden k\u00f6nnen. Es bietet auch eine \u00dcberkompression von \u00b1 1 PSI,um ein bis zwei Sekunden Luftverlust beim Abschrauben auszugleichen.Ausgestattet mit einer LED-Lampe k\u00f6nnen Sie im Dunkeln ohne Sorgen aufpumpen <\/span><\/li>\n<li><span class=\"a-list-item\"> \u30105 Modi und 4 Berechnungseinheiten\u3011 Pumteck-Autopumpen k\u00f6nnen nicht nur Autoreifen aufpumpen, sondern auch das Aufpumpen von Motorr\u00e4dern, Fahrr\u00e4dern, B\u00e4llen und aufblasbaren Spielzeugen sowie einen benutzerdefinierten Modus unterst\u00fctzen. Die vier Berechnungseinheiten sind PSI, BAR, KPA, kg \/ cm2. Unterst\u00fctzt das Umschalten beim Aufpumpen verschiedener Produkte, wodurch das Aufblasen genauer und bequemer wird <\/span><\/li>\n<li><span class=\"a-list-item\"> \u3010Enth\u00e4lt viel Zubeh\u00f6r\u30111 x Smart Air Pump ,1 x flexibler Schlauch (US-Standardstecker),1 x franz\u00f6sischer Standardadapter,1 x Kugelnadel,1 x D\u00fcse f\u00fcr Schwimmring,1 x Micro-USB-Kabel,1 x DC Auto Zigarettenanz\u00fcnder Adapter,1 x Bedienungsanleitung,1 xVerpackungsbox <\/span><\/li>\n<li><span class=\"a-list-item\"> \u3010Voreinstellung und automatische Stoppfunktion\u3011Stellen Sie den von den Reifen an der Fahrzeugpumpe ben\u00f6tigten Druck ein. Wenn der Luftkompressor den Druckwert erreicht, funktioniert er nicht mehr. Wenn andererseits die \u00dcberlasttemperatur 100 \u00b0 C \u00fcberschreitet, schaltet sich der tragbare Luftkompressor automatisch aus. <\/span><\/li>\n<\/ul>\n","protected":false},"excerpt":{"rendered":"<p>\u3010Zwei Verwendungsmodi\u3011drahtlose Verwendung mit eingebautem Akku oder Verwendung mit einem Zigarettenanz\u00fcnder im Auto Dank des eingebauten 2000-mAh-Hochleistungsakkus k\u00f6nnen Sie mit der Luftpumpe die Luftpumpe zum Aufpumpen von Reifen und B\u00e4llen verwenden, die tragbar und drahtlos sind. Sie k\u00f6nnen auch den 12-V-Zigarettenanz\u00fcnder des Fahrzeugs verwenden, um eine Verbindung zur Luftpumpe f\u00fcr die kabelgebundene Verwendung herzustellen \u3010Leistungsstarke [&hellip;]<\/p>\n","protected":false},"featured_media":1415,"comment_status":"open","ping_status":"closed","template":"","meta":[],"product_cat":[103,74,110,108,280,426,430,431,293,301,292,300,302,70,295,294,291,64],"product_tag":[82,79,177,579],"class_list":{"0":"post-1414","1":"product","2":"type-product","3":"status-publish","4":"has-post-thumbnail","6":"product_cat-studenten","7":"product_cat-bester-freund","8":"product_cat-freund","9":"product_cat-maenner","10":"product_cat-geburtstagsgeschenke","11":"product_cat-nach-preis","12":"product_cat-unter-20-euro","13":"product_cat-unter-50-euro","14":"product_cat-geschenk-fuer-bruder","15":"product_cat-eltern","16":"product_cat-sohn","17":"product_cat--kollege","18":"product_cat--jungen","19":"product_cat-geschenke-fuer-jeden-anlass","20":"product_cat--tochter","21":"product_cat--schwester","22":"product_cat-nerds","23":"product_cat-vater","24":"product_tag-geburtstagsgeschenk","25":"product_tag-geschenk-fuer-freund","26":"product_tag-geschenk-fuer-gamer","27":"product_tag-luftpumpe","29":"first","30":"instock","31":"shipping-taxable","32":"product-type-external"},"_links":{"self":[{"href":"https:\/\/www.blogseite.com\/geschenke\/wp-json\/wp\/v2\/product\/1414"}],"collection":[{"href":"https:\/\/www.blogseite.com\/geschenke\/wp-json\/wp\/v2\/product"}],"about":[{"href":"https:\/\/www.blogseite.com\/geschenke\/wp-json\/wp\/v2\/types\/product"}],"replies":[{"embeddable":true,"href":"https:\/\/www.blogseite.com\/geschenke\/wp-json\/wp\/v2\/comments?post=1414"}],"wp:featuredmedia":[{"embeddable":true,"href":"https:\/\/www.blogseite.com\/geschenke\/wp-json\/wp\/v2\/media\/1415"}],"wp:attachment":[{"href":"https:\/\/www.blogseite.com\/geschenke\/wp-json\/wp\/v2\/media?parent=1414"}],"wp:term":[{"taxonomy":"product_cat","embeddable":true,"href":"https:\/\/www.blogseite.com\/geschenke\/wp-json\/wp\/v2\/product_cat?post=1414"},{"taxonomy":"product_tag","embeddable":true,"href":"https:\/\/www.blogseite.com\/geschenke\/wp-json\/wp\/v2\/product_tag?post=1414"}],"curies":[{"name":"wp","href":"https:\/\/api.w.org\/{rel}","templated":true}]}}