{"id":1406,"date":"2021-01-09T08:46:21","date_gmt":"2021-01-09T07:46:21","guid":{"rendered":"https:\/\/geschenke.blogseite.com\/?post_type=product&#038;p=1406"},"modified":"2022-04-05T19:43:30","modified_gmt":"2022-04-05T17:43:30","slug":"mortal-kombat-11-ultimate-limited-edition-playstation-5","status":"publish","type":"product","link":"https:\/\/www.blogseite.com\/geschenke\/s\/mortal-kombat-11-ultimate-limited-edition-playstation-5\/","title":{"rendered":"Mortal Kombat 11 Ultimate Limited Edition (Playstation 5)"},"content":{"rendered":"<ul class=\"a-unordered-list a-vertical a-spacing-mini\">\n<li><span class=\"a-list-item\"> Enth\u00e4lt mit 37 Charakteren das komplette Charakteraufgebot, einschlie\u00dflich den drei Neulingen Rain, Mileena und Rambo <\/span><\/li>\n<li><span class=\"a-list-item\"> \u00dcbernimm in ZWEI von Kritikern gefeierten Story-Kampagnen mit verschiedene Zeitlinien die Kontrolle \u00fcber die Besch\u00fctzer des Erdenreichs <\/span><\/li>\n<li><span class=\"a-list-item\"> Enth\u00e4lt Mortal Kombat 11, Kombat-Pack 1, Mortal Kombat 11: Aftermath und Kombat-Pack 2 <\/span><\/li>\n<li><span class=\"a-list-item\"> Die Limited Edition enth\u00e4lt das Spiel mit einem Steelcase mit Magnet + &#8220;Time Warriors Skin Pack&#8221; DLC <\/span><\/li>\n<\/ul>\n","protected":false},"excerpt":{"rendered":"<p>Enth\u00e4lt mit 37 Charakteren das komplette Charakteraufgebot, einschlie\u00dflich den drei Neulingen Rain, Mileena und Rambo \u00dcbernimm in ZWEI von Kritikern gefeierten Story-Kampagnen mit verschiedene Zeitlinien die Kontrolle \u00fcber die Besch\u00fctzer des Erdenreichs Enth\u00e4lt Mortal Kombat 11, Kombat-Pack 1, Mortal Kombat 11: Aftermath und Kombat-Pack 2 Die Limited Edition enth\u00e4lt das Spiel mit einem Steelcase mit [&hellip;]<\/p>\n","protected":false},"featured_media":1407,"comment_status":"open","ping_status":"closed","template":"","meta":[],"product_cat":[103,74,110,108,280,426,432,433,293,292,300,302,295,294,291],"product_tag":[359,82,79,177,580,379],"class_list":{"0":"post-1406","1":"product","2":"type-product","3":"status-publish","4":"has-post-thumbnail","6":"product_cat-studenten","7":"product_cat-bester-freund","8":"product_cat-freund","9":"product_cat-maenner","10":"product_cat-geburtstagsgeschenke","11":"product_cat-nach-preis","12":"product_cat-ueber-35-euro","13":"product_cat-ueber-40-euro","14":"product_cat-geschenk-fuer-bruder","15":"product_cat-sohn","16":"product_cat--kollege","17":"product_cat--jungen","18":"product_cat--tochter","19":"product_cat--schwester","20":"product_cat-nerds","21":"product_tag-demons-souls","22":"product_tag-geburtstagsgeschenk","23":"product_tag-geschenk-fuer-freund","24":"product_tag-geschenk-fuer-gamer","25":"product_tag-ps5","26":"product_tag-ps5-spiel","28":"first","29":"instock","30":"shipping-taxable","31":"product-type-external"},"_links":{"self":[{"href":"https:\/\/www.blogseite.com\/geschenke\/wp-json\/wp\/v2\/product\/1406"}],"collection":[{"href":"https:\/\/www.blogseite.com\/geschenke\/wp-json\/wp\/v2\/product"}],"about":[{"href":"https:\/\/www.blogseite.com\/geschenke\/wp-json\/wp\/v2\/types\/product"}],"replies":[{"embeddable":true,"href":"https:\/\/www.blogseite.com\/geschenke\/wp-json\/wp\/v2\/comments?post=1406"}],"wp:featuredmedia":[{"embeddable":true,"href":"https:\/\/www.blogseite.com\/geschenke\/wp-json\/wp\/v2\/media\/1407"}],"wp:attachment":[{"href":"https:\/\/www.blogseite.com\/geschenke\/wp-json\/wp\/v2\/media?parent=1406"}],"wp:term":[{"taxonomy":"product_cat","embeddable":true,"href":"https:\/\/www.blogseite.com\/geschenke\/wp-json\/wp\/v2\/product_cat?post=1406"},{"taxonomy":"product_tag","embeddable":true,"href":"https:\/\/www.blogseite.com\/geschenke\/wp-json\/wp\/v2\/product_tag?post=1406"}],"curies":[{"name":"wp","href":"https:\/\/api.w.org\/{rel}","templated":true}]}}