{"id":1391,"date":"2021-01-09T08:11:52","date_gmt":"2021-01-09T07:11:52","guid":{"rendered":"https:\/\/geschenke.blogseite.com\/?post_type=product&#038;p=1391"},"modified":"2022-04-05T19:49:08","modified_gmt":"2022-04-05T17:49:08","slug":"sony-dualsense-wireless-controller-playstation-5-%f0%9f%98%81","status":"publish","type":"product","link":"https:\/\/www.blogseite.com\/geschenke\/s\/sony-dualsense-wireless-controller-playstation-5-%f0%9f%98%81\/","title":{"rendered":"Sony DualSense Wireless-Controller [PlayStation 5] \ud83d\ude01"},"content":{"rendered":"<ul class=\"a-unordered-list a-vertical a-spacing-mini\">\n<li><span class=\"a-list-item\"> Entdecke ein noch intensiveres und fesselndes Gaming-Erlebnis, mit dem die Action in deinen H\u00e4nden zum Leben erwacht. Der DualSense Wireless-Controller bietet immersives haptisches Feedback, dynamische adaptive Trigger und ein integriertes Mikrofon \u2013 und das alles in einem ikonischen, komfortablen Design <\/span><\/li>\n<li><span class=\"a-list-item\"> Haptisches Feedback: Dank der Doppelantriebe, die herk\u00f6mmliche Rumble-Motoren ersetzen, sp\u00fcrst du direkt haptisches Feedback deiner Aktionen im Spiel. In deinen H\u00e4nden simulieren diese dynamischen Vibrationen eine Vielzahl von Empfindungen, von Umgebungen bis hin zum R\u00fccksto\u00df verschiedener Waffen. <\/span><\/li>\n<li><span class=\"a-list-item\"> Adaptive Trigger: Erlebe die verschiedenen Stufen von Kraft und Spannung, wenn du mit deiner Ausr\u00fcstung und Umgebung im Spiel interagierst. Vom Spannen einer zunehmend strafferen Bogensehne bis zum Bet\u00e4tigen der Bremsen eines rasenden Autos f\u00fchlst du dich so physisch mit deinen Aktionen auf dem Bildschirm verbunden <\/span><\/li>\n<li><span class=\"a-list-item\"> Integriertes Mikrofon und Headset-Anschluss: Chatte online mit Freunden, indem du direkt in das integrierte Mikrofon sprichst oder ein Headset an den 3,5-mm Anschluss anschlie\u00dft. Aktiviere und deaktiviere die Spracherfassung ganz einfach und sofort mit einer eigenen Mute-Taste <\/span><\/li>\n<li><span class=\"a-list-item\"> Create Taste: Zeichne deine besonders epischen Gaming-Momente auf und teile sie mit der Create-Taste3. Die Create-Taste basiert auf dem Erfolg der bahnbrechenden SHARE-Taste und bietet Spielern neue M\u00f6glichkeiten, Gaming-Content zu erstellen und ihre Abenteuer live an die ganze Welt zu \u00fcbertragen <\/span><\/li>\n<li><span class=\"a-list-item\"> \u00dcbernimm die Kontrolle mit einem weiterentwickelten zweifarbigen Design, das ein ikonisches, intuitives Layout mit verbesserten Sticks und einer neu gestalteten Leuchtleiste kombiniert <\/span><\/li>\n<li><span class=\"a-list-item\"> Bewegungssensor: Der integrierte Beschleunigungsmesser und das Gyroskop bieten intuitive Bewegungssteuerung bei unterst\u00fctzten Spielen <\/span><\/li>\n<\/ul>\n","protected":false},"excerpt":{"rendered":"<p>Entdecke ein noch intensiveres und fesselndes Gaming-Erlebnis, mit dem die Action in deinen H\u00e4nden zum Leben erwacht. Der DualSense Wireless-Controller bietet immersives haptisches Feedback, dynamische adaptive Trigger und ein integriertes Mikrofon \u2013 und das alles in einem ikonischen, komfortablen Design Haptisches Feedback: Dank der Doppelantriebe, die herk\u00f6mmliche Rumble-Motoren ersetzen, sp\u00fcrst du direkt haptisches Feedback deiner [&hellip;]<\/p>\n","protected":false},"featured_media":1392,"comment_status":"open","ping_status":"closed","template":"","meta":[],"product_cat":[103,74,110,108,280,426,432,433,293,292,300,302,295,294,291],"product_tag":[82,79,177,580],"class_list":{"0":"post-1391","1":"product","2":"type-product","3":"status-publish","4":"has-post-thumbnail","6":"product_cat-studenten","7":"product_cat-bester-freund","8":"product_cat-freund","9":"product_cat-maenner","10":"product_cat-geburtstagsgeschenke","11":"product_cat-nach-preis","12":"product_cat-ueber-35-euro","13":"product_cat-ueber-40-euro","14":"product_cat-geschenk-fuer-bruder","15":"product_cat-sohn","16":"product_cat--kollege","17":"product_cat--jungen","18":"product_cat--tochter","19":"product_cat--schwester","20":"product_cat-nerds","21":"product_tag-geburtstagsgeschenk","22":"product_tag-geschenk-fuer-freund","23":"product_tag-geschenk-fuer-gamer","24":"product_tag-ps5","26":"first","27":"instock","28":"shipping-taxable","29":"product-type-external"},"_links":{"self":[{"href":"https:\/\/www.blogseite.com\/geschenke\/wp-json\/wp\/v2\/product\/1391"}],"collection":[{"href":"https:\/\/www.blogseite.com\/geschenke\/wp-json\/wp\/v2\/product"}],"about":[{"href":"https:\/\/www.blogseite.com\/geschenke\/wp-json\/wp\/v2\/types\/product"}],"replies":[{"embeddable":true,"href":"https:\/\/www.blogseite.com\/geschenke\/wp-json\/wp\/v2\/comments?post=1391"}],"wp:featuredmedia":[{"embeddable":true,"href":"https:\/\/www.blogseite.com\/geschenke\/wp-json\/wp\/v2\/media\/1392"}],"wp:attachment":[{"href":"https:\/\/www.blogseite.com\/geschenke\/wp-json\/wp\/v2\/media?parent=1391"}],"wp:term":[{"taxonomy":"product_cat","embeddable":true,"href":"https:\/\/www.blogseite.com\/geschenke\/wp-json\/wp\/v2\/product_cat?post=1391"},{"taxonomy":"product_tag","embeddable":true,"href":"https:\/\/www.blogseite.com\/geschenke\/wp-json\/wp\/v2\/product_tag?post=1391"}],"curies":[{"name":"wp","href":"https:\/\/api.w.org\/{rel}","templated":true}]}}